{"id":2311,"date":"2022-04-07T19:25:15","date_gmt":"2022-04-07T19:25:15","guid":{"rendered":"https:\/\/fbexpress.com\/carrieres\/"},"modified":"2022-06-14T23:36:40","modified_gmt":"2022-06-14T23:36:40","slug":"carrieres","status":"publish","type":"page","link":"https:\/\/fbexpress.com\/fr\/carrieres\/","title":{"rendered":"Carri\u00e8res"},"content":{"rendered":"\n<div id=\"block_6258464363010\"\n    class=\"hero-style-2 call-to-action wide-section narrow block\">\n    <div class=\"wrapper align-center justify__end\">\n        <div class=\"half-height-background bg-light-blue bottom\"\n            data-animation=\"fadeInUp\"><\/div>\n        <div class=\"box-holder align-flex-end\" data-animation=\"fadeInLeft\">\n            <div class=\"container\">\n                <div class=\"box bg-dark-blue\">\n                    <h1>Faites un effort suppl\u00e9mentaire avec ta carri\u00e8re<\/h1>                                         <p>Travailler chez FB Canada signifie que vous serez entour\u00e9 de coll\u00e8gues qui repoussent constamment les limites, qui ont une longueur d&rsquo;avance et qui respectent les normes \u00e9lev\u00e9es que nous nous imposons. <\/p>                    <div class=\"button-container display-flex\">\n                                            <\/div>\n                <\/div>\n            <\/div>\n        <\/div>\n        <div class=\"image-container full-height\" data-animation=\"fadeInRight\">\n                        <img decoding=\"async\" src=\"https:\/\/fbexpress.com\/wp-content\/uploads\/2022\/06\/General-Contact-1.jpg\" alt=\"\" \/>\n            <img decoding=\"async\" src=\"https:\/\/fbexpress.com\/wp-content\/themes\/mm-fbc\/img\/red-flag.png\" alt=\"\"\n                class=\"flag \">\n                    <\/div>\n    <\/div>\n\n<\/div>\n\n\n<div id=\"block_62589e7f5f912\"\n    class=\"content-columns-with-icons bg-light-blue block\">\n    <div class=\"wrapper wrapper display-flex justify__center\">\n        <div class=\"container-small full-width display-flex justify__center flex-column\" data-animation=\"fadeInUp\">\n                        <div class=\"content display-flex align-left full-width flex-column\">\n                <div class=\"title-description display-flex flex-column align-left\">\n                    <h3 class=\"dark-blue-text\">Les valeurs de notre \u00e9quipe                     <\/h3>\n                                    <\/div>\n            <\/div>\n                        <div class=\"cards\" data-animation=\"fadeInUp\">\n                <div class=\"center-aligned full-height\">\n                    <div class=\"wrapper full-width display-grid lg-column-3\">\n                                                <div class=\"card-single white-text text-left position-relative justify__space-between\"\n                            data-animation=\"fadeInUp\">\n                            <img decoding=\"async\" src=\"https:\/\/fbexpress.com\/wp-content\/uploads\/2022\/05\/culture-icon-red.svg\" alt=\"\"\n                                class=\"object-fit__contain\" \/>\n                            <h6 class=\"dark-blue-text\">Responsabilit\u00e9<\/h6>\n                                                        <p>Nous accomplissons nos t\u00e2ches avec int\u00e9grit\u00e9. Vous aurez l&rsquo;espace n\u00e9cessaire pour faire votre meilleur travail.<\/p>                        <\/div>\n                                                <div class=\"card-single white-text text-left position-relative justify__space-between\"\n                            data-animation=\"fadeInUp\">\n                            <img decoding=\"async\" src=\"https:\/\/fbexpress.com\/wp-content\/uploads\/2022\/05\/competitive-pay-icon-red.svg\" alt=\"\"\n                                class=\"object-fit__contain\" \/>\n                            <h6 class=\"dark-blue-text\">Loyaut\u00e9<\/h6>\n                                                        <p>Nous investissons dans notre travail. Vous ferez partie d&rsquo;une \u00e9quipe pr\u00eate \u00e0 relever de nouveaux d\u00e9fis et \u00e0 innover \u00e0 partir de nouvelles id\u00e9es.<\/p>                        <\/div>\n                                                <div class=\"card-single white-text text-left position-relative justify__space-between\"\n                            data-animation=\"fadeInUp\">\n                            <img decoding=\"async\" src=\"https:\/\/fbexpress.com\/wp-content\/uploads\/2022\/05\/flexible-hours-icon-red.svg\" alt=\"\"\n                                class=\"object-fit__contain\" \/>\n                            <h6 class=\"dark-blue-text\">Rythme rapide<\/h6>\n                                                        <p>Notre secteur est en constante mutation et \u00e9volution, vous aurez l&rsquo;occasion d&rsquo;\u00eatre concentr\u00e9 sur l&rsquo;avenir.<\/p>                        <\/div>\n                                                <div class=\"card-single white-text text-left position-relative justify__space-between\"\n                            data-animation=\"fadeInUp\">\n                            <img decoding=\"async\" src=\"https:\/\/fbexpress.com\/wp-content\/uploads\/2022\/05\/multiple-locations-icon-red.svg\" alt=\"\"\n                                class=\"object-fit__contain\" \/>\n                            <h6 class=\"dark-blue-text\">Curiosit\u00e9<\/h6>\n                                                        <p>Nous sommes une \u00e9quipe de personnes engag\u00e9es et collaboratives. Vous aurez de la place pour vos questions. <\/p>                        <\/div>\n                                                <div class=\"card-single white-text text-left position-relative justify__space-between\"\n                            data-animation=\"fadeInUp\">\n                            <img decoding=\"async\" src=\"https:\/\/fbexpress.com\/wp-content\/uploads\/2022\/05\/b2b-wholesale-rates-icon-red.svg\" alt=\"\"\n                                class=\"object-fit__contain\" \/>\n                            <h6 class=\"dark-blue-text\">Respecter<\/h6>\n                                                        <p>Nous nous appr\u00e9cions les uns les autres. Chacun a un r\u00f4le essentiel \u00e0 jouer chez FB Canada, vous aussi. <\/p>                        <\/div>\n                                                <div class=\"card-single white-text text-left position-relative justify__space-between\"\n                            data-animation=\"fadeInUp\">\n                            <img decoding=\"async\" src=\"https:\/\/fbexpress.com\/wp-content\/uploads\/2022\/05\/benefits-icon-red.svg\" alt=\"\"\n                                class=\"object-fit__contain\" \/>\n                            <h6 class=\"dark-blue-text\">Audace<\/h6>\n                                                        <p>Nous avons fix\u00e9 les normes les plus \u00e9lev\u00e9es en mati\u00e8re de qualit\u00e9. Vous serez en mesure d&rsquo;apprendre en permanence et de voir grand avec vos id\u00e9es.<\/p>                        <\/div>\n                                            <\/div>\n                <\/div>\n            <\/div>\n        <\/div>\n    <\/div>\n<\/div>\n\n\n<div id=\"block_62589f7f5f919\"\n    class=\"numbered-info-cards cards-block block\">\n    <div class=\"wrapper wrapper display-flex justify__center\">\n        <div class=\"container-small full-width display-flex justify__center flex-column\">\n                        <div class=\"content display-flex justify__center align-flex-end\" data-animation=\"fadeInUp\">\n                <div class=\"title-description text-center\">\n                    <h3>Pourquoi travailler chez FB Canada?<\/h3>                    <p>Pas d&rsquo;\u00e9go\u00efsme ici. Nous sommes une \u00e9quipe de personnes talentueuses qui travaillent ensemble pour offrir une exp\u00e9rience sans pareille.<\/p>                <\/div>\n            <\/div>\n                        <div class=\"cards\" data-animation=\"fadeInUp\">\n                <div class=\"center-aligned full-height\">\n                    <div\n                        class=\"wrapper full-width display-flex flex-row justify__space-between align-stretch nowrap full-height slider-on-mobile\">\n                                                <div class=\"card-single bg-dark-blue white-text text-left position-relative\">\n                            <h1><\/h1>\n                            <h6>Formation et croissance<\/h6>                            <p>Nous pensons que chacun devrait avoir la possibilit\u00e9 d&rsquo;acqu\u00e9rir de nouvelles comp\u00e9tences et de d\u00e9velopper sa carri\u00e8re. Nous proposons des formations pratiques qui permettent un apprentissage collaboratif, continu et efficace.<\/p>                        <\/div>\n                                                <div class=\"card-single bg-dark-blue white-text text-left position-relative\">\n                            <h1><\/h1>\n                            <h6>Reconnaissance des employ\u00e9s <\/h6>                            <p>Nous voyons notre \u00e9quipe apporter les comp\u00e9tences, l&rsquo;intelligence et les solutions jour apr\u00e8s jour. Chez FB Canada, nous reconnaissons le travail des individus et des \u00e9quipes.\r\n<\/p>                        <\/div>\n                                                <div class=\"card-single bg-dark-blue white-text text-left position-relative\">\n                            <h1><\/h1>\n                            <h6>Avantages comp\u00e9titifs<\/h6>                            <p>Nous nous effor\u00e7ons de cr\u00e9er un milieu de travail favorable \u00e0 votre vie au travail et en dehors du travail. FB Canada offre des avantages sociaux concurrentiels afin que vous puissiez prendre soin de votre sant\u00e9 et de vos besoins personnels. <\/p>                        <\/div>\n                                                <div class=\"card-single bg-dark-blue white-text text-left position-relative\">\n                            <h1><\/h1>\n                            <h6>Opportunit\u00e9<\/h6>                            <p>Si vous y mettez du v\u00f4tre, vous pouvez tout faire. Nous vous fournissons les outils et les comp\u00e9tences dont vous avez besoin pour r\u00e9ussir, et la libert\u00e9 de vous \u00e9panouir et de trouver votre propre cheminement de carri\u00e8re chez FB Canada.<\/p>                        <\/div>\n                                            <\/div>\n                <\/div>\n            <\/div>\n        <\/div>\n    <\/div>\n<\/div>\n\n\n<div id=\"block_625f53832028e\"\n    class=\"tabs accordion-block cards-block block display-flex justify__center\"\n    data-animation=\"fadeInUp\">\n    <div class=\"container-small wrapper border-box full-width\">\n        <div class=\"wrapper display-flex justify__center flex-column\">\n            <div>\n                                <div class=\"content display-flex justify__center align-baseline flex-column\">\n                    <div class=\"title-description full-width text-left\">\n                        <h3 class=\"dark-blue-text\">Votre meilleur travail commence ici. Rejoignes-nous. <\/h3>\n                                            <\/div>\n                <\/div>\n                            <\/div>\n            <div>\n                <div class=\"tabs all-tabs display-flex justify__space-between full-width\">\n                    \n                    <div class=\"tab-header display-flex justify__space-between align-center\"\n                        data-id=\"0\">\n                        <h6 class=\"dark-blue-text\">Bureau <\/h6>\n                    <\/div>\n                    \n                    <div class=\"tab-header display-flex justify__space-between align-center\"\n                        data-id=\"1\">\n                        <h6 class=\"dark-blue-text\">Entrep\u00f4t <\/h6>\n                    <\/div>\n                                    <\/div>\n                \n                <div class=\"tab full-width\">\n                    <div class=\"tab-content display-flex justify__space-between top\"\n                        data-id=\"0\">\n                                                <div class=\"image-holder display-flex align-center width-50\">\n                            <img decoding=\"async\" src=\"https:\/\/fbexpress.com\/wp-content\/uploads\/2022\/06\/iStock-843873174-1-scaled.jpg\" alt=\"\"\n                                class=\"object-fit__contain\" \/>\n                        <\/div>\n                                                <div class=\"content width-50\">\n                            <h4>Rejoignez l&rsquo;\u00e9quipe du bureau<\/h4>\n<p>&nbsp;<\/p>\n<p>Travailler directement avec les clients internationaux pour s&rsquo;assurer que les engagements sont respect\u00e9s. Apporter un \u00e9tat d&rsquo;esprit ax\u00e9 sur les solutions \u00e0 chaque interaction avec votre \u00e9quipe, avec l&rsquo;ASFC et avec les clients de FB Canada. Prendre des d\u00e9cisions fond\u00e9es sur des preuves et fournir un soutien t\u00e9l\u00e9phonique et en ligne aux clients de FB Canada pour assurer leur enti\u00e8re satisfaction.<\/p>\n                                                    <\/div>\n                                                <div class=\"list\">\n                                                        <div class=\"list-item numbers\">\n                                <p><strong>Responsable de la r\u00e9ussite des clients<\/strong><\/p>                                                            <\/div>\n                                                        <div class=\"list-item numbers\">\n                                <p><strong>Op\u00e9rateur de support client &#8211; Bilingue FR\/EN<\/strong><\/p>                                                            <\/div>\n                                                        <div class=\"list-item numbers\">\n                                <p><strong>Op\u00e9rateur de support client &#8211; Mandarin Coordinateur de bureau <\/strong><\/p>                                                            <\/div>\n                                                    <\/div>\n                        \n                    <\/div>\n                <\/div>\n                \n                <div class=\"tab full-width\">\n                    <div class=\"tab-content display-flex justify__space-between top\"\n                        data-id=\"1\">\n                                                <div class=\"image-holder display-flex align-center width-50\">\n                            <img decoding=\"async\" src=\"https:\/\/fbexpress.com\/wp-content\/uploads\/2022\/06\/WH-Fulfillment-FB-Experience-2.jpg\" alt=\"\"\n                                class=\"object-fit__contain\" \/>\n                        <\/div>\n                                                <div class=\"content width-50\">\n                            <h4>Rejoignez l&rsquo;\u00e9quipe de l&rsquo;entrep\u00f4t<\/h4>\n<p>&nbsp;<\/p>\n<p>G\u00e9rer tous les aspects de l&rsquo;exp\u00e9dition transfrontali\u00e8re, de la r\u00e9ception, des transferts, de l&rsquo;entreposage du commerce \u00e9lectronique et de l&rsquo;ex\u00e9cution des commandes. Pr\u00e9parer et emballer les commandes pour le commerce \u00e9lectronique ; recevoir les envois des fournisseurs ; se conformer aux r\u00e8glements des installations sous douane, coordonner et travailler avec les autres transporteurs canadiens.<\/p>\n                                                    <\/div>\n                                                <div class=\"list\">\n                                                        <div class=\"list-item numbers\">\n                                <p><strong>Chauffeur &#8211; Montr\u00e9al<\/strong><\/p>                                                            <\/div>\n                                                        <div class=\"list-item numbers\">\n                                <p><strong>Chauffeur &#8211; Toronto <\/strong><\/p>                                                            <\/div>\n                                                        <div class=\"list-item numbers\">\n                                <p><strong>Gestionnaire de colis pour le commerce \u00e9lectronique<\/strong><\/p>                                                            <\/div>\n                                                        <div class=\"list-item numbers\">\n                                <p><strong>Emballeur d&rsquo;entrep\u00f4t <\/strong><\/p>                                                            <\/div>\n                                                        <div class=\"list-item numbers\">\n                                <p><strong>Magasinier g\u00e9n\u00e9ral <\/strong><\/p>                                                            <\/div>\n                                                        <div class=\"list-item numbers\">\n                                <p><strong>Administrateur des commandes <\/strong><\/p>                                                            <\/div>\n                                                    <\/div>\n                        \n                    <\/div>\n                <\/div>\n                            <\/div>\n        <\/div>\n    <\/div>\n<\/div>","protected":false},"excerpt":{"rendered":"","protected":false},"author":5,"featured_media":0,"parent":0,"menu_order":0,"comment_status":"closed","ping_status":"closed","template":"","meta":{"_acf_changed":false,"footnotes":""},"class_list":["post-2311","page","type-page","status-publish","hentry"],"acf":[],"yoast_head":"<!-- This site is optimized with the Yoast SEO plugin v27.4 - https:\/\/yoast.com\/product\/yoast-seo-wordpress\/ -->\n<title>Carri\u00e8res | FB Canada Express<\/title>\n<meta name=\"robots\" content=\"index, follow, max-snippet:-1, max-image-preview:large, max-video-preview:-1\" \/>\n<link rel=\"canonical\" href=\"https:\/\/fbexpress.com\/fr\/carrieres\/\" \/>\n<meta property=\"og:locale\" content=\"fr_FR\" \/>\n<meta property=\"og:type\" content=\"article\" \/>\n<meta property=\"og:title\" content=\"Carri\u00e8res | FB Canada Express\" \/>\n<meta property=\"og:url\" content=\"https:\/\/fbexpress.com\/fr\/carrieres\/\" \/>\n<meta property=\"og:site_name\" content=\"FB Canada Express\" \/>\n<meta property=\"article:modified_time\" content=\"2022-06-14T23:36:40+00:00\" \/>\n<meta name=\"twitter:card\" content=\"summary_large_image\" \/>\n<script type=\"application\/ld+json\" class=\"yoast-schema-graph\">{\"@context\":\"https:\\\/\\\/schema.org\",\"@graph\":[{\"@type\":\"WebPage\",\"@id\":\"https:\\\/\\\/fbexpress.com\\\/fr\\\/carrieres\\\/\",\"url\":\"https:\\\/\\\/fbexpress.com\\\/fr\\\/carrieres\\\/\",\"name\":\"Carri\u00e8res | FB Canada Express\",\"isPartOf\":{\"@id\":\"https:\\\/\\\/fbexpress.com\\\/#website\"},\"datePublished\":\"2022-04-07T19:25:15+00:00\",\"dateModified\":\"2022-06-14T23:36:40+00:00\",\"breadcrumb\":{\"@id\":\"https:\\\/\\\/fbexpress.com\\\/fr\\\/carrieres\\\/#breadcrumb\"},\"inLanguage\":\"fr-FR\",\"potentialAction\":[{\"@type\":\"ReadAction\",\"target\":[\"https:\\\/\\\/fbexpress.com\\\/fr\\\/carrieres\\\/\"]}]},{\"@type\":\"BreadcrumbList\",\"@id\":\"https:\\\/\\\/fbexpress.com\\\/fr\\\/carrieres\\\/#breadcrumb\",\"itemListElement\":[{\"@type\":\"ListItem\",\"position\":1,\"name\":\"Home\",\"item\":\"https:\\\/\\\/fbexpress.com\\\/fr\\\/\"},{\"@type\":\"ListItem\",\"position\":2,\"name\":\"Carri\u00e8res\"}]},{\"@type\":\"WebSite\",\"@id\":\"https:\\\/\\\/fbexpress.com\\\/#website\",\"url\":\"https:\\\/\\\/fbexpress.com\\\/\",\"name\":\"FB Canada Express\",\"description\":\"At FB Canada Express, we attribute our success to one guiding principle: laser-focused commitment to excellence in express logistics to, from and within Canada.\",\"publisher\":{\"@id\":\"https:\\\/\\\/fbexpress.com\\\/#organization\"},\"potentialAction\":[{\"@type\":\"SearchAction\",\"target\":{\"@type\":\"EntryPoint\",\"urlTemplate\":\"https:\\\/\\\/fbexpress.com\\\/?s={search_term_string}\"},\"query-input\":{\"@type\":\"PropertyValueSpecification\",\"valueRequired\":true,\"valueName\":\"search_term_string\"}}],\"inLanguage\":\"fr-FR\"},{\"@type\":\"Organization\",\"@id\":\"https:\\\/\\\/fbexpress.com\\\/#organization\",\"name\":\"FB CANADA Express\",\"url\":\"https:\\\/\\\/fbexpress.com\\\/\",\"logo\":{\"@type\":\"ImageObject\",\"inLanguage\":\"fr-FR\",\"@id\":\"https:\\\/\\\/fbexpress.com\\\/#\\\/schema\\\/logo\\\/image\\\/\",\"url\":\"https:\\\/\\\/fbexpress.com\\\/wp-content\\\/uploads\\\/2022\\\/04\\\/white-logo.svg\",\"contentUrl\":\"https:\\\/\\\/fbexpress.com\\\/wp-content\\\/uploads\\\/2022\\\/04\\\/white-logo.svg\",\"width\":181,\"height\":41,\"caption\":\"FB CANADA Express\"},\"image\":{\"@id\":\"https:\\\/\\\/fbexpress.com\\\/#\\\/schema\\\/logo\\\/image\\\/\"}}]}<\/script>\n<!-- \/ Yoast SEO plugin. -->","yoast_head_json":{"title":"Carri\u00e8res | FB Canada Express","robots":{"index":"index","follow":"follow","max-snippet":"max-snippet:-1","max-image-preview":"max-image-preview:large","max-video-preview":"max-video-preview:-1"},"canonical":"https:\/\/fbexpress.com\/fr\/carrieres\/","og_locale":"fr_FR","og_type":"article","og_title":"Carri\u00e8res | FB Canada Express","og_url":"https:\/\/fbexpress.com\/fr\/carrieres\/","og_site_name":"FB Canada Express","article_modified_time":"2022-06-14T23:36:40+00:00","twitter_card":"summary_large_image","schema":{"@context":"https:\/\/schema.org","@graph":[{"@type":"WebPage","@id":"https:\/\/fbexpress.com\/fr\/carrieres\/","url":"https:\/\/fbexpress.com\/fr\/carrieres\/","name":"Carri\u00e8res | FB Canada Express","isPartOf":{"@id":"https:\/\/fbexpress.com\/#website"},"datePublished":"2022-04-07T19:25:15+00:00","dateModified":"2022-06-14T23:36:40+00:00","breadcrumb":{"@id":"https:\/\/fbexpress.com\/fr\/carrieres\/#breadcrumb"},"inLanguage":"fr-FR","potentialAction":[{"@type":"ReadAction","target":["https:\/\/fbexpress.com\/fr\/carrieres\/"]}]},{"@type":"BreadcrumbList","@id":"https:\/\/fbexpress.com\/fr\/carrieres\/#breadcrumb","itemListElement":[{"@type":"ListItem","position":1,"name":"Home","item":"https:\/\/fbexpress.com\/fr\/"},{"@type":"ListItem","position":2,"name":"Carri\u00e8res"}]},{"@type":"WebSite","@id":"https:\/\/fbexpress.com\/#website","url":"https:\/\/fbexpress.com\/","name":"FB Canada Express","description":"At FB Canada Express, we attribute our success to one guiding principle: laser-focused commitment to excellence in express logistics to, from and within Canada.","publisher":{"@id":"https:\/\/fbexpress.com\/#organization"},"potentialAction":[{"@type":"SearchAction","target":{"@type":"EntryPoint","urlTemplate":"https:\/\/fbexpress.com\/?s={search_term_string}"},"query-input":{"@type":"PropertyValueSpecification","valueRequired":true,"valueName":"search_term_string"}}],"inLanguage":"fr-FR"},{"@type":"Organization","@id":"https:\/\/fbexpress.com\/#organization","name":"FB CANADA Express","url":"https:\/\/fbexpress.com\/","logo":{"@type":"ImageObject","inLanguage":"fr-FR","@id":"https:\/\/fbexpress.com\/#\/schema\/logo\/image\/","url":"https:\/\/fbexpress.com\/wp-content\/uploads\/2022\/04\/white-logo.svg","contentUrl":"https:\/\/fbexpress.com\/wp-content\/uploads\/2022\/04\/white-logo.svg","width":181,"height":41,"caption":"FB CANADA Express"},"image":{"@id":"https:\/\/fbexpress.com\/#\/schema\/logo\/image\/"}}]}},"_links":{"self":[{"href":"https:\/\/fbexpress.com\/fr\/wp-json\/wp\/v2\/pages\/2311","targetHints":{"allow":["GET"]}}],"collection":[{"href":"https:\/\/fbexpress.com\/fr\/wp-json\/wp\/v2\/pages"}],"about":[{"href":"https:\/\/fbexpress.com\/fr\/wp-json\/wp\/v2\/types\/page"}],"author":[{"embeddable":true,"href":"https:\/\/fbexpress.com\/fr\/wp-json\/wp\/v2\/users\/5"}],"replies":[{"embeddable":true,"href":"https:\/\/fbexpress.com\/fr\/wp-json\/wp\/v2\/comments?post=2311"}],"version-history":[{"count":0,"href":"https:\/\/fbexpress.com\/fr\/wp-json\/wp\/v2\/pages\/2311\/revisions"}],"wp:attachment":[{"href":"https:\/\/fbexpress.com\/fr\/wp-json\/wp\/v2\/media?parent=2311"}],"curies":[{"name":"wp","href":"https:\/\/api.w.org\/{rel}","templated":true}]}}