{"id":2310,"date":"2022-05-10T18:44:41","date_gmt":"2022-05-10T18:44:41","guid":{"rendered":"https:\/\/fbexpress.com\/histoire-de-lentreprise\/"},"modified":"2022-06-14T23:36:41","modified_gmt":"2022-06-14T23:36:41","slug":"histoire-de-lentreprise","status":"publish","type":"page","link":"https:\/\/fbexpress.com\/fr\/histoire-de-lentreprise\/","title":{"rendered":"Histoire de l&rsquo;entreprise"},"content":{"rendered":"\n<div id=\"block_62797b671e3da\"\n    class=\"center-aligned content-with-media block\">\n    <div\n        class=\"container-small default-padding display-flex justify__space-between lg-flex-row-reverse\">\n        <div class=\"media height-auto\" data-animation=\"fadeInUp\">\n                        <img decoding=\"async\" src=\"https:\/\/fbexpress.com\/wp-content\/uploads\/2022\/06\/The-FB-Canada-Express-Legacy-1.png\" alt=\"\"\n                class=\"full-width full-height object-fit__cover\" \/>\n                    <\/div>\n        <div class=\"content display-flex justify__center flex-column\" data-animation=\"fadeInUp\">\n            <H3>De Classe Mondiale au Niveau Transfrontailer<\/H3><p><span style=\"font-weight: 400;\">Chez FB Canada Express, nous attribuons notre succ\u00e8s \u00e0 un principe directeur : un engagement r\u00e9solument tourn\u00e9 vers l&rsquo;excellence en mati\u00e8re de logistique express \u00e0 destination, en provenance et \u00e0 l&rsquo;int\u00e9rieur du Canada. <\/span><\/p>\n        <\/div>\n    <\/div>\n<\/div>\n\n\n<div id=\"block_62797c591e3db\"\n    class=\"center-aligned content-with-media block\">\n    <div\n        class=\"container-small default-padding display-flex justify__space-between lg-flex-rowleft\">\n        <div class=\"media height-auto\" data-animation=\"fadeInUp\">\n                        <img decoding=\"async\" src=\"https:\/\/fbexpress.com\/wp-content\/uploads\/2022\/06\/Canadian-Air-Force-Pilot-to-Air-Charter-Entrepreneur-1-e1655137135410.jpg\" alt=\"\"\n                class=\"full-width full-height object-fit__cover\" \/>\n                    <\/div>\n        <div class=\"content display-flex justify__center flex-column\" data-animation=\"fadeInUp\">\n            <H3>L&rsquo;h\u00e9ritage de FB Canada Express<\/H3><p><span style=\"font-weight: 400;\">Fond\u00e9e en 1985 par William (Bill) Timmins et Fiona Chai, FB Canada Express continue \u00e0 aller de l&rsquo;avant avec son h\u00e9ritage de pionnier de la logistique transfrontali\u00e8re au Canada. Lisez l&rsquo;histoire de notre entreprise. <\/span><\/p>\n        <\/div>\n    <\/div>\n<\/div>\n\n\n<div id=\"block_627980751e3dc\"\n    class=\"center-aligned content-with-media block\">\n    <div\n        class=\"container-small default-padding display-flex justify__space-between lg-flex-row-reverse\">\n        <div class=\"media height-auto\" data-animation=\"fadeInUp\">\n                        <img decoding=\"async\" src=\"https:\/\/fbexpress.com\/wp-content\/uploads\/2022\/06\/Continued-Expansion-and-Pivot-to-Inbound-1-scaled.jpg\" alt=\"\"\n                class=\"full-width full-height object-fit__cover\" \/>\n                    <\/div>\n        <div class=\"content display-flex justify__center flex-column\" data-animation=\"fadeInUp\">\n            <H3>De pilote de l&rsquo;arm\u00e9e de l&rsquo;air canadienne \u00e0 entrepreneur de charters a\u00e9riens<\/H3><p><strong>1960 \u00e0 1980<\/strong><\/p>\n<p>\u00c0 ses d\u00e9buts, notre pr\u00e9sident, Bill Timmins, vivait pour piloter des avions. Son d\u00e9vouement l&rsquo;a amen\u00e9 \u00e0 obtenir un dipl\u00f4me de RCAF et \u00e0 prendre les rangs comme pilote de commandement de transport a\u00e9rien dans la R\u00e9serve de l&rsquo;aviation canadienne. Avec le temps, Bill a vu l&rsquo;occasion de lancer une petite entreprise d&rsquo;affr\u00e8tement a\u00e9rien avec les entreprises de messagerie comme client principal. Il a cr\u00e9\u00e9 ce qui allait devenir un fournisseur de logistique transfrontali\u00e8re de confiance mondiale au Canada.<\/p>\n        <\/div>\n    <\/div>\n<\/div>\n\n\n<div id=\"block_627980b21e3dd\"\n    class=\"center-aligned content-with-media block\">\n    <div\n        class=\"container-small default-padding display-flex justify__space-between lg-flex-rowleft\">\n        <div class=\"media height-auto\" data-animation=\"fadeInUp\">\n                        <img decoding=\"async\" src=\"https:\/\/fbexpress.com\/wp-content\/uploads\/2022\/04\/hanger.png\" alt=\"\"\n                class=\"full-width full-height object-fit__cover\" \/>\n                    <\/div>\n        <div class=\"content display-flex justify__center flex-column\" data-animation=\"fadeInUp\">\n            <H3>Livraison de nuit pour les soci\u00e9t\u00e9s de courrier<\/H3><p><strong>1980 \u00e0 1985<\/strong><\/p>\n<p>Dans les ann\u00e9es 1980, les entreprises de messagerie demandaient quotidiennement \u00e0 Bill d&rsquo;offrir et de transporter du mat\u00e9riel de messagerie la nuit entre Montr\u00e9al, Toronto et New York sous l&rsquo;\u00e9gide de sa premi\u00e8re compagnie a\u00e9rienne enregistr\u00e9e, Air Charters Inc. C&rsquo;\u00e9tait une premi\u00e8re pour l&rsquo;\u00e9poque en tant que fournisseur de services de vrac- transporter du mat\u00e9riel de messagerie pendant la nuit afin que l&rsquo;industrie de la messagerie puisse fonctionner \u00e0 pleine vitesse durant la journ\u00e9e. <\/p>\n<p>La demande d&rsquo;affr\u00e8tement de nuit a \u00e9volu\u00e9 pour inclure la n\u00e9cessit\u00e9 d&rsquo;un service de messagerie \u00e0 bord (OBC) en vrac, utilisant le transport a\u00e9rien commercial. En 1985, Bill Timmins et Fiona Chai ont fond\u00e9 et incorpor\u00e9 Les Services de Courrier \u00e0 Bord F.B. Inc., afin de r\u00e9pondre \u00e0 la forte demande de services OBC et de services \u00e0 d\u00e9lai critique de la part de ses clients de l&rsquo;\u00e9poque : Dicom, DHL, Purolator, Loomis, Canadex, TNT, World, Air Canada et autres. <\/p>\n        <\/div>\n    <\/div>\n<\/div>\n\n\n<div id=\"block_6279812e1e3de\"\n    class=\"center-aligned content-with-media block\">\n    <div\n        class=\"container-small default-padding display-flex justify__space-between lg-flex-row-reverse\">\n        <div class=\"media height-auto\" data-animation=\"fadeInUp\">\n                        <img decoding=\"async\" src=\"https:\/\/fbexpress.com\/wp-content\/uploads\/2022\/06\/History-Slider-3.jpg\" alt=\"\"\n                class=\"full-width full-height object-fit__cover\" \/>\n                    <\/div>\n        <div class=\"content display-flex justify__center flex-column\" data-animation=\"fadeInUp\">\n            <H3>Poursuite de l&rsquo;expansion et pivotement vers l&rsquo;arriv\u00e9e de nouveaux clients<\/H3><p><strong>1989 \u00e0 1999<\/strong><\/p>\n<p>FB Canada Express est all\u00e9e de l&rsquo;avant et a \u00e9tendu ses op\u00e9rations de messagerie \u00e0 bord. La compagnie avait plusieurs lignes de transport qui partaient quotidiennement de YYZ, YVR et YUL vers des pays outre-mer \u00e0 travers le monde. Pour \u00eatre plus pr\u00e9cis, FB Canada Express avait 7 lignes de transport, 7 jours par semaine, avec environ 150 courriers \u00e0 bord trait\u00e9s en m\u00eame temps.<\/p>\n<p>FB Canada Express \u00e9tait le seul fournisseur au Canada qui pouvait transporter quotidiennement du mat\u00e9riel de messagerie avec une personne, un billet d&rsquo;avion et des sacs de messagerie pr\u00e9par\u00e9s comme bagages \u00e0 main. Quelle incroyable aventure !<\/p>\n<p>Au milieu des ann\u00e9es 90, les quatre plus grands int\u00e9grateurs contr\u00f4laient le volet sortant\/export\u00e9 de la messagerie au Canada. Cette tendance du march\u00e9 a forc\u00e9 FB Canada Express \u00e0 modifier ses activit\u00e9s et \u00e0 se concentrer sur les entr\u00e9es\/importations. En tant que fournisseur en vrac, FB Canada Express a continu\u00e9 \u00e0 offrir une valeur unique aux fournisseurs de services de messagerie. FB Canada Express avait la capacit\u00e9 de recevoir du mat\u00e9riel soumissionn\u00e9 sur une base prioritaire, ce qui la pla\u00e7ait au deuxi\u00e8me rang apr\u00e8s Postes Canada.<\/p>\n        <\/div>\n    <\/div>\n<\/div>\n\n\n<div id=\"block_62866af3310ea\"\n    class=\"center-aligned content-with-media block\">\n    <div\n        class=\"container-small default-padding display-flex justify__space-between lg-flex-rowleft\">\n        <div class=\"media height-auto\" data-animation=\"fadeInUp\">\n                        <img decoding=\"async\" src=\"https:\/\/fbexpress.com\/wp-content\/uploads\/2022\/06\/History-Slider-3.jpg\" alt=\"\"\n                class=\"full-width full-height object-fit__cover\" \/>\n                    <\/div>\n        <div class=\"content display-flex justify__center flex-column\" data-animation=\"fadeInUp\">\n            <H3>Priorit\u00e9 \u00e0 l&rsquo;excellence <\/H3><p><strong>2000s<\/strong><\/p>\n<p>Le nouveau mill\u00e9naire a apport\u00e9 un engagement mondial pour le partenariat et le commerce. FB Canada Express a constamment augment\u00e9 sa liste de clients entrants et sortants, et est rest\u00e9e un fournisseur neutre de logistique transfrontali\u00e8re de vrac pour tous les besoins \u00e0 destination, en provenance et \u00e0 l&rsquo;int\u00e9rieur du Canada. Nous avons investi dans notre personnel, notre infrastructure et nos relations. En 2012, le groupe Lenton, qui fait maintenant partie de Japan Post et Geopost, a achet\u00e9 une part minoritaire de l&rsquo;entreprise. <\/p>\n<p>Une note du pr\u00e9sent : M\u00eame si l&rsquo;\u00e9quipe et les op\u00e9rations se d\u00e9veloppent, FB Canada Express reste fi\u00e8rement une entreprise sous contr\u00f4le canadien. <\/p>\n        <\/div>\n    <\/div>\n<\/div>\n\n\n<div id=\"block_62866b1e310eb\"\n    class=\"center-aligned content-with-media block\">\n    <div\n        class=\"container-small default-padding display-flex justify__space-between lg-flex-row-reverse\">\n        <div class=\"media height-auto\" data-animation=\"fadeInUp\">\n                        <img decoding=\"async\" src=\"https:\/\/fbexpress.com\/wp-content\/uploads\/2022\/06\/Untitled-2.jpg\" alt=\"\"\n                class=\"full-width full-height object-fit__cover\" \/>\n                    <\/div>\n        <div class=\"content display-flex justify__center flex-column\" data-animation=\"fadeInUp\">\n            <H3>De nouveaux horizons avec de nouveaux dirigeants <\/H3><p><strong>Aujourd&rsquo;hui<\/strong><\/p>\n<p>L&rsquo;entreprise a fait des bonds en avant depuis ses humbles d\u00e9buts gr\u00e2ce \u00e0 la vision et au leadership in\u00e9branlable de Nicholas Timmins (directeur financier), John Sproat (directeur de l&rsquo;exploitation) et de nombreux autres membres de l&rsquo;\u00e9quipe de FB Canada Express.<\/p>\n<p><em>\u00ab\u00a0Nous avons r\u00e9alis\u00e9 d&rsquo;importants investissements dans notre personnel, notre technologie, notre gouvernance et notre durabilit\u00e9. Nous avons la ferme intention d&rsquo;\u00e9voluer, de nous \u00e9tendre et d&rsquo;exceller dans les services que nous offrons. Notre \u00e9quipe est concentr\u00e9e et motiv\u00e9e pour continuer \u00e0 b\u00e2tir sur notre h\u00e9ritage en tant que leader de la logistique transfrontali\u00e8re pour le Canada.\u00a0\u00bb<\/em><\/p>\n<p>&#8211; Nicholas Timmins, chef des services financiers<\/p>\n        <\/div>\n    <\/div>\n<\/div>\n\n\n<div id=\"block_6260623155723\"\n    class=\"call-to-action block padding-top-60\">\n    <div class=\"wrapper align-center justify__end\">\n        <div\n            class=\"half-height-background bg-light-blue bottom\">\n        <\/div>\n        <div class=\"box-holder align-flex-end\" data-animation=\"fadeInUp\">\n            <div class=\"container\">\n                <div class=\"box bg-dark-blue white-text\">\n                    <h4>Les solutions \u00e0 la pointe de la technologie ne sont qu&rsquo;\u00e0 un clic.<\/h4>                     <div class=\"button-container display-flex\">\n                                                <a class=\"btn btn-white\" href=\"https:\/\/fbexpress.com\/fr\/nous-contacter\/\"\n                            target=\"_self\">Nous contacter<\/a>\n                                            <\/div>\n                <\/div>\n            <\/div>\n        <\/div>\n        <div class=\"image-container full-height\" data-animation=\"fadeInUp\">\n                        <img decoding=\"async\" src=\"https:\/\/fbexpress.com\/wp-content\/uploads\/2022\/06\/General-Contact-1.jpg\" alt=\"\" \/>\n            <img decoding=\"async\" src=\"https:\/\/fbexpress.com\/wp-content\/themes\/mm-fbc\/img\/red-flag.png\"\n                alt=\"red flag\" class=\"flag yes\">\n                    <\/div>\n    <\/div>\n\n<\/div>","protected":false},"excerpt":{"rendered":"","protected":false},"author":5,"featured_media":0,"parent":0,"menu_order":0,"comment_status":"closed","ping_status":"closed","template":"","meta":{"_acf_changed":false,"footnotes":""},"class_list":["post-2310","page","type-page","status-publish","hentry"],"acf":[],"yoast_head":"<!-- This site is optimized with the Yoast SEO plugin v27.4 - https:\/\/yoast.com\/product\/yoast-seo-wordpress\/ -->\n<title>Histoire de l&#039;entreprise | FB Canada Express<\/title>\n<meta name=\"robots\" content=\"index, follow, max-snippet:-1, max-image-preview:large, max-video-preview:-1\" \/>\n<link rel=\"canonical\" href=\"https:\/\/fbexpress.com\/fr\/histoire-de-lentreprise\/\" \/>\n<meta property=\"og:locale\" content=\"fr_FR\" \/>\n<meta property=\"og:type\" content=\"article\" \/>\n<meta property=\"og:title\" content=\"Histoire de l&#039;entreprise | FB Canada Express\" \/>\n<meta property=\"og:url\" content=\"https:\/\/fbexpress.com\/fr\/histoire-de-lentreprise\/\" \/>\n<meta property=\"og:site_name\" content=\"FB Canada Express\" \/>\n<meta property=\"article:modified_time\" content=\"2022-06-14T23:36:41+00:00\" \/>\n<meta name=\"twitter:card\" content=\"summary_large_image\" \/>\n<script type=\"application\/ld+json\" class=\"yoast-schema-graph\">{\"@context\":\"https:\\\/\\\/schema.org\",\"@graph\":[{\"@type\":\"WebPage\",\"@id\":\"https:\\\/\\\/fbexpress.com\\\/fr\\\/histoire-de-lentreprise\\\/\",\"url\":\"https:\\\/\\\/fbexpress.com\\\/fr\\\/histoire-de-lentreprise\\\/\",\"name\":\"Histoire de l'entreprise | FB Canada Express\",\"isPartOf\":{\"@id\":\"https:\\\/\\\/fbexpress.com\\\/#website\"},\"datePublished\":\"2022-05-10T18:44:41+00:00\",\"dateModified\":\"2022-06-14T23:36:41+00:00\",\"breadcrumb\":{\"@id\":\"https:\\\/\\\/fbexpress.com\\\/fr\\\/histoire-de-lentreprise\\\/#breadcrumb\"},\"inLanguage\":\"fr-FR\",\"potentialAction\":[{\"@type\":\"ReadAction\",\"target\":[\"https:\\\/\\\/fbexpress.com\\\/fr\\\/histoire-de-lentreprise\\\/\"]}]},{\"@type\":\"BreadcrumbList\",\"@id\":\"https:\\\/\\\/fbexpress.com\\\/fr\\\/histoire-de-lentreprise\\\/#breadcrumb\",\"itemListElement\":[{\"@type\":\"ListItem\",\"position\":1,\"name\":\"Home\",\"item\":\"https:\\\/\\\/fbexpress.com\\\/fr\\\/\"},{\"@type\":\"ListItem\",\"position\":2,\"name\":\"Histoire de l&#8217;entreprise\"}]},{\"@type\":\"WebSite\",\"@id\":\"https:\\\/\\\/fbexpress.com\\\/#website\",\"url\":\"https:\\\/\\\/fbexpress.com\\\/\",\"name\":\"FB Canada Express\",\"description\":\"At FB Canada Express, we attribute our success to one guiding principle: laser-focused commitment to excellence in express logistics to, from and within Canada.\",\"publisher\":{\"@id\":\"https:\\\/\\\/fbexpress.com\\\/#organization\"},\"potentialAction\":[{\"@type\":\"SearchAction\",\"target\":{\"@type\":\"EntryPoint\",\"urlTemplate\":\"https:\\\/\\\/fbexpress.com\\\/?s={search_term_string}\"},\"query-input\":{\"@type\":\"PropertyValueSpecification\",\"valueRequired\":true,\"valueName\":\"search_term_string\"}}],\"inLanguage\":\"fr-FR\"},{\"@type\":\"Organization\",\"@id\":\"https:\\\/\\\/fbexpress.com\\\/#organization\",\"name\":\"FB CANADA Express\",\"url\":\"https:\\\/\\\/fbexpress.com\\\/\",\"logo\":{\"@type\":\"ImageObject\",\"inLanguage\":\"fr-FR\",\"@id\":\"https:\\\/\\\/fbexpress.com\\\/#\\\/schema\\\/logo\\\/image\\\/\",\"url\":\"https:\\\/\\\/fbexpress.com\\\/wp-content\\\/uploads\\\/2022\\\/04\\\/white-logo.svg\",\"contentUrl\":\"https:\\\/\\\/fbexpress.com\\\/wp-content\\\/uploads\\\/2022\\\/04\\\/white-logo.svg\",\"width\":181,\"height\":41,\"caption\":\"FB CANADA Express\"},\"image\":{\"@id\":\"https:\\\/\\\/fbexpress.com\\\/#\\\/schema\\\/logo\\\/image\\\/\"}}]}<\/script>\n<!-- \/ Yoast SEO plugin. -->","yoast_head_json":{"title":"Histoire de l'entreprise | FB Canada Express","robots":{"index":"index","follow":"follow","max-snippet":"max-snippet:-1","max-image-preview":"max-image-preview:large","max-video-preview":"max-video-preview:-1"},"canonical":"https:\/\/fbexpress.com\/fr\/histoire-de-lentreprise\/","og_locale":"fr_FR","og_type":"article","og_title":"Histoire de l'entreprise | FB Canada Express","og_url":"https:\/\/fbexpress.com\/fr\/histoire-de-lentreprise\/","og_site_name":"FB Canada Express","article_modified_time":"2022-06-14T23:36:41+00:00","twitter_card":"summary_large_image","schema":{"@context":"https:\/\/schema.org","@graph":[{"@type":"WebPage","@id":"https:\/\/fbexpress.com\/fr\/histoire-de-lentreprise\/","url":"https:\/\/fbexpress.com\/fr\/histoire-de-lentreprise\/","name":"Histoire de l'entreprise | FB Canada Express","isPartOf":{"@id":"https:\/\/fbexpress.com\/#website"},"datePublished":"2022-05-10T18:44:41+00:00","dateModified":"2022-06-14T23:36:41+00:00","breadcrumb":{"@id":"https:\/\/fbexpress.com\/fr\/histoire-de-lentreprise\/#breadcrumb"},"inLanguage":"fr-FR","potentialAction":[{"@type":"ReadAction","target":["https:\/\/fbexpress.com\/fr\/histoire-de-lentreprise\/"]}]},{"@type":"BreadcrumbList","@id":"https:\/\/fbexpress.com\/fr\/histoire-de-lentreprise\/#breadcrumb","itemListElement":[{"@type":"ListItem","position":1,"name":"Home","item":"https:\/\/fbexpress.com\/fr\/"},{"@type":"ListItem","position":2,"name":"Histoire de l&#8217;entreprise"}]},{"@type":"WebSite","@id":"https:\/\/fbexpress.com\/#website","url":"https:\/\/fbexpress.com\/","name":"FB Canada Express","description":"At FB Canada Express, we attribute our success to one guiding principle: laser-focused commitment to excellence in express logistics to, from and within Canada.","publisher":{"@id":"https:\/\/fbexpress.com\/#organization"},"potentialAction":[{"@type":"SearchAction","target":{"@type":"EntryPoint","urlTemplate":"https:\/\/fbexpress.com\/?s={search_term_string}"},"query-input":{"@type":"PropertyValueSpecification","valueRequired":true,"valueName":"search_term_string"}}],"inLanguage":"fr-FR"},{"@type":"Organization","@id":"https:\/\/fbexpress.com\/#organization","name":"FB CANADA Express","url":"https:\/\/fbexpress.com\/","logo":{"@type":"ImageObject","inLanguage":"fr-FR","@id":"https:\/\/fbexpress.com\/#\/schema\/logo\/image\/","url":"https:\/\/fbexpress.com\/wp-content\/uploads\/2022\/04\/white-logo.svg","contentUrl":"https:\/\/fbexpress.com\/wp-content\/uploads\/2022\/04\/white-logo.svg","width":181,"height":41,"caption":"FB CANADA Express"},"image":{"@id":"https:\/\/fbexpress.com\/#\/schema\/logo\/image\/"}}]}},"_links":{"self":[{"href":"https:\/\/fbexpress.com\/fr\/wp-json\/wp\/v2\/pages\/2310","targetHints":{"allow":["GET"]}}],"collection":[{"href":"https:\/\/fbexpress.com\/fr\/wp-json\/wp\/v2\/pages"}],"about":[{"href":"https:\/\/fbexpress.com\/fr\/wp-json\/wp\/v2\/types\/page"}],"author":[{"embeddable":true,"href":"https:\/\/fbexpress.com\/fr\/wp-json\/wp\/v2\/users\/5"}],"replies":[{"embeddable":true,"href":"https:\/\/fbexpress.com\/fr\/wp-json\/wp\/v2\/comments?post=2310"}],"version-history":[{"count":0,"href":"https:\/\/fbexpress.com\/fr\/wp-json\/wp\/v2\/pages\/2310\/revisions"}],"wp:attachment":[{"href":"https:\/\/fbexpress.com\/fr\/wp-json\/wp\/v2\/media?parent=2310"}],"curies":[{"name":"wp","href":"https:\/\/api.w.org\/{rel}","templated":true}]}}