{"id":2266,"date":"2022-04-07T19:25:04","date_gmt":"2022-04-07T19:25:04","guid":{"rendered":"https:\/\/fbexpress.com\/about-us\/"},"modified":"2022-07-07T16:31:53","modified_gmt":"2022-07-07T16:31:53","slug":"a-propos-de-nous","status":"publish","type":"page","link":"https:\/\/fbexpress.com\/fr\/a-propos-de-nous\/","title":{"rendered":"\u00c0 propos de nous"},"content":{"rendered":"\n<div id=\"block_627ac07a635e8\"\n    class=\"carousel block display-flex justify__center\"\n    data-animation=\"fadeInUp\">\n    <div class=\"wrapper position-relative border-box full-width display-flex justify__center\">\n        <div class=\"half-height-background top bg-light-blue\"><\/div>\n        <div class=\"display-flex justify__center align-center full-width text-center flex-column\">\n                        <div\n                class=\"bg-light-blue wrapper-with-background border-box display-flex justify__center align-center full-width text-center flex-column\">\n                <div class=\"container-small full-width display-flex justify__space-between\">\n                    <div class=\"title-description text-left\">\n                        <h1 class=\"dark-blue-text\">De Classe Mondiale au Niveau Transfrontalier<\/h1>                        <p>Chez FB Canada Express, nous attribuons notre succ\u00e8s \u00e0 un principe directeur : un engagement r\u00e9solument tourn\u00e9 vers l&rsquo;excellence en mati\u00e8re de logistique express \u00e0 destination, en provenance et \u00e0 l&rsquo;int\u00e9rieur du Canada. <\/p>                    <\/div>\n                <\/div>\n            <\/div>\n                        <div class=\"slides full-width display-flex justify__end align-flex-end\" data-animation=\"fadeInRight\">\n                <div class=\"swiper carousel-swiper position-relative center-aligned full-height\">\n                    <div\n                        class=\"swiper-wrapper position-relative full-width display-flex justify__space-between align-center display-flex\">\n                                                <div class=\"swiper-slide slide-single text-left position-relative justify__space-between\">\n                            <div class=\"image-holder\"\n                                style=\"background-image: linear-gradient(86.95deg, rgb(0 0 0 \/ 48%) 13.07%, rgb(0 0 0 \/ 22%) 85.7%),url('https:\/\/fbexpress.com\/wp-content\/uploads\/2022\/06\/History-Slider-1.jpg');\">\n                            <\/div>\n                            <div class=\"text-holder\">\n                                <h4>The FB Canada Legacy<\/h4>                                <p>Lorem ipsum dolor sit amet, consectetur adipiscing elit. Dictum non ut dolor, curabitur.Medium length display headline. Dictum non ut dolor, curabitur.<\/p>                            <\/div>\n                        <\/div>\n                                                <div class=\"swiper-slide slide-single text-left position-relative justify__space-between\">\n                            <div class=\"image-holder\"\n                                style=\"background-image: linear-gradient(86.95deg, rgb(0 0 0 \/ 48%) 13.07%, rgb(0 0 0 \/ 22%) 85.7%),url('https:\/\/fbexpress.com\/wp-content\/uploads\/2022\/06\/History-Slider-2.jpg');\">\n                            <\/div>\n                            <div class=\"text-holder\">\n                                <h4>The FB Canada Legacy<\/h4>                                <p>Lorem ipsum dolor sit amet, consectetur adipiscing elit. Dictum non ut dolor, curabitur.Medium length display headline. Dictum non ut dolor, curabitur.<\/p>                            <\/div>\n                        <\/div>\n                                                <div class=\"swiper-slide slide-single text-left position-relative justify__space-between\">\n                            <div class=\"image-holder\"\n                                style=\"background-image: linear-gradient(86.95deg, rgb(0 0 0 \/ 48%) 13.07%, rgb(0 0 0 \/ 22%) 85.7%),url('https:\/\/fbexpress.com\/wp-content\/uploads\/2022\/06\/History-Slider-3.jpg');\">\n                            <\/div>\n                            <div class=\"text-holder\">\n                                <h4>The FB Canada Legacy<\/h4>                                <p>Lorem ipsum dolor sit amet, consectetur adipiscing elit. Dictum non ut dolor, curabitur.Medium length display headline. Dictum non ut dolor, curabitur.<\/p>                            <\/div>\n                        <\/div>\n                                            <\/div>\n                    <div class=\"swiper-button-prev swiper-button display-flex justify__center\"><img decoding=\"async\"\n                            src=\"\/wp-content\/uploads\/2022\/04\/thick-white-arrow.svg\"\n                            alt=\"\" class=\"rotate-left\"><\/div>\n                    <div class=\"swiper-button-next swiper-button display-flex justify__center\"><img decoding=\"async\"\n                            src=\"\/wp-content\/uploads\/2022\/04\/thick-white-arrow.svg\"\n                            alt=\"\"><\/div>\n                <\/div>\n            <\/div>\n        <\/div>\n    <\/div>\n<\/div>\n\n\n<div id=\"block_6258645732026\"\n    class=\"content-columns-with-icons bg-white block\">\n    <div class=\"wrapper wrapper display-flex justify__center\">\n        <div class=\"container-small full-width display-flex justify__center flex-column\" data-animation=\"fadeInUp\">\n                        <div class=\"content display-flex align-left full-width flex-column\">\n                <div class=\"title-description display-flex flex-column align-left\">\n                    <h3 class=\"dark-blue-text\">D\u00e9couvrez la diff\u00e9rence neutre et en vrac.                    <\/h3>\n                                    <\/div>\n            <\/div>\n                        <div class=\"cards\" data-animation=\"fadeInUp\">\n                <div class=\"center-aligned full-height\">\n                    <div class=\"wrapper full-width display-grid lg-column-4\">\n                                                <div class=\"card-single white-text text-left position-relative justify__space-between\"\n                            data-animation=\"fadeInUp\">\n                            <img decoding=\"async\" src=\"https:\/\/fbexpress.com\/wp-content\/uploads\/2022\/05\/neutral-independant-service-icon-red.svg\" alt=\"\"\n                                class=\"object-fit__contain\" \/>\n                            <h6 class=\"dark-blue-text\">Service neutre et ind\u00e9pendant<\/h6>\n                                                        <p>Nous sommes un fournisseur en vrac confidentiel depuis 1985. Vous avez la libert\u00e9 d&rsquo;\u00e9tendre votre r\u00e9seau canadien selon votre plan. <\/p>                        <\/div>\n                                                <div class=\"card-single white-text text-left position-relative justify__space-between\"\n                            data-animation=\"fadeInUp\">\n                            <img decoding=\"async\" src=\"https:\/\/fbexpress.com\/wp-content\/uploads\/2022\/05\/bonded-warehouse-across-ports-icon-red.svg\" alt=\"\"\n                                class=\"object-fit__contain\" \/>\n                            <h6 class=\"dark-blue-text\">Entrep\u00f4ts sous douane dans chaque port strat\u00e9gique du Canada <\/h6>\n                                                        <p>Nous disposons de l&rsquo;infrastructure d&rsquo;importation et d&rsquo;exportation n\u00e9cessaire pour vous offrir des services rapides d&rsquo;appel d&rsquo;offres, de r\u00e9cup\u00e9ration ou de livraison. <\/p>                        <\/div>\n                                                <div class=\"card-single white-text text-left position-relative justify__space-between\"\n                            data-animation=\"fadeInUp\">\n                            <img decoding=\"async\" src=\"https:\/\/fbexpress.com\/wp-content\/uploads\/2022\/05\/cutting-edge-technology-icon-red.svg\" alt=\"\"\n                                class=\"object-fit__contain\" \/>\n                            <h6 class=\"dark-blue-text\">Une technologie de pointe  <\/h6>\n                                                        <p>Nous automatisons et prenons en charge de gros volumes quotidiens, et nous contr\u00f4lons les donn\u00e9es de performance et l&rsquo;\u00e9tat du transit en temps r\u00e9el.<\/p>                        <\/div>\n                                                <div class=\"card-single white-text text-left position-relative justify__space-between\"\n                            data-animation=\"fadeInUp\">\n                            <img decoding=\"async\" src=\"https:\/\/fbexpress.com\/wp-content\/uploads\/2022\/05\/industry-expertise-icon-red.svg\" alt=\"\"\n                                class=\"object-fit__contain\" \/>\n                            <h6 class=\"dark-blue-text\">Expertise du secteur <\/h6>\n                                                        <p>Nous \u00e9laborons des solutions en fonction des besoins de votre entreprise gr\u00e2ce \u00e0 notre vaste \u00e9quipe d&rsquo;experts en logistique et en conformit\u00e9.  <\/p>                        <\/div>\n                                            <\/div>\n                <\/div>\n            <\/div>\n        <\/div>\n    <\/div>\n<\/div>\n\n\n<div id=\"block_625f49e2c1107\"\n    class=\"tabs accordion-block cards-block block display-flex justify__center\"\n    data-animation=\"fadeInUp\">\n    <div class=\"container-small wrapper border-box full-width\">\n        <div class=\"wrapper display-flex justify__center flex-column\">\n            <div>\n                                <div class=\"content display-flex justify__center align-baseline flex-column\">\n                    <div class=\"title-description full-width text-left\">\n                        <h3 class=\"dark-blue-text\">Sites<\/h3>\n                        <p>Notre activit\u00e9 consiste \u00e0 faire en sorte que votre entreprise reste en mouvement. Appelez-nous pour en savoir plus sur la fa\u00e7on dont FB Canada Express peut travailler pour vous. <\/p>\n                                            <\/div>\n                <\/div>\n                            <\/div>\n            <div>\n                <div class=\"tabs all-tabs display-flex justify__space-between full-width\">\n                    \n                    <div class=\"tab-header display-flex justify__space-between align-center\"\n                        data-id=\"0\">\n                        <h6 class=\"dark-blue-text\">Toronto<\/h6>\n                    <\/div>\n                    \n                    <div class=\"tab-header display-flex justify__space-between align-center\"\n                        data-id=\"1\">\n                        <h6 class=\"dark-blue-text\">Montreal<\/h6>\n                    <\/div>\n                    \n                    <div class=\"tab-header display-flex justify__space-between align-center\"\n                        data-id=\"2\">\n                        <h6 class=\"dark-blue-text\">Vancouver<\/h6>\n                    <\/div>\n                                    <\/div>\n                \n                <div class=\"tab full-width\">\n                    <div class=\"tab-content display-flex justify__space-between right\"\n                        data-id=\"0\">\n                                                <div class=\"image-holder display-flex align-center width-66\">\n                            <img decoding=\"async\" src=\"https:\/\/fbexpress.com\/wp-content\/uploads\/2022\/07\/FBC-To-YYZ.png\" alt=\"Digital map of YYZ airport location\"\n                                class=\"object-fit__contain\" \/>\n                        <\/div>\n                                                <div class=\"content width-66\">\n                            <p><strong>Si\u00e8ge Social<\/strong><\/p>\n<p>&nbsp;<\/p>\n<p><a href=\"https:\/\/goo.gl\/maps\/wRFdF2xvNdGrhdqu7\" target=\"_blank\" rel=\"noopener\">970 Verbena Rd.,<br \/>\nMississauga, ON<br \/>\nL5T 1T6<\/a><\/p>\n<p>&nbsp;<\/p>\n<p><a href=\"tel:+19056120029\" target=\"_blank\" rel=\"noopener\">(905) 612-0029<\/a><\/p>\n                                                    <\/div>\n                        \n                    <\/div>\n                <\/div>\n                \n                <div class=\"tab full-width\">\n                    <div class=\"tab-content display-flex justify__space-between right\"\n                        data-id=\"1\">\n                                                <div class=\"image-holder display-flex align-center width-66\">\n                            <img decoding=\"async\" src=\"https:\/\/fbexpress.com\/wp-content\/uploads\/2022\/05\/FBC-Montreal.jpg\" alt=\"\"\n                                class=\"object-fit__contain\" \/>\n                        <\/div>\n                                                <div class=\"content width-66\">\n                            <p><strong>Si\u00e8ge Social<\/strong><\/p>\n<p>&nbsp;<\/p>\n<p><a href=\"https:\/\/goo.gl\/maps\/6UQdwxAN9h1Z6Vq88\" target=\"_blank\" rel=\"noopener\">1920 St Regis Blvd,<br \/>\nDorval, QC<br \/>\nH9P 1H6<\/a><\/p>\n<p>&nbsp;<\/p>\n<p><a href=\"tel:+15146761113\" target=\"_blank\" rel=\"noopener\">(514) 676-1113<\/a><\/p>\n                                                    <\/div>\n                        \n                    <\/div>\n                <\/div>\n                \n                <div class=\"tab full-width\">\n                    <div class=\"tab-content display-flex justify__space-between right\"\n                        data-id=\"2\">\n                                                <div class=\"image-holder display-flex align-center width-66\">\n                            <img decoding=\"async\" src=\"https:\/\/fbexpress.com\/wp-content\/uploads\/2022\/05\/Vancouver.jpg\" alt=\"\"\n                                class=\"object-fit__contain\" \/>\n                        <\/div>\n                                                <div class=\"content width-66\">\n                            <p><strong>Si\u00e8ge Social<\/strong><\/p>\n<p>&nbsp;<\/p>\n<p><a href=\"https:\/\/goo.gl\/maps\/DYSiWpRsFFHoGyt96\" target=\"_blank\" rel=\"noopener\">4851 Miller Rd #195,<br \/>\nRichmond, BC<br \/>\nV7B 1K7<\/a><\/p>\n<p>&nbsp;<\/p>\n<p><a href=\"tel:+16042781266\" target=\"_blank\" rel=\"noopener\">(604) 278-1266<\/a><\/p>\n                                                    <\/div>\n                        \n                    <\/div>\n                <\/div>\n                            <\/div>\n        <\/div>\n    <\/div>\n<\/div>\n\n\n<div id=\"block_62605df655721\"\n    class=\"center-aligned content-with-media block\">\n    <div\n        class=\"container-small default-padding display-flex justify__space-between lg-flex-rowleft\">\n        <div class=\"media height-auto\" data-animation=\"fadeInUp\">\n                        <img decoding=\"async\" src=\"https:\/\/fbexpress.com\/wp-content\/uploads\/2022\/06\/About-Join-Team.jpg\" alt=\"\"\n                class=\"full-width full-height object-fit__cover\" \/>\n                    <\/div>\n        <div class=\"content display-flex justify__center flex-column\" data-animation=\"fadeInUp\">\n            <H3>Join our team<\/H3><p>Nous nous engageons \u00e0 fournir une logistique transfrontali\u00e8re de pointe. Rejoignez notre \u00e9quipe dynamique de professionnels de la logistique de bureau et d&rsquo;entrep\u00f4t.<\/p>\n            <a class=\"btn btn-primary white-text\" href=\"https:\/\/fbexpress.com\/fr\/carrieres\/\"\n                target=\"_self\">Carri\u00e8res chez FB <\/a>\n                    <\/div>\n    <\/div>\n<\/div>\n\n\n<div style=\"height:100px\" aria-hidden=\"true\" class=\"wp-block-spacer\"><\/div>\n\n\n\n<div id=\"block_6260623155723\"\n    class=\"call-to-action block no\">\n    <div class=\"wrapper align-center justify__end\">\n        <div\n            class=\"half-height-background bg-light-blue bottom\">\n        <\/div>\n        <div class=\"box-holder align-flex-end\" data-animation=\"fadeInUp\">\n            <div class=\"container\">\n                <div class=\"box bg-dark-blue white-text\">\n                    <h4>Prenez contact avec notre \u00e9quipe <\/h4>                     <div class=\"button-container display-flex\">\n                                                <a class=\"btn btn-white\" href=\"https:\/\/fbexpress.com\/contact-us\/\"\n                            target=\"_self\">Contactez-nous<\/a>\n                                            <\/div>\n                <\/div>\n            <\/div>\n        <\/div>\n        <div class=\"image-container full-height\" data-animation=\"fadeInUp\">\n                        <img decoding=\"async\" src=\"https:\/\/fbexpress.com\/wp-content\/uploads\/2022\/06\/General-Contact-1.jpg\" alt=\"\" \/>\n            <img decoding=\"async\" src=\"https:\/\/fbexpress.com\/wp-content\/themes\/mm-fbc\/img\/red-flag.png\"\n                alt=\"red flag\" class=\"flag yes\">\n                    <\/div>\n    <\/div>\n\n<\/div>","protected":false},"excerpt":{"rendered":"","protected":false},"author":5,"featured_media":0,"parent":0,"menu_order":0,"comment_status":"closed","ping_status":"closed","template":"","meta":{"_acf_changed":false,"footnotes":""},"class_list":["post-2266","page","type-page","status-publish","hentry"],"acf":[],"yoast_head":"<!-- This site is optimized with the Yoast SEO plugin v27.4 - https:\/\/yoast.com\/product\/yoast-seo-wordpress\/ -->\n<title>\u00c0 propos de nous | FB Canada Express<\/title>\n<meta name=\"robots\" content=\"index, follow, max-snippet:-1, max-image-preview:large, max-video-preview:-1\" \/>\n<link rel=\"canonical\" href=\"https:\/\/fbexpress.com\/fr\/a-propos-de-nous\/\" \/>\n<meta property=\"og:locale\" content=\"fr_FR\" \/>\n<meta property=\"og:type\" content=\"article\" \/>\n<meta property=\"og:title\" content=\"\u00c0 propos de nous | FB Canada Express\" \/>\n<meta property=\"og:url\" content=\"https:\/\/fbexpress.com\/fr\/a-propos-de-nous\/\" \/>\n<meta property=\"og:site_name\" content=\"FB Canada Express\" \/>\n<meta property=\"article:modified_time\" content=\"2022-07-07T16:31:53+00:00\" \/>\n<meta name=\"twitter:card\" content=\"summary_large_image\" \/>\n<script type=\"application\/ld+json\" class=\"yoast-schema-graph\">{\"@context\":\"https:\\\/\\\/schema.org\",\"@graph\":[{\"@type\":\"WebPage\",\"@id\":\"https:\\\/\\\/fbexpress.com\\\/fr\\\/a-propos-de-nous\\\/\",\"url\":\"https:\\\/\\\/fbexpress.com\\\/fr\\\/a-propos-de-nous\\\/\",\"name\":\"\u00c0 propos de nous | FB Canada Express\",\"isPartOf\":{\"@id\":\"https:\\\/\\\/fbexpress.com\\\/#website\"},\"datePublished\":\"2022-04-07T19:25:04+00:00\",\"dateModified\":\"2022-07-07T16:31:53+00:00\",\"breadcrumb\":{\"@id\":\"https:\\\/\\\/fbexpress.com\\\/fr\\\/a-propos-de-nous\\\/#breadcrumb\"},\"inLanguage\":\"fr-FR\",\"potentialAction\":[{\"@type\":\"ReadAction\",\"target\":[\"https:\\\/\\\/fbexpress.com\\\/fr\\\/a-propos-de-nous\\\/\"]}]},{\"@type\":\"BreadcrumbList\",\"@id\":\"https:\\\/\\\/fbexpress.com\\\/fr\\\/a-propos-de-nous\\\/#breadcrumb\",\"itemListElement\":[{\"@type\":\"ListItem\",\"position\":1,\"name\":\"Home\",\"item\":\"https:\\\/\\\/fbexpress.com\\\/fr\\\/\"},{\"@type\":\"ListItem\",\"position\":2,\"name\":\"\u00c0 propos de nous\"}]},{\"@type\":\"WebSite\",\"@id\":\"https:\\\/\\\/fbexpress.com\\\/#website\",\"url\":\"https:\\\/\\\/fbexpress.com\\\/\",\"name\":\"FB Canada Express\",\"description\":\"At FB Canada Express, we attribute our success to one guiding principle: laser-focused commitment to excellence in express logistics to, from and within Canada.\",\"publisher\":{\"@id\":\"https:\\\/\\\/fbexpress.com\\\/#organization\"},\"potentialAction\":[{\"@type\":\"SearchAction\",\"target\":{\"@type\":\"EntryPoint\",\"urlTemplate\":\"https:\\\/\\\/fbexpress.com\\\/?s={search_term_string}\"},\"query-input\":{\"@type\":\"PropertyValueSpecification\",\"valueRequired\":true,\"valueName\":\"search_term_string\"}}],\"inLanguage\":\"fr-FR\"},{\"@type\":\"Organization\",\"@id\":\"https:\\\/\\\/fbexpress.com\\\/#organization\",\"name\":\"FB CANADA Express\",\"url\":\"https:\\\/\\\/fbexpress.com\\\/\",\"logo\":{\"@type\":\"ImageObject\",\"inLanguage\":\"fr-FR\",\"@id\":\"https:\\\/\\\/fbexpress.com\\\/#\\\/schema\\\/logo\\\/image\\\/\",\"url\":\"https:\\\/\\\/fbexpress.com\\\/wp-content\\\/uploads\\\/2022\\\/04\\\/white-logo.svg\",\"contentUrl\":\"https:\\\/\\\/fbexpress.com\\\/wp-content\\\/uploads\\\/2022\\\/04\\\/white-logo.svg\",\"width\":181,\"height\":41,\"caption\":\"FB CANADA Express\"},\"image\":{\"@id\":\"https:\\\/\\\/fbexpress.com\\\/#\\\/schema\\\/logo\\\/image\\\/\"}}]}<\/script>\n<!-- \/ Yoast SEO plugin. -->","yoast_head_json":{"title":"\u00c0 propos de nous | FB Canada Express","robots":{"index":"index","follow":"follow","max-snippet":"max-snippet:-1","max-image-preview":"max-image-preview:large","max-video-preview":"max-video-preview:-1"},"canonical":"https:\/\/fbexpress.com\/fr\/a-propos-de-nous\/","og_locale":"fr_FR","og_type":"article","og_title":"\u00c0 propos de nous | FB Canada Express","og_url":"https:\/\/fbexpress.com\/fr\/a-propos-de-nous\/","og_site_name":"FB Canada Express","article_modified_time":"2022-07-07T16:31:53+00:00","twitter_card":"summary_large_image","schema":{"@context":"https:\/\/schema.org","@graph":[{"@type":"WebPage","@id":"https:\/\/fbexpress.com\/fr\/a-propos-de-nous\/","url":"https:\/\/fbexpress.com\/fr\/a-propos-de-nous\/","name":"\u00c0 propos de nous | FB Canada Express","isPartOf":{"@id":"https:\/\/fbexpress.com\/#website"},"datePublished":"2022-04-07T19:25:04+00:00","dateModified":"2022-07-07T16:31:53+00:00","breadcrumb":{"@id":"https:\/\/fbexpress.com\/fr\/a-propos-de-nous\/#breadcrumb"},"inLanguage":"fr-FR","potentialAction":[{"@type":"ReadAction","target":["https:\/\/fbexpress.com\/fr\/a-propos-de-nous\/"]}]},{"@type":"BreadcrumbList","@id":"https:\/\/fbexpress.com\/fr\/a-propos-de-nous\/#breadcrumb","itemListElement":[{"@type":"ListItem","position":1,"name":"Home","item":"https:\/\/fbexpress.com\/fr\/"},{"@type":"ListItem","position":2,"name":"\u00c0 propos de nous"}]},{"@type":"WebSite","@id":"https:\/\/fbexpress.com\/#website","url":"https:\/\/fbexpress.com\/","name":"FB Canada Express","description":"At FB Canada Express, we attribute our success to one guiding principle: laser-focused commitment to excellence in express logistics to, from and within Canada.","publisher":{"@id":"https:\/\/fbexpress.com\/#organization"},"potentialAction":[{"@type":"SearchAction","target":{"@type":"EntryPoint","urlTemplate":"https:\/\/fbexpress.com\/?s={search_term_string}"},"query-input":{"@type":"PropertyValueSpecification","valueRequired":true,"valueName":"search_term_string"}}],"inLanguage":"fr-FR"},{"@type":"Organization","@id":"https:\/\/fbexpress.com\/#organization","name":"FB CANADA Express","url":"https:\/\/fbexpress.com\/","logo":{"@type":"ImageObject","inLanguage":"fr-FR","@id":"https:\/\/fbexpress.com\/#\/schema\/logo\/image\/","url":"https:\/\/fbexpress.com\/wp-content\/uploads\/2022\/04\/white-logo.svg","contentUrl":"https:\/\/fbexpress.com\/wp-content\/uploads\/2022\/04\/white-logo.svg","width":181,"height":41,"caption":"FB CANADA Express"},"image":{"@id":"https:\/\/fbexpress.com\/#\/schema\/logo\/image\/"}}]}},"_links":{"self":[{"href":"https:\/\/fbexpress.com\/fr\/wp-json\/wp\/v2\/pages\/2266","targetHints":{"allow":["GET"]}}],"collection":[{"href":"https:\/\/fbexpress.com\/fr\/wp-json\/wp\/v2\/pages"}],"about":[{"href":"https:\/\/fbexpress.com\/fr\/wp-json\/wp\/v2\/types\/page"}],"author":[{"embeddable":true,"href":"https:\/\/fbexpress.com\/fr\/wp-json\/wp\/v2\/users\/5"}],"replies":[{"embeddable":true,"href":"https:\/\/fbexpress.com\/fr\/wp-json\/wp\/v2\/comments?post=2266"}],"version-history":[{"count":0,"href":"https:\/\/fbexpress.com\/fr\/wp-json\/wp\/v2\/pages\/2266\/revisions"}],"wp:attachment":[{"href":"https:\/\/fbexpress.com\/fr\/wp-json\/wp\/v2\/media?parent=2266"}],"curies":[{"name":"wp","href":"https:\/\/api.w.org\/{rel}","templated":true}]}}