{"id":2218,"date":"2022-05-04T00:41:53","date_gmt":"2022-05-04T00:41:53","guid":{"rendered":"https:\/\/fbexpress.com\/terms-of-service\/"},"modified":"2022-06-14T23:36:41","modified_gmt":"2022-06-14T23:36:41","slug":"conditions-dutilisation","status":"publish","type":"page","link":"https:\/\/fbexpress.com\/fr\/conditions-dutilisation\/","title":{"rendered":"Conditions d&rsquo;utilisation"},"content":{"rendered":"\n<h2 class=\"has-text-color wp-block-heading\" style=\"color:#01016f\">Conditions d&rsquo;utilisation<\/h2>\n\n\n\n<p>En acc\u00e9dant \u00e0 ce site Web, vous acceptez d&rsquo;\u00eatre li\u00e9 par les pr\u00e9sentes conditions d&rsquo;utilisation du site Web, toutes les lois et r\u00e9glementations applicables, et acceptez que vous \u00eates responsable du respect de toutes les lois locales applicables. Si vous n&rsquo;\u00eates pas d&rsquo;accord avec l&rsquo;une de ces conditions, vous pouvez avoir un acc\u00e8s limit\u00e9 \u00e0 ce site. Le mat\u00e9riel contenu dans ce site Web est prot\u00e9g\u00e9 par les lois applicables sur le droit d&rsquo;auteur et les marques de commerce.<\/p>\n\n\n\n<p><strong>Clause de non-responsabilit\u00e9<\/strong><\/p>\n\n\n\n<p>Le mat\u00e9riel sur le site Web de FB Canada Express est fourni \u00ab tel quel \u00bb. FB Canada Express n&rsquo;offre aucune garantie, expresse ou implicite, et d\u00e9cline et annule par la pr\u00e9sente toutes les autres garanties, y compris, sans s&rsquo;y limiter, les garanties ou conditions implicites de qualit\u00e9 marchande, d&rsquo;ad\u00e9quation \u00e0 un usage particulier ou de non-violation de la propri\u00e9t\u00e9 intellectuelle ou autre violation des droits. De plus, FB Canada Express ne garantit ni ne fait aucune d\u00e9claration concernant l&rsquo;exactitude, les r\u00e9sultats probables ou la fiabilit\u00e9 de l&rsquo;utilisation du mat\u00e9riel sur son site Internet ou autrement li\u00e9 \u00e0 ce mat\u00e9riel ou sur tout site li\u00e9 \u00e0 ce site.<\/p>\n\n\n\n<p><strong>Limites<\/strong><\/p>\n\n\n\n<p>En aucun cas, FB Canada Express ou ses fournisseurs ne seront responsables de tout dommage (y compris, sans s&rsquo;y limiter, les dommages pour perte de donn\u00e9es ou de profit, ou en raison d&rsquo;une interruption d&rsquo;activit\u00e9) d\u00e9coulant de l&rsquo;utilisation ou de l&rsquo;impossibilit\u00e9 d&rsquo;utiliser le mat\u00e9riel sur le site Internet de FB Canada Express, m\u00eame si FB Canada Express ou un repr\u00e9sentant autoris\u00e9 de FB Canada Express a \u00e9t\u00e9 avis\u00e9 verbalement ou par \u00e9crit de la possibilit\u00e9 d&rsquo;un tel dommage. \u00c9tant donn\u00e9 que certaines juridictions n&rsquo;autorisent pas les limitations de garanties implicites ou les limitations de responsabilit\u00e9 pour les dommages cons\u00e9cutifs ou accessoires, ces limitations peuvent ne pas s&rsquo;appliquer \u00e0 vous.<\/p>\n\n\n\n<p><strong>R\u00e9visions et errata<\/strong><\/p>\n\n\n\n<p>Le mat\u00e9riel apparaissant sur le site Web de FB Canada Express peut contenir des erreurs techniques, typographiques ou photographiques. FB Canada Express ne garantit pas que le mat\u00e9riel de son site Web est exact, complet ou \u00e0 jour. FB Canada Express peut apporter des modifications aux documents contenus sur son site Web \u00e0 tout moment et sans pr\u00e9avis. FB Canada Express ne s&rsquo;engage toutefois pas \u00e0 mettre \u00e0 jour le mat\u00e9riel.<\/p>\n\n\n\n<p><strong>Liens<\/strong><\/p>\n\n\n\n<p>FB Canada Express n&rsquo;est pas responsable des sites li\u00e9s \u00e0 son site Internet ni du contenu de ces sites li\u00e9s. L&rsquo;inclusion de tout lien n&rsquo;implique pas l&rsquo;approbation par FB Canada Express du site. L&rsquo;utilisation d&rsquo;un tel site Web li\u00e9 est aux risques et p\u00e9rils de l&rsquo;utilisateur.<\/p>\n\n\n\n<p><strong>Modifications des conditions d&rsquo;utilisation du site<\/strong><\/p>\n\n\n\n<p>FB Canada Express peut r\u00e9viser les pr\u00e9sentes conditions d&rsquo;utilisation de son site Web \u00e0 tout moment et sans pr\u00e9avis. En utilisant ce site Web, vous acceptez d&rsquo;\u00eatre li\u00e9 par la version alors en vigueur des pr\u00e9sentes conditions d&rsquo;utilisation.<\/p>\n\n\n\n<p><strong>Droit applicable<\/strong><\/p>\n\n\n\n<p>Toute r\u00e9clamation relative au site Web de FB Canada Express sera r\u00e9gie par les lois de la province d\u2019Ontario, sans \u00e9gard \u00e0 ses dispositions en mati\u00e8re de conflit de lois. Conditions g\u00e9n\u00e9rales applicables \u00e0 l&rsquo;utilisation d&rsquo;un site Web.<\/p>\n\n\n\n<div style=\"height:100px\" aria-hidden=\"true\" class=\"wp-block-spacer\"><\/div>\n","protected":false},"excerpt":{"rendered":"<p>Conditions d&rsquo;utilisation En acc\u00e9dant \u00e0 ce site Web, vous acceptez d&rsquo;\u00eatre li\u00e9 par les pr\u00e9sentes conditions d&rsquo;utilisation du site Web,<\/p>\n","protected":false},"author":5,"featured_media":0,"parent":0,"menu_order":0,"comment_status":"closed","ping_status":"closed","template":"page-narrow.php","meta":{"_acf_changed":false,"footnotes":""},"class_list":["post-2218","page","type-page","status-publish","hentry"],"acf":[],"yoast_head":"<!-- This site is optimized with the Yoast SEO plugin v27.4 - https:\/\/yoast.com\/product\/yoast-seo-wordpress\/ -->\n<title>Conditions d&#039;utilisation | FB Canada Express<\/title>\n<meta name=\"robots\" content=\"index, follow, max-snippet:-1, max-image-preview:large, max-video-preview:-1\" \/>\n<link rel=\"canonical\" href=\"https:\/\/fbexpress.com\/fr\/conditions-dutilisation\/\" \/>\n<meta property=\"og:locale\" content=\"fr_FR\" \/>\n<meta property=\"og:type\" content=\"article\" \/>\n<meta property=\"og:title\" content=\"Conditions d&#039;utilisation | FB Canada Express\" \/>\n<meta property=\"og:description\" content=\"Conditions d&rsquo;utilisation En acc\u00e9dant \u00e0 ce site Web, vous acceptez d&rsquo;\u00eatre li\u00e9 par les pr\u00e9sentes conditions d&rsquo;utilisation du site Web,\" \/>\n<meta property=\"og:url\" content=\"https:\/\/fbexpress.com\/fr\/conditions-dutilisation\/\" \/>\n<meta property=\"og:site_name\" content=\"FB Canada Express\" \/>\n<meta property=\"article:modified_time\" content=\"2022-06-14T23:36:41+00:00\" \/>\n<meta name=\"twitter:card\" content=\"summary_large_image\" \/>\n<meta name=\"twitter:label1\" content=\"Dur\u00e9e de lecture estim\u00e9e\" \/>\n\t<meta name=\"twitter:data1\" content=\"3 minutes\" \/>\n<script type=\"application\/ld+json\" class=\"yoast-schema-graph\">{\"@context\":\"https:\\\/\\\/schema.org\",\"@graph\":[{\"@type\":\"WebPage\",\"@id\":\"https:\\\/\\\/fbexpress.com\\\/fr\\\/conditions-dutilisation\\\/\",\"url\":\"https:\\\/\\\/fbexpress.com\\\/fr\\\/conditions-dutilisation\\\/\",\"name\":\"Conditions d'utilisation | FB Canada Express\",\"isPartOf\":{\"@id\":\"https:\\\/\\\/fbexpress.com\\\/#website\"},\"datePublished\":\"2022-05-04T00:41:53+00:00\",\"dateModified\":\"2022-06-14T23:36:41+00:00\",\"breadcrumb\":{\"@id\":\"https:\\\/\\\/fbexpress.com\\\/fr\\\/conditions-dutilisation\\\/#breadcrumb\"},\"inLanguage\":\"fr-FR\",\"potentialAction\":[{\"@type\":\"ReadAction\",\"target\":[\"https:\\\/\\\/fbexpress.com\\\/fr\\\/conditions-dutilisation\\\/\"]}]},{\"@type\":\"BreadcrumbList\",\"@id\":\"https:\\\/\\\/fbexpress.com\\\/fr\\\/conditions-dutilisation\\\/#breadcrumb\",\"itemListElement\":[{\"@type\":\"ListItem\",\"position\":1,\"name\":\"Home\",\"item\":\"https:\\\/\\\/fbexpress.com\\\/fr\\\/\"},{\"@type\":\"ListItem\",\"position\":2,\"name\":\"Conditions d&#8217;utilisation\"}]},{\"@type\":\"WebSite\",\"@id\":\"https:\\\/\\\/fbexpress.com\\\/#website\",\"url\":\"https:\\\/\\\/fbexpress.com\\\/\",\"name\":\"FB Canada Express\",\"description\":\"At FB Canada Express, we attribute our success to one guiding principle: laser-focused commitment to excellence in express logistics to, from and within Canada.\",\"publisher\":{\"@id\":\"https:\\\/\\\/fbexpress.com\\\/#organization\"},\"potentialAction\":[{\"@type\":\"SearchAction\",\"target\":{\"@type\":\"EntryPoint\",\"urlTemplate\":\"https:\\\/\\\/fbexpress.com\\\/?s={search_term_string}\"},\"query-input\":{\"@type\":\"PropertyValueSpecification\",\"valueRequired\":true,\"valueName\":\"search_term_string\"}}],\"inLanguage\":\"fr-FR\"},{\"@type\":\"Organization\",\"@id\":\"https:\\\/\\\/fbexpress.com\\\/#organization\",\"name\":\"FB CANADA Express\",\"url\":\"https:\\\/\\\/fbexpress.com\\\/\",\"logo\":{\"@type\":\"ImageObject\",\"inLanguage\":\"fr-FR\",\"@id\":\"https:\\\/\\\/fbexpress.com\\\/#\\\/schema\\\/logo\\\/image\\\/\",\"url\":\"https:\\\/\\\/fbexpress.com\\\/wp-content\\\/uploads\\\/2022\\\/04\\\/white-logo.svg\",\"contentUrl\":\"https:\\\/\\\/fbexpress.com\\\/wp-content\\\/uploads\\\/2022\\\/04\\\/white-logo.svg\",\"width\":181,\"height\":41,\"caption\":\"FB CANADA Express\"},\"image\":{\"@id\":\"https:\\\/\\\/fbexpress.com\\\/#\\\/schema\\\/logo\\\/image\\\/\"}}]}<\/script>\n<!-- \/ Yoast SEO plugin. -->","yoast_head_json":{"title":"Conditions d'utilisation | FB Canada Express","robots":{"index":"index","follow":"follow","max-snippet":"max-snippet:-1","max-image-preview":"max-image-preview:large","max-video-preview":"max-video-preview:-1"},"canonical":"https:\/\/fbexpress.com\/fr\/conditions-dutilisation\/","og_locale":"fr_FR","og_type":"article","og_title":"Conditions d'utilisation | FB Canada Express","og_description":"Conditions d&rsquo;utilisation En acc\u00e9dant \u00e0 ce site Web, vous acceptez d&rsquo;\u00eatre li\u00e9 par les pr\u00e9sentes conditions d&rsquo;utilisation du site Web,","og_url":"https:\/\/fbexpress.com\/fr\/conditions-dutilisation\/","og_site_name":"FB Canada Express","article_modified_time":"2022-06-14T23:36:41+00:00","twitter_card":"summary_large_image","twitter_misc":{"Dur\u00e9e de lecture estim\u00e9e":"3 minutes"},"schema":{"@context":"https:\/\/schema.org","@graph":[{"@type":"WebPage","@id":"https:\/\/fbexpress.com\/fr\/conditions-dutilisation\/","url":"https:\/\/fbexpress.com\/fr\/conditions-dutilisation\/","name":"Conditions d'utilisation | FB Canada Express","isPartOf":{"@id":"https:\/\/fbexpress.com\/#website"},"datePublished":"2022-05-04T00:41:53+00:00","dateModified":"2022-06-14T23:36:41+00:00","breadcrumb":{"@id":"https:\/\/fbexpress.com\/fr\/conditions-dutilisation\/#breadcrumb"},"inLanguage":"fr-FR","potentialAction":[{"@type":"ReadAction","target":["https:\/\/fbexpress.com\/fr\/conditions-dutilisation\/"]}]},{"@type":"BreadcrumbList","@id":"https:\/\/fbexpress.com\/fr\/conditions-dutilisation\/#breadcrumb","itemListElement":[{"@type":"ListItem","position":1,"name":"Home","item":"https:\/\/fbexpress.com\/fr\/"},{"@type":"ListItem","position":2,"name":"Conditions d&#8217;utilisation"}]},{"@type":"WebSite","@id":"https:\/\/fbexpress.com\/#website","url":"https:\/\/fbexpress.com\/","name":"FB Canada Express","description":"At FB Canada Express, we attribute our success to one guiding principle: laser-focused commitment to excellence in express logistics to, from and within Canada.","publisher":{"@id":"https:\/\/fbexpress.com\/#organization"},"potentialAction":[{"@type":"SearchAction","target":{"@type":"EntryPoint","urlTemplate":"https:\/\/fbexpress.com\/?s={search_term_string}"},"query-input":{"@type":"PropertyValueSpecification","valueRequired":true,"valueName":"search_term_string"}}],"inLanguage":"fr-FR"},{"@type":"Organization","@id":"https:\/\/fbexpress.com\/#organization","name":"FB CANADA Express","url":"https:\/\/fbexpress.com\/","logo":{"@type":"ImageObject","inLanguage":"fr-FR","@id":"https:\/\/fbexpress.com\/#\/schema\/logo\/image\/","url":"https:\/\/fbexpress.com\/wp-content\/uploads\/2022\/04\/white-logo.svg","contentUrl":"https:\/\/fbexpress.com\/wp-content\/uploads\/2022\/04\/white-logo.svg","width":181,"height":41,"caption":"FB CANADA Express"},"image":{"@id":"https:\/\/fbexpress.com\/#\/schema\/logo\/image\/"}}]}},"_links":{"self":[{"href":"https:\/\/fbexpress.com\/fr\/wp-json\/wp\/v2\/pages\/2218","targetHints":{"allow":["GET"]}}],"collection":[{"href":"https:\/\/fbexpress.com\/fr\/wp-json\/wp\/v2\/pages"}],"about":[{"href":"https:\/\/fbexpress.com\/fr\/wp-json\/wp\/v2\/types\/page"}],"author":[{"embeddable":true,"href":"https:\/\/fbexpress.com\/fr\/wp-json\/wp\/v2\/users\/5"}],"replies":[{"embeddable":true,"href":"https:\/\/fbexpress.com\/fr\/wp-json\/wp\/v2\/comments?post=2218"}],"version-history":[{"count":0,"href":"https:\/\/fbexpress.com\/fr\/wp-json\/wp\/v2\/pages\/2218\/revisions"}],"wp:attachment":[{"href":"https:\/\/fbexpress.com\/fr\/wp-json\/wp\/v2\/media?parent=2218"}],"curies":[{"name":"wp","href":"https:\/\/api.w.org\/{rel}","templated":true}]}}