{"id":2171,"date":"2022-05-02T22:13:44","date_gmt":"2022-05-02T22:13:44","guid":{"rendered":"https:\/\/fbexpress.com\/les-industries\/life-science-healthcare\/"},"modified":"2022-06-14T23:36:44","modified_gmt":"2022-06-14T23:36:44","slug":"sciences-de-la-vie","status":"publish","type":"page","link":"https:\/\/fbexpress.com\/fr\/les-industries\/sciences-de-la-vie\/","title":{"rendered":"Sciences de la vie"},"content":{"rendered":"\n<div id=\"block_62584508826d8\"\n    class=\"hero-style-2 call-to-action wide-section narrow block\">\n    <div class=\"wrapper align-center justify__end\">\n        <div class=\"half-height-background bg-white bottom\"\n            data-animation=\"fadeInUp\"><\/div>\n        <div class=\"box-holder align-flex-end\" data-animation=\"fadeInLeft\">\n            <div class=\"container\">\n                <div class=\"box bg-dark-blue\">\n                    <h1>Sciences de la vie <\/h1>                     <h3>Connaissance du march\u00e9 et fiabilit\u00e9. <\/h3>                    <p>Respecter les r\u00e9glementations et exigences strictes en mati\u00e8re de stockage, d&rsquo;exp\u00e9dition et de livraison de produits pharmaceutiques et de composants et \u00e9quipements m\u00e9dicaux.<\/p>                    <div class=\"button-container display-flex\">\n                                                <a class=\"btn btn-white\" href=\"https:\/\/fbexpress.com\/fr\/nous-contacter\/\"\n                            target=\"_self\">Pour en savoir plus<\/a>\n                                            <\/div>\n                <\/div>\n            <\/div>\n        <\/div>\n        <div class=\"image-container full-height\" data-animation=\"fadeInRight\">\n                        <img decoding=\"async\" src=\"https:\/\/fbexpress.com\/wp-content\/uploads\/2022\/06\/Life-Sci-Hero-1.jpg\" alt=\"\" \/>\n            <img decoding=\"async\" src=\"https:\/\/fbexpress.com\/wp-content\/themes\/mm-fbc\/img\/red-flag.png\" alt=\"\"\n                class=\"flag \">\n                    <\/div>\n    <\/div>\n\n<\/div>\n\n\n<div id=\"block_62857c54c5c01\"\n    class=\"center-aligned content-with-media block\">\n    <div\n        class=\"container-small default-padding display-flex justify__space-between lg-flex-rowleft\">\n        <div class=\"media height-auto\" data-animation=\"fadeInUp\">\n                        <img decoding=\"async\" src=\"https:\/\/fbexpress.com\/wp-content\/uploads\/2022\/06\/Life-Sci-Tech-1.jpg\" alt=\"\"\n                class=\"full-width full-height object-fit__cover\" \/>\n                    <\/div>\n        <div class=\"content display-flex justify__center flex-column\" data-animation=\"fadeInUp\">\n            <H3>Cha\u00eene d&rsquo;approvisionnement contr\u00f4l\u00e9e par la technologie<\/H3><p>FB Canada Express livre des produits pharmaceutiques vitaux et des fournitures m\u00e9dicales indispensables \u00e0 destination, en provenance et \u00e0 l&rsquo;int\u00e9rieur du Canada. Avec des dizaines d&rsquo;ann\u00e9es d&rsquo;exp\u00e9rience, nos agents de logistique et de transport \u00e0 d\u00e9lai critique peuvent coordonner et g\u00e9rer les exigences de conformit\u00e9 transfrontali\u00e8re, de courtage en douane et de transport.<\/p>\n        <\/div>\n    <\/div>\n<\/div>\n\n\n<div id=\"block_62857ca7c5c02\"\n    class=\"center-aligned content-with-media block\">\n    <div\n        class=\"container-small default-padding display-flex justify__space-between lg-flex-row-reverse\">\n        <div class=\"media height-auto\" data-animation=\"fadeInUp\">\n                        <img decoding=\"async\" src=\"https:\/\/fbexpress.com\/wp-content\/uploads\/2022\/06\/Life-Sci-Compliant-2.jpg\" alt=\"\"\n                class=\"full-width full-height object-fit__cover\" \/>\n                    <\/div>\n        <div class=\"content display-flex justify__center flex-column\" data-animation=\"fadeInUp\">\n            <H3>Sant\u00e9 Canada ou d&rsquo;autres agences<\/H3><p>Nous nous assurons que vous \u00eates en conformit\u00e9 avec les r\u00e9glementations gouvernementales au Canada.<\/p>\n<p>De l&rsquo;entreposage, au stockage, \u00e0 la cha\u00eene de possession s\u00e9curis\u00e9e pendant le transport. FB Canada Express d\u00e9place des cargaisons pr\u00e9cieuses avec des solutions de visibilit\u00e9 et de surveillance en temps r\u00e9el de premier plan gr\u00e2ce \u00e0 des dispositifs technologiques int\u00e9gr\u00e9s de localisation et de temp\u00e9rature, et \u00e0 notre plateforme de gestion de la cha\u00eene d&rsquo;approvisionnement.<\/p>\n        <\/div>\n    <\/div>\n<\/div>\n\n\n<div id=\"block_6271a3c310cce\"\n    class=\"call-to-action block padding-top-60\">\n    <div class=\"wrapper align-center justify__end\">\n        <div\n            class=\"half-height-background bg-light-blue bottom\">\n        <\/div>\n        <div class=\"box-holder align-flex-end\" data-animation=\"fadeInUp\">\n            <div class=\"container\">\n                <div class=\"box bg-dark-blue white-text\">\n                    <h4>Nous faisons avancer la science sans compromis. \r\n<\/h4>                     <div class=\"button-container display-flex\">\n                                                <a class=\"btn btn-white\" href=\"tel:+19056120029\"\n                            target=\"_blank\">Appelez-nous<\/a>\n                                            <\/div>\n                <\/div>\n            <\/div>\n        <\/div>\n        <div class=\"image-container full-height\" data-animation=\"fadeInUp\">\n                        <img decoding=\"async\" src=\"https:\/\/fbexpress.com\/wp-content\/uploads\/2022\/06\/Life-Sci-Contact-1.jpg\" alt=\"\" \/>\n            <img decoding=\"async\" src=\"https:\/\/fbexpress.com\/wp-content\/themes\/mm-fbc\/img\/red-flag.png\"\n                alt=\"red flag\" class=\"flag no\">\n                    <\/div>\n    <\/div>\n\n<\/div>","protected":false},"excerpt":{"rendered":"","protected":false},"author":5,"featured_media":0,"parent":2150,"menu_order":0,"comment_status":"closed","ping_status":"closed","template":"","meta":{"_acf_changed":false,"footnotes":""},"class_list":["post-2171","page","type-page","status-publish","hentry"],"acf":[],"yoast_head":"<!-- This site is optimized with the Yoast SEO plugin v27.4 - https:\/\/yoast.com\/product\/yoast-seo-wordpress\/ -->\n<title>Sciences de la vie | FB Canada Express<\/title>\n<meta name=\"robots\" content=\"index, follow, max-snippet:-1, max-image-preview:large, max-video-preview:-1\" \/>\n<link rel=\"canonical\" href=\"https:\/\/fbexpress.com\/fr\/les-industries\/sciences-de-la-vie\/\" \/>\n<meta property=\"og:locale\" content=\"fr_FR\" \/>\n<meta property=\"og:type\" content=\"article\" \/>\n<meta property=\"og:title\" content=\"Sciences de la vie | FB Canada Express\" \/>\n<meta property=\"og:url\" content=\"https:\/\/fbexpress.com\/fr\/les-industries\/sciences-de-la-vie\/\" \/>\n<meta property=\"og:site_name\" content=\"FB Canada Express\" \/>\n<meta property=\"article:modified_time\" content=\"2022-06-14T23:36:44+00:00\" \/>\n<meta name=\"twitter:card\" content=\"summary_large_image\" \/>\n<script type=\"application\/ld+json\" class=\"yoast-schema-graph\">{\"@context\":\"https:\\\/\\\/schema.org\",\"@graph\":[{\"@type\":\"WebPage\",\"@id\":\"https:\\\/\\\/fbexpress.com\\\/fr\\\/les-industries\\\/sciences-de-la-vie\\\/\",\"url\":\"https:\\\/\\\/fbexpress.com\\\/fr\\\/les-industries\\\/sciences-de-la-vie\\\/\",\"name\":\"Sciences de la vie | FB Canada Express\",\"isPartOf\":{\"@id\":\"https:\\\/\\\/fbexpress.com\\\/#website\"},\"datePublished\":\"2022-05-02T22:13:44+00:00\",\"dateModified\":\"2022-06-14T23:36:44+00:00\",\"breadcrumb\":{\"@id\":\"https:\\\/\\\/fbexpress.com\\\/fr\\\/les-industries\\\/sciences-de-la-vie\\\/#breadcrumb\"},\"inLanguage\":\"fr-FR\",\"potentialAction\":[{\"@type\":\"ReadAction\",\"target\":[\"https:\\\/\\\/fbexpress.com\\\/fr\\\/les-industries\\\/sciences-de-la-vie\\\/\"]}]},{\"@type\":\"BreadcrumbList\",\"@id\":\"https:\\\/\\\/fbexpress.com\\\/fr\\\/les-industries\\\/sciences-de-la-vie\\\/#breadcrumb\",\"itemListElement\":[{\"@type\":\"ListItem\",\"position\":1,\"name\":\"Home\",\"item\":\"https:\\\/\\\/fbexpress.com\\\/fr\\\/\"},{\"@type\":\"ListItem\",\"position\":2,\"name\":\"Les Industries\",\"item\":\"https:\\\/\\\/fbexpress.com\\\/fr\\\/les-industries\\\/\"},{\"@type\":\"ListItem\",\"position\":3,\"name\":\"Sciences de la vie\"}]},{\"@type\":\"WebSite\",\"@id\":\"https:\\\/\\\/fbexpress.com\\\/#website\",\"url\":\"https:\\\/\\\/fbexpress.com\\\/\",\"name\":\"FB Canada Express\",\"description\":\"At FB Canada Express, we attribute our success to one guiding principle: laser-focused commitment to excellence in express logistics to, from and within Canada.\",\"publisher\":{\"@id\":\"https:\\\/\\\/fbexpress.com\\\/#organization\"},\"potentialAction\":[{\"@type\":\"SearchAction\",\"target\":{\"@type\":\"EntryPoint\",\"urlTemplate\":\"https:\\\/\\\/fbexpress.com\\\/?s={search_term_string}\"},\"query-input\":{\"@type\":\"PropertyValueSpecification\",\"valueRequired\":true,\"valueName\":\"search_term_string\"}}],\"inLanguage\":\"fr-FR\"},{\"@type\":\"Organization\",\"@id\":\"https:\\\/\\\/fbexpress.com\\\/#organization\",\"name\":\"FB CANADA Express\",\"url\":\"https:\\\/\\\/fbexpress.com\\\/\",\"logo\":{\"@type\":\"ImageObject\",\"inLanguage\":\"fr-FR\",\"@id\":\"https:\\\/\\\/fbexpress.com\\\/#\\\/schema\\\/logo\\\/image\\\/\",\"url\":\"https:\\\/\\\/fbexpress.com\\\/wp-content\\\/uploads\\\/2022\\\/04\\\/white-logo.svg\",\"contentUrl\":\"https:\\\/\\\/fbexpress.com\\\/wp-content\\\/uploads\\\/2022\\\/04\\\/white-logo.svg\",\"width\":181,\"height\":41,\"caption\":\"FB CANADA Express\"},\"image\":{\"@id\":\"https:\\\/\\\/fbexpress.com\\\/#\\\/schema\\\/logo\\\/image\\\/\"}}]}<\/script>\n<!-- \/ Yoast SEO plugin. -->","yoast_head_json":{"title":"Sciences de la vie | FB Canada Express","robots":{"index":"index","follow":"follow","max-snippet":"max-snippet:-1","max-image-preview":"max-image-preview:large","max-video-preview":"max-video-preview:-1"},"canonical":"https:\/\/fbexpress.com\/fr\/les-industries\/sciences-de-la-vie\/","og_locale":"fr_FR","og_type":"article","og_title":"Sciences de la vie | FB Canada Express","og_url":"https:\/\/fbexpress.com\/fr\/les-industries\/sciences-de-la-vie\/","og_site_name":"FB Canada Express","article_modified_time":"2022-06-14T23:36:44+00:00","twitter_card":"summary_large_image","schema":{"@context":"https:\/\/schema.org","@graph":[{"@type":"WebPage","@id":"https:\/\/fbexpress.com\/fr\/les-industries\/sciences-de-la-vie\/","url":"https:\/\/fbexpress.com\/fr\/les-industries\/sciences-de-la-vie\/","name":"Sciences de la vie | FB Canada Express","isPartOf":{"@id":"https:\/\/fbexpress.com\/#website"},"datePublished":"2022-05-02T22:13:44+00:00","dateModified":"2022-06-14T23:36:44+00:00","breadcrumb":{"@id":"https:\/\/fbexpress.com\/fr\/les-industries\/sciences-de-la-vie\/#breadcrumb"},"inLanguage":"fr-FR","potentialAction":[{"@type":"ReadAction","target":["https:\/\/fbexpress.com\/fr\/les-industries\/sciences-de-la-vie\/"]}]},{"@type":"BreadcrumbList","@id":"https:\/\/fbexpress.com\/fr\/les-industries\/sciences-de-la-vie\/#breadcrumb","itemListElement":[{"@type":"ListItem","position":1,"name":"Home","item":"https:\/\/fbexpress.com\/fr\/"},{"@type":"ListItem","position":2,"name":"Les Industries","item":"https:\/\/fbexpress.com\/fr\/les-industries\/"},{"@type":"ListItem","position":3,"name":"Sciences de la vie"}]},{"@type":"WebSite","@id":"https:\/\/fbexpress.com\/#website","url":"https:\/\/fbexpress.com\/","name":"FB Canada Express","description":"At FB Canada Express, we attribute our success to one guiding principle: laser-focused commitment to excellence in express logistics to, from and within Canada.","publisher":{"@id":"https:\/\/fbexpress.com\/#organization"},"potentialAction":[{"@type":"SearchAction","target":{"@type":"EntryPoint","urlTemplate":"https:\/\/fbexpress.com\/?s={search_term_string}"},"query-input":{"@type":"PropertyValueSpecification","valueRequired":true,"valueName":"search_term_string"}}],"inLanguage":"fr-FR"},{"@type":"Organization","@id":"https:\/\/fbexpress.com\/#organization","name":"FB CANADA Express","url":"https:\/\/fbexpress.com\/","logo":{"@type":"ImageObject","inLanguage":"fr-FR","@id":"https:\/\/fbexpress.com\/#\/schema\/logo\/image\/","url":"https:\/\/fbexpress.com\/wp-content\/uploads\/2022\/04\/white-logo.svg","contentUrl":"https:\/\/fbexpress.com\/wp-content\/uploads\/2022\/04\/white-logo.svg","width":181,"height":41,"caption":"FB CANADA Express"},"image":{"@id":"https:\/\/fbexpress.com\/#\/schema\/logo\/image\/"}}]}},"_links":{"self":[{"href":"https:\/\/fbexpress.com\/fr\/wp-json\/wp\/v2\/pages\/2171","targetHints":{"allow":["GET"]}}],"collection":[{"href":"https:\/\/fbexpress.com\/fr\/wp-json\/wp\/v2\/pages"}],"about":[{"href":"https:\/\/fbexpress.com\/fr\/wp-json\/wp\/v2\/types\/page"}],"author":[{"embeddable":true,"href":"https:\/\/fbexpress.com\/fr\/wp-json\/wp\/v2\/users\/5"}],"replies":[{"embeddable":true,"href":"https:\/\/fbexpress.com\/fr\/wp-json\/wp\/v2\/comments?post=2171"}],"version-history":[{"count":0,"href":"https:\/\/fbexpress.com\/fr\/wp-json\/wp\/v2\/pages\/2171\/revisions"}],"up":[{"embeddable":true,"href":"https:\/\/fbexpress.com\/fr\/wp-json\/wp\/v2\/pages\/2150"}],"wp:attachment":[{"href":"https:\/\/fbexpress.com\/fr\/wp-json\/wp\/v2\/media?parent=2171"}],"curies":[{"name":"wp","href":"https:\/\/api.w.org\/{rel}","templated":true}]}}