{"id":2164,"date":"2022-04-06T19:43:05","date_gmt":"2022-04-06T19:43:05","guid":{"rendered":"https:\/\/fbexpress.com\/les-industries\/aerospace\/"},"modified":"2022-06-14T23:36:44","modified_gmt":"2022-06-14T23:36:44","slug":"aerospatiale","status":"publish","type":"page","link":"https:\/\/fbexpress.com\/fr\/les-industries\/aerospatiale\/","title":{"rendered":"A\u00e9rospatiale"},"content":{"rendered":"\n<div id=\"block_62584508826d8\"\n    class=\"hero-style-2 call-to-action wide-section narrow block\">\n    <div class=\"wrapper align-center justify__end\">\n        <div class=\"half-height-background bg-white bottom\"\n            data-animation=\"fadeInUp\"><\/div>\n        <div class=\"box-holder align-flex-end\" data-animation=\"fadeInLeft\">\n            <div class=\"container\">\n                <div class=\"box bg-dark-blue\">\n                    <h1>A\u00e9rospatiale<\/h1>                     <h3>Nous faisons d\u00e9coller votre avion. <\/h3>                    <p>Chaque minute compte lorsqu&rsquo;on est au sol sur le tarmac. Notre \u00e9quipe AOG rel\u00e8ve quotidiennement des d\u00e9fis complexes en mati\u00e8re d&rsquo;exp\u00e9dition pour l&rsquo;aviation et l&rsquo;a\u00e9rospatiale mondiales. <\/p>                    <div class=\"button-container display-flex\">\n                                                <a class=\"btn btn-white\" href=\"https:\/\/fbexpress.com\/fr\/nous-contacter\/\"\n                            target=\"_self\">Pour en savoir plus<\/a>\n                                            <\/div>\n                <\/div>\n            <\/div>\n        <\/div>\n        <div class=\"image-container full-height\" data-animation=\"fadeInRight\">\n                        <img decoding=\"async\" src=\"https:\/\/fbexpress.com\/wp-content\/uploads\/2022\/06\/Aerospace-Hero-1.jpg\" alt=\"\" \/>\n            <img decoding=\"async\" src=\"https:\/\/fbexpress.com\/wp-content\/themes\/mm-fbc\/img\/red-flag.png\" alt=\"\"\n                class=\"flag \">\n                    <\/div>\n    <\/div>\n\n<\/div>\n\n\n<div id=\"block_6271a8bdf4a5c\"\n    class=\"center-aligned content-with-media block\">\n    <div\n        class=\"container-small default-padding display-flex justify__space-between lg-flex-rowleft\">\n        <div class=\"media height-auto\" data-animation=\"fadeInUp\">\n                        <img decoding=\"async\" src=\"https:\/\/fbexpress.com\/wp-content\/uploads\/2022\/06\/Aerospace-Immediate-Service.jpg\" alt=\"\"\n                class=\"full-width full-height object-fit__cover\" \/>\n                    <\/div>\n        <div class=\"content display-flex justify__center flex-column\" data-animation=\"fadeInUp\">\n            <H3>Service AOG imm\u00e9diat<\/H3><p>Le si\u00e8ge social de FB Canada Express est situ\u00e9 \u00e0 Montr\u00e9al, au Qu\u00e9bec &#8211; l&rsquo;un des plus importants centres a\u00e9rospatiaux au monde. Nous avons un acc\u00e8s direct \u00e0 tous les grands a\u00e9roports, ainsi qu&rsquo;aux fabricants d&rsquo;avions et d&rsquo;\u00e9quipements. Bombardier, Airbus, Bell Helicopter, CAE, Pratt &amp; Whitney, ainsi que plus de 200 autres entreprises sp\u00e9cialis\u00e9es jouent toutes un r\u00f4le cl\u00e9 dans le service AOG et la livraison de pi\u00e8ces pour les avions immobilis\u00e9s au sol dans le monde entier.<\/p>\n<p>Nous livrons les pi\u00e8ces urgentes n&rsquo;importe o\u00f9 au Canada et \u00e0 partir du Canada. Notre objectif est de r\u00e9duire au minimum vos frais d&rsquo;entretien et de remettre votre avion en service plus rapidement gr\u00e2ce \u00e0 notre \u00e9quipe AOG d\u00e9vou\u00e9e et agile.<\/p>\n        <\/div>\n    <\/div>\n<\/div>\n\n\n<div id=\"block_6271a918f4a62\"\n    class=\"numbered-info-cards cards-block block\">\n    <div class=\"wrapper wrapper display-flex justify__center\">\n        <div class=\"container-small full-width display-flex justify__center flex-column\">\n                        <div class=\"content display-flex justify__center align-flex-end\" data-animation=\"fadeInUp\">\n                <div class=\"title-description text-center\">\n                    <h3>Services logistiques de l&rsquo;AOG <\/h3>                    <p>Qu&rsquo;il s&rsquo;agisse d&rsquo;exp\u00e9ditions d&rsquo;urgence ou sp\u00e9cialis\u00e9es, de r\u00e9approvisionnement de commandes, de retour de pi\u00e8ces et plus encore, la vaste gamme de capacit\u00e9s de FB Canada permet d&rsquo;offrir un service rapide et fiable r\u00e9pondant \u00e0 vos besoins uniques en mati\u00e8re de logistique AOG. <\/p>                <\/div>\n            <\/div>\n                        <div class=\"cards\" data-animation=\"fadeInUp\">\n                <div class=\"center-aligned full-height\">\n                    <div\n                        class=\"wrapper full-width display-flex flex-row justify__space-between align-stretch nowrap full-height slider-on-mobile\">\n                                                <div class=\"card-single bg-dark-blue white-text text-left position-relative\">\n                            <h1><\/h1>\n                            <h6>Services d&rsquo;affr\u00e8tement <\/h6>                            <p>Affr\u00e9ter des avions pour transporter des m\u00e9caniciens ou des pi\u00e8ces de toute taille, avec une expertise particuli\u00e8re pour les articles volumineux et encombrants tels que les moteurs d&rsquo;avion ou les composants du fuselage, etc.<\/p>                        <\/div>\n                                                <div class=\"card-single bg-dark-blue white-text text-left position-relative\">\n                            <h1><\/h1>\n                            <h6>Prochain vol de sortie (NFO) <\/h6>                            <p>Des solutions compl\u00e8tes et int\u00e9gr\u00e9es pour garantir les meilleures options de vol disponibles en fonction de la disponibilit\u00e9 d&rsquo;options sans escale, des conditions m\u00e9t\u00e9orologiques potentielles, des performances du hub et de la fiabilit\u00e9 de l&rsquo;itin\u00e9raire.<\/p>                        <\/div>\n                                                <div class=\"card-single bg-dark-blue white-text text-left position-relative\">\n                            <h1><\/h1>\n                            <h6>Courrier de bord<\/h6>                            <p>Service de transport \u00e0 la main pour aider \u00e0 acheminer les petites pi\u00e8ces de rechange des fabricants d&rsquo;\u00e9quipements d&rsquo;origine vers leur destination plus rapidement, avec des d\u00e9lais plus courts et un processus de d\u00e9douanement plus fiable.<\/p>                        <\/div>\n                                            <\/div>\n                <\/div>\n            <\/div>\n        <\/div>\n    <\/div>\n<\/div>\n\n\n<div id=\"block_62705f147b895\"\n    class=\"call-to-action block padding-top-60\">\n    <div class=\"wrapper align-center justify__end\">\n        <div\n            class=\"half-height-background bg-light-blue bottom\">\n        <\/div>\n        <div class=\"box-holder align-flex-end\" data-animation=\"fadeInUp\">\n            <div class=\"container\">\n                <div class=\"box bg-dark-blue white-text\">\n                    <h4>Consid\u00e9rez-nous comme une extension de votre \u00e9quipe AOG ou de maintenance.\r\nNous restons en attente pour vous.\r\n<\/h4>                     <div class=\"button-container display-flex\">\n                                                <a class=\"btn btn-white\" href=\"tel:+19056120029\"\n                            target=\"_blank\">Appelez-nous<\/a>\n                                            <\/div>\n                <\/div>\n            <\/div>\n        <\/div>\n        <div class=\"image-container full-height\" data-animation=\"fadeInUp\">\n                        <img decoding=\"async\" src=\"https:\/\/fbexpress.com\/wp-content\/uploads\/2022\/06\/Aerospace-Contact-1.jpg\" alt=\"\" \/>\n            <img decoding=\"async\" src=\"https:\/\/fbexpress.com\/wp-content\/themes\/mm-fbc\/img\/red-flag.png\"\n                alt=\"red flag\" class=\"flag no\">\n                    <\/div>\n    <\/div>\n\n<\/div>","protected":false},"excerpt":{"rendered":"","protected":false},"author":5,"featured_media":0,"parent":2150,"menu_order":0,"comment_status":"closed","ping_status":"closed","template":"","meta":{"_acf_changed":false,"footnotes":""},"class_list":["post-2164","page","type-page","status-publish","hentry"],"acf":[],"yoast_head":"<!-- This site is optimized with the Yoast SEO plugin v27.5 - https:\/\/yoast.com\/product\/yoast-seo-wordpress\/ -->\n<title>A\u00e9rospatiale | FB Canada Express<\/title>\n<meta name=\"robots\" content=\"index, follow, max-snippet:-1, max-image-preview:large, max-video-preview:-1\" \/>\n<link rel=\"canonical\" href=\"https:\/\/fbexpress.com\/fr\/les-industries\/aerospatiale\/\" \/>\n<meta property=\"og:locale\" content=\"fr_FR\" \/>\n<meta property=\"og:type\" content=\"article\" \/>\n<meta property=\"og:title\" content=\"A\u00e9rospatiale | FB Canada Express\" \/>\n<meta property=\"og:url\" content=\"https:\/\/fbexpress.com\/fr\/les-industries\/aerospatiale\/\" \/>\n<meta property=\"og:site_name\" content=\"FB Canada Express\" \/>\n<meta property=\"article:modified_time\" content=\"2022-06-14T23:36:44+00:00\" \/>\n<meta name=\"twitter:card\" content=\"summary_large_image\" \/>\n<script type=\"application\/ld+json\" class=\"yoast-schema-graph\">{\"@context\":\"https:\\\/\\\/schema.org\",\"@graph\":[{\"@type\":\"WebPage\",\"@id\":\"https:\\\/\\\/fbexpress.com\\\/fr\\\/les-industries\\\/aerospatiale\\\/\",\"url\":\"https:\\\/\\\/fbexpress.com\\\/fr\\\/les-industries\\\/aerospatiale\\\/\",\"name\":\"A\u00e9rospatiale | FB Canada Express\",\"isPartOf\":{\"@id\":\"https:\\\/\\\/fbexpress.com\\\/#website\"},\"datePublished\":\"2022-04-06T19:43:05+00:00\",\"dateModified\":\"2022-06-14T23:36:44+00:00\",\"breadcrumb\":{\"@id\":\"https:\\\/\\\/fbexpress.com\\\/fr\\\/les-industries\\\/aerospatiale\\\/#breadcrumb\"},\"inLanguage\":\"fr-FR\",\"potentialAction\":[{\"@type\":\"ReadAction\",\"target\":[\"https:\\\/\\\/fbexpress.com\\\/fr\\\/les-industries\\\/aerospatiale\\\/\"]}]},{\"@type\":\"BreadcrumbList\",\"@id\":\"https:\\\/\\\/fbexpress.com\\\/fr\\\/les-industries\\\/aerospatiale\\\/#breadcrumb\",\"itemListElement\":[{\"@type\":\"ListItem\",\"position\":1,\"name\":\"Home\",\"item\":\"https:\\\/\\\/fbexpress.com\\\/fr\\\/\"},{\"@type\":\"ListItem\",\"position\":2,\"name\":\"Les Industries\",\"item\":\"https:\\\/\\\/fbexpress.com\\\/fr\\\/les-industries\\\/\"},{\"@type\":\"ListItem\",\"position\":3,\"name\":\"A\u00e9rospatiale\"}]},{\"@type\":\"WebSite\",\"@id\":\"https:\\\/\\\/fbexpress.com\\\/#website\",\"url\":\"https:\\\/\\\/fbexpress.com\\\/\",\"name\":\"FB Canada Express\",\"description\":\"At FB Canada Express, we attribute our success to one guiding principle: laser-focused commitment to excellence in express logistics to, from and within Canada.\",\"publisher\":{\"@id\":\"https:\\\/\\\/fbexpress.com\\\/#organization\"},\"potentialAction\":[{\"@type\":\"SearchAction\",\"target\":{\"@type\":\"EntryPoint\",\"urlTemplate\":\"https:\\\/\\\/fbexpress.com\\\/?s={search_term_string}\"},\"query-input\":{\"@type\":\"PropertyValueSpecification\",\"valueRequired\":true,\"valueName\":\"search_term_string\"}}],\"inLanguage\":\"fr-FR\"},{\"@type\":\"Organization\",\"@id\":\"https:\\\/\\\/fbexpress.com\\\/#organization\",\"name\":\"FB CANADA Express\",\"url\":\"https:\\\/\\\/fbexpress.com\\\/\",\"logo\":{\"@type\":\"ImageObject\",\"inLanguage\":\"fr-FR\",\"@id\":\"https:\\\/\\\/fbexpress.com\\\/#\\\/schema\\\/logo\\\/image\\\/\",\"url\":\"https:\\\/\\\/fbexpress.com\\\/wp-content\\\/uploads\\\/2022\\\/04\\\/white-logo.svg\",\"contentUrl\":\"https:\\\/\\\/fbexpress.com\\\/wp-content\\\/uploads\\\/2022\\\/04\\\/white-logo.svg\",\"width\":181,\"height\":41,\"caption\":\"FB CANADA Express\"},\"image\":{\"@id\":\"https:\\\/\\\/fbexpress.com\\\/#\\\/schema\\\/logo\\\/image\\\/\"}}]}<\/script>\n<!-- \/ Yoast SEO plugin. -->","yoast_head_json":{"title":"A\u00e9rospatiale | FB Canada Express","robots":{"index":"index","follow":"follow","max-snippet":"max-snippet:-1","max-image-preview":"max-image-preview:large","max-video-preview":"max-video-preview:-1"},"canonical":"https:\/\/fbexpress.com\/fr\/les-industries\/aerospatiale\/","og_locale":"fr_FR","og_type":"article","og_title":"A\u00e9rospatiale | FB Canada Express","og_url":"https:\/\/fbexpress.com\/fr\/les-industries\/aerospatiale\/","og_site_name":"FB Canada Express","article_modified_time":"2022-06-14T23:36:44+00:00","twitter_card":"summary_large_image","schema":{"@context":"https:\/\/schema.org","@graph":[{"@type":"WebPage","@id":"https:\/\/fbexpress.com\/fr\/les-industries\/aerospatiale\/","url":"https:\/\/fbexpress.com\/fr\/les-industries\/aerospatiale\/","name":"A\u00e9rospatiale | FB Canada Express","isPartOf":{"@id":"https:\/\/fbexpress.com\/#website"},"datePublished":"2022-04-06T19:43:05+00:00","dateModified":"2022-06-14T23:36:44+00:00","breadcrumb":{"@id":"https:\/\/fbexpress.com\/fr\/les-industries\/aerospatiale\/#breadcrumb"},"inLanguage":"fr-FR","potentialAction":[{"@type":"ReadAction","target":["https:\/\/fbexpress.com\/fr\/les-industries\/aerospatiale\/"]}]},{"@type":"BreadcrumbList","@id":"https:\/\/fbexpress.com\/fr\/les-industries\/aerospatiale\/#breadcrumb","itemListElement":[{"@type":"ListItem","position":1,"name":"Home","item":"https:\/\/fbexpress.com\/fr\/"},{"@type":"ListItem","position":2,"name":"Les Industries","item":"https:\/\/fbexpress.com\/fr\/les-industries\/"},{"@type":"ListItem","position":3,"name":"A\u00e9rospatiale"}]},{"@type":"WebSite","@id":"https:\/\/fbexpress.com\/#website","url":"https:\/\/fbexpress.com\/","name":"FB Canada Express","description":"At FB Canada Express, we attribute our success to one guiding principle: laser-focused commitment to excellence in express logistics to, from and within Canada.","publisher":{"@id":"https:\/\/fbexpress.com\/#organization"},"potentialAction":[{"@type":"SearchAction","target":{"@type":"EntryPoint","urlTemplate":"https:\/\/fbexpress.com\/?s={search_term_string}"},"query-input":{"@type":"PropertyValueSpecification","valueRequired":true,"valueName":"search_term_string"}}],"inLanguage":"fr-FR"},{"@type":"Organization","@id":"https:\/\/fbexpress.com\/#organization","name":"FB CANADA Express","url":"https:\/\/fbexpress.com\/","logo":{"@type":"ImageObject","inLanguage":"fr-FR","@id":"https:\/\/fbexpress.com\/#\/schema\/logo\/image\/","url":"https:\/\/fbexpress.com\/wp-content\/uploads\/2022\/04\/white-logo.svg","contentUrl":"https:\/\/fbexpress.com\/wp-content\/uploads\/2022\/04\/white-logo.svg","width":181,"height":41,"caption":"FB CANADA Express"},"image":{"@id":"https:\/\/fbexpress.com\/#\/schema\/logo\/image\/"}}]}},"_links":{"self":[{"href":"https:\/\/fbexpress.com\/fr\/wp-json\/wp\/v2\/pages\/2164","targetHints":{"allow":["GET"]}}],"collection":[{"href":"https:\/\/fbexpress.com\/fr\/wp-json\/wp\/v2\/pages"}],"about":[{"href":"https:\/\/fbexpress.com\/fr\/wp-json\/wp\/v2\/types\/page"}],"author":[{"embeddable":true,"href":"https:\/\/fbexpress.com\/fr\/wp-json\/wp\/v2\/users\/5"}],"replies":[{"embeddable":true,"href":"https:\/\/fbexpress.com\/fr\/wp-json\/wp\/v2\/comments?post=2164"}],"version-history":[{"count":0,"href":"https:\/\/fbexpress.com\/fr\/wp-json\/wp\/v2\/pages\/2164\/revisions"}],"up":[{"embeddable":true,"href":"https:\/\/fbexpress.com\/fr\/wp-json\/wp\/v2\/pages\/2150"}],"wp:attachment":[{"href":"https:\/\/fbexpress.com\/fr\/wp-json\/wp\/v2\/media?parent=2164"}],"curies":[{"name":"wp","href":"https:\/\/api.w.org\/{rel}","templated":true}]}}