{"id":2159,"date":"2022-04-06T19:43:55","date_gmt":"2022-04-06T19:43:55","guid":{"rendered":"https:\/\/fbexpress.com\/les-industries\/ecommerce-retail\/"},"modified":"2022-06-14T23:36:44","modified_gmt":"2022-06-14T23:36:44","slug":"commerce-electronique-detail","status":"publish","type":"page","link":"https:\/\/fbexpress.com\/fr\/les-industries\/commerce-electronique-detail\/","title":{"rendered":"Commerce \u00e9lectronique et vente au d\u00e9tail"},"content":{"rendered":"\n<div id=\"block_62718df83626a\"\n    class=\"hero-style-2 call-to-action wide-section narrow block\">\n    <div class=\"wrapper align-center justify__end\">\n        <div class=\"half-height-background bg-white bottom\"\n            data-animation=\"fadeInUp\"><\/div>\n        <div class=\"box-holder align-flex-end\" data-animation=\"fadeInLeft\">\n            <div class=\"container\">\n                <div class=\"box bg-dark-blue\">\n                    <h1>Commerce \u00e9lectronique et vente au d\u00e9tail \r\n<\/h1>                     <h3>Nous nous adaptons \u00e0 la croissance de votre entreprise. <\/h3>                    <p>Nous pouvons d\u00e9douaner et livrer des volumes de toute taille.  <\/p>                    <div class=\"button-container display-flex\">\n                                                <a class=\"btn btn-white\" href=\"https:\/\/fbexpress.com\/fr\/nous-contacter\/\"\n                            target=\"_self\">Pour en savoir plus<\/a>\n                                            <\/div>\n                <\/div>\n            <\/div>\n        <\/div>\n        <div class=\"image-container full-height\" data-animation=\"fadeInRight\">\n                        <img decoding=\"async\" src=\"https:\/\/fbexpress.com\/wp-content\/uploads\/2022\/06\/Ecomm-Hero-1.jpg\" alt=\"\" \/>\n            <img decoding=\"async\" src=\"https:\/\/fbexpress.com\/wp-content\/themes\/mm-fbc\/img\/red-flag.png\" alt=\"\"\n                class=\"flag \">\n                    <\/div>\n    <\/div>\n\n<\/div>\n\n\n<div id=\"block_6271ac20347da\"\n    class=\"text-call-to-action cards-block block\" data-animation=\"fadeInUp\">\n    <div class=\"wrapper display-flex justify__center\">\n        <div class=\"container-small full-width text-center\">\n                        <div class=\"content display-flex justify__center align-center flex-column\">\n                <div class=\"title-description text-center\">\n                    <h3>FB Canada est \u00e0 l&rsquo;avant-garde de la logistique du commerce \u00e9lectronique mondial au Canada.<\/h3>\n                    <p>Nous avons plus de 30 ans d&rsquo;exp\u00e9rience, de connexions et de savoir-faire pour transporter vos envois \u00e0 la vitesse de la vente au d\u00e9tail et du commerce \u00e9lectronique \u00e0 l&rsquo;\u00e9chelle mondiale. <\/p>                <\/div>\n                <a href=\"https:\/\/fbexpress.com\/services\/ecommerce\/\"\n                    class=\"btn btn-primary\">Nos services pour le commerce \u00e9lectronique<\/a>            <\/div>\n                    <\/div>\n    <\/div>\n<\/div>\n\n\n<div id=\"block_6271949b3627c\"\n    class=\"content-columns-with-icons bg-white block\">\n    <div class=\"wrapper wrapper display-flex justify__center\">\n        <div class=\"container-small full-width display-flex justify__center flex-column\" data-animation=\"fadeInUp\">\n                        <div class=\"content display-flex align-left full-width flex-column\">\n                <div class=\"title-description display-flex flex-column align-left\">\n                    <h3 class=\"dark-blue-text\">La diff\u00e9rence FB Canada Express                     <\/h3>\n                                    <\/div>\n            <\/div>\n                        <div class=\"cards\" data-animation=\"fadeInUp\">\n                <div class=\"center-aligned full-height\">\n                    <div class=\"wrapper full-width display-grid lg-column-3\">\n                                                <div class=\"card-single white-text text-left position-relative justify__space-between\"\n                            data-animation=\"fadeInUp\">\n                            <img decoding=\"async\" src=\"https:\/\/fbexpress.com\/wp-content\/uploads\/2022\/05\/b2b-wholesale-rates-icon-red.svg\" alt=\"\"\n                                class=\"object-fit__contain\" \/>\n                            <h6 class=\"dark-blue-text\">Un partenaire B2B privil\u00e9gi\u00e9 pour  Consolidateurs de commerce \u00e9lectronique et entreprises de logistique <\/h6>\n                                                        <p>FB Canada Express est en affaires au Canada depuis 1985. Nous sommes un partenaire neutre et de confiance pour les consolidateurs et les fournisseurs de logistique du monde entier.  \r\n\r\nNous disposons de la technologie, des installations sous douane et des partenariats avec l&rsquo;ASFC pour r\u00e9cup\u00e9rer, d\u00e9douaner et d\u00e9placer vos envois au Canada et dans tout le pays.\r\n\r\nWe have the technology, bonded facilities and partnerships with CBSA to retrieve, clear and move your low-value shipments in and throughout Canada.\r\n<\/p>                        <\/div>\n                                                <div class=\"card-single white-text text-left position-relative justify__space-between\"\n                            data-animation=\"fadeInUp\">\n                            <img decoding=\"async\" src=\"https:\/\/fbexpress.com\/wp-content\/uploads\/2022\/05\/neutral-independant-service-icon-red.svg\" alt=\"\"\n                                class=\"object-fit__contain\" \/>\n                            <h6 class=\"dark-blue-text\">Une \u00e9quipe de fiable pour les  d\u00e9taillants du commerce \u00e9lectronique en pleine croissance  <\/h6>\n                                                        <p>\u00c9laborez des strat\u00e9gies d&rsquo;exp\u00e9dition et de livraison avec notre \u00e9quipe. Nous apportons l&rsquo;expertise, la technologie en temps r\u00e9el et le savoir-faire pour automatiser votre croissance. \r\n\r\nVous travaillez dans le commerce de d\u00e9tail et vous avez besoin de solutions rapides ? Notre \u00e9quipe sp\u00e9cialis\u00e9e dans les d\u00e9lais critiques peut r\u00e9pondre aux demandes de vos clients. \r\n<\/p>                        <\/div>\n                                            <\/div>\n                <\/div>\n            <\/div>\n        <\/div>\n    <\/div>\n<\/div>\n\n\n<div id=\"block_6271963436285\"\n    class=\"numbered-info-cards cards-block block\">\n    <div class=\"wrapper wrapper display-flex justify__center\">\n        <div class=\"container-small full-width display-flex justify__center flex-column\">\n                        <div class=\"content display-flex justify__center align-flex-end\" data-animation=\"fadeInUp\">\n                <div class=\"title-description text-center\">\n                    <h3>La diff\u00e9rence FB Canada Express <\/h3>                                    <\/div>\n            <\/div>\n                        <div class=\"cards\" data-animation=\"fadeInUp\">\n                <div class=\"center-aligned full-height\">\n                    <div\n                        class=\"wrapper full-width display-flex flex-row justify__space-between align-stretch nowrap full-height slider-on-mobile\">\n                                                <div class=\"card-single bg-dark-blue white-text text-left position-relative\">\n                            <h1><\/h1>\n                            <h6>Neutre et ind\u00e9pendant <\/h6>                            <p>Acc\u00e9dez au march\u00e9 canadien tout en gardant le contr\u00f4le de votre client\u00e8le internationale B2B ou B2C. Nous sommes fiers d&rsquo;\u00eatre neutres et ind\u00e9pendants. <\/p>                        <\/div>\n                                                <div class=\"card-single bg-dark-blue white-text text-left position-relative\">\n                            <h1><\/h1>\n                            <h6>Entrep\u00f4ts exclusifs sous douane<\/h6>                            <p>Prenez avantage de notre infrastructure d&rsquo;importation et d&rsquo;exportation dans tous les grands ports du Canada pour acc\u00e9l\u00e9rer les appels d&rsquo;offres, la r\u00e9cup\u00e9ration, le d\u00e9douanement et\/ou la livraison. <\/p>                        <\/div>\n                                                <div class=\"card-single bg-dark-blue white-text text-left position-relative\">\n                            <h1><\/h1>\n                            <h6>Tarif de vrac pour le transfrontalier et le dernier kilom\u00e8tre<\/h6>                            <p>Diversifiez votre strat\u00e9gie de livraison avec nous comme fournisseur de logistique de vrac. Nous vous proposons des options de livraison flexibles et rentables. <\/p>                        <\/div>\n                                            <\/div>\n                <\/div>\n            <\/div>\n        <\/div>\n    <\/div>\n<\/div>\n\n\n<div id=\"block_627196863628c\"\n    class=\"call-to-action block padding-top-60\">\n    <div class=\"wrapper align-center justify__end\">\n        <div\n            class=\"half-height-background bg-light-blue bottom\">\n        <\/div>\n        <div class=\"box-holder align-flex-end\" data-animation=\"fadeInUp\">\n            <div class=\"container\">\n                <div class=\"box bg-dark-blue white-text\">\n                    <h4>Vos besoins en mati\u00e8re de commerce de d\u00e9tail et de commerce \u00e9lectronique continueront d&rsquo;\u00e9voluer. \r\nTravaillez en partenariat avec une \u00e9quipe dynamique d&rsquo;experts en logistique transfrontali\u00e8re. <\/h4>                     <div class=\"button-container display-flex\">\n                                                <a class=\"btn btn-white\" href=\"https:\/\/fbexpress.com\/fr\/nous-contacter\/\"\n                            target=\"_self\">Obtenez une consultation gratuite <\/a>\n                                            <\/div>\n                <\/div>\n            <\/div>\n        <\/div>\n        <div class=\"image-container full-height\" data-animation=\"fadeInUp\">\n                        <img decoding=\"async\" src=\"https:\/\/fbexpress.com\/wp-content\/uploads\/2022\/06\/IMG_3365-1-scaled.jpg\" alt=\"\" \/>\n            <img decoding=\"async\" src=\"https:\/\/fbexpress.com\/wp-content\/themes\/mm-fbc\/img\/red-flag.png\"\n                alt=\"red flag\" class=\"flag no\">\n                    <\/div>\n    <\/div>\n\n<\/div>","protected":false},"excerpt":{"rendered":"","protected":false},"author":5,"featured_media":0,"parent":2150,"menu_order":0,"comment_status":"closed","ping_status":"closed","template":"","meta":{"_acf_changed":false,"footnotes":""},"class_list":["post-2159","page","type-page","status-publish","hentry"],"acf":[],"yoast_head":"<!-- This site is optimized with the Yoast SEO plugin v27.3 - https:\/\/yoast.com\/product\/yoast-seo-wordpress\/ -->\n<title>Commerce \u00e9lectronique et vente au d\u00e9tail | FB Canada Express<\/title>\n<meta name=\"robots\" content=\"index, follow, max-snippet:-1, max-image-preview:large, max-video-preview:-1\" \/>\n<link rel=\"canonical\" href=\"https:\/\/fbexpress.com\/fr\/les-industries\/commerce-electronique-detail\/\" \/>\n<meta property=\"og:locale\" content=\"fr_FR\" \/>\n<meta property=\"og:type\" content=\"article\" \/>\n<meta property=\"og:title\" content=\"Commerce \u00e9lectronique et vente au d\u00e9tail | FB Canada Express\" \/>\n<meta property=\"og:url\" content=\"https:\/\/fbexpress.com\/fr\/les-industries\/commerce-electronique-detail\/\" \/>\n<meta property=\"og:site_name\" content=\"FB Canada Express\" \/>\n<meta property=\"article:modified_time\" content=\"2022-06-14T23:36:44+00:00\" \/>\n<meta name=\"twitter:card\" content=\"summary_large_image\" \/>\n<script type=\"application\/ld+json\" class=\"yoast-schema-graph\">{\"@context\":\"https:\\\/\\\/schema.org\",\"@graph\":[{\"@type\":\"WebPage\",\"@id\":\"https:\\\/\\\/fbexpress.com\\\/fr\\\/les-industries\\\/commerce-electronique-detail\\\/\",\"url\":\"https:\\\/\\\/fbexpress.com\\\/fr\\\/les-industries\\\/commerce-electronique-detail\\\/\",\"name\":\"Commerce \u00e9lectronique et vente au d\u00e9tail | FB Canada Express\",\"isPartOf\":{\"@id\":\"https:\\\/\\\/fbexpress.com\\\/#website\"},\"datePublished\":\"2022-04-06T19:43:55+00:00\",\"dateModified\":\"2022-06-14T23:36:44+00:00\",\"breadcrumb\":{\"@id\":\"https:\\\/\\\/fbexpress.com\\\/fr\\\/les-industries\\\/commerce-electronique-detail\\\/#breadcrumb\"},\"inLanguage\":\"fr-FR\",\"potentialAction\":[{\"@type\":\"ReadAction\",\"target\":[\"https:\\\/\\\/fbexpress.com\\\/fr\\\/les-industries\\\/commerce-electronique-detail\\\/\"]}]},{\"@type\":\"BreadcrumbList\",\"@id\":\"https:\\\/\\\/fbexpress.com\\\/fr\\\/les-industries\\\/commerce-electronique-detail\\\/#breadcrumb\",\"itemListElement\":[{\"@type\":\"ListItem\",\"position\":1,\"name\":\"Home\",\"item\":\"https:\\\/\\\/fbexpress.com\\\/fr\\\/\"},{\"@type\":\"ListItem\",\"position\":2,\"name\":\"Les Industries\",\"item\":\"https:\\\/\\\/fbexpress.com\\\/fr\\\/les-industries\\\/\"},{\"@type\":\"ListItem\",\"position\":3,\"name\":\"Commerce \u00e9lectronique et vente au d\u00e9tail\"}]},{\"@type\":\"WebSite\",\"@id\":\"https:\\\/\\\/fbexpress.com\\\/#website\",\"url\":\"https:\\\/\\\/fbexpress.com\\\/\",\"name\":\"FB Canada Express\",\"description\":\"At FB Canada Express, we attribute our success to one guiding principle: laser-focused commitment to excellence in express logistics to, from and within Canada.\",\"publisher\":{\"@id\":\"https:\\\/\\\/fbexpress.com\\\/#organization\"},\"potentialAction\":[{\"@type\":\"SearchAction\",\"target\":{\"@type\":\"EntryPoint\",\"urlTemplate\":\"https:\\\/\\\/fbexpress.com\\\/?s={search_term_string}\"},\"query-input\":{\"@type\":\"PropertyValueSpecification\",\"valueRequired\":true,\"valueName\":\"search_term_string\"}}],\"inLanguage\":\"fr-FR\"},{\"@type\":\"Organization\",\"@id\":\"https:\\\/\\\/fbexpress.com\\\/#organization\",\"name\":\"FB CANADA Express\",\"url\":\"https:\\\/\\\/fbexpress.com\\\/\",\"logo\":{\"@type\":\"ImageObject\",\"inLanguage\":\"fr-FR\",\"@id\":\"https:\\\/\\\/fbexpress.com\\\/#\\\/schema\\\/logo\\\/image\\\/\",\"url\":\"https:\\\/\\\/fbexpress.com\\\/wp-content\\\/uploads\\\/2022\\\/04\\\/white-logo.svg\",\"contentUrl\":\"https:\\\/\\\/fbexpress.com\\\/wp-content\\\/uploads\\\/2022\\\/04\\\/white-logo.svg\",\"width\":181,\"height\":41,\"caption\":\"FB CANADA Express\"},\"image\":{\"@id\":\"https:\\\/\\\/fbexpress.com\\\/#\\\/schema\\\/logo\\\/image\\\/\"}}]}<\/script>\n<!-- \/ Yoast SEO plugin. -->","yoast_head_json":{"title":"Commerce \u00e9lectronique et vente au d\u00e9tail | FB Canada Express","robots":{"index":"index","follow":"follow","max-snippet":"max-snippet:-1","max-image-preview":"max-image-preview:large","max-video-preview":"max-video-preview:-1"},"canonical":"https:\/\/fbexpress.com\/fr\/les-industries\/commerce-electronique-detail\/","og_locale":"fr_FR","og_type":"article","og_title":"Commerce \u00e9lectronique et vente au d\u00e9tail | FB Canada Express","og_url":"https:\/\/fbexpress.com\/fr\/les-industries\/commerce-electronique-detail\/","og_site_name":"FB Canada Express","article_modified_time":"2022-06-14T23:36:44+00:00","twitter_card":"summary_large_image","schema":{"@context":"https:\/\/schema.org","@graph":[{"@type":"WebPage","@id":"https:\/\/fbexpress.com\/fr\/les-industries\/commerce-electronique-detail\/","url":"https:\/\/fbexpress.com\/fr\/les-industries\/commerce-electronique-detail\/","name":"Commerce \u00e9lectronique et vente au d\u00e9tail | FB Canada Express","isPartOf":{"@id":"https:\/\/fbexpress.com\/#website"},"datePublished":"2022-04-06T19:43:55+00:00","dateModified":"2022-06-14T23:36:44+00:00","breadcrumb":{"@id":"https:\/\/fbexpress.com\/fr\/les-industries\/commerce-electronique-detail\/#breadcrumb"},"inLanguage":"fr-FR","potentialAction":[{"@type":"ReadAction","target":["https:\/\/fbexpress.com\/fr\/les-industries\/commerce-electronique-detail\/"]}]},{"@type":"BreadcrumbList","@id":"https:\/\/fbexpress.com\/fr\/les-industries\/commerce-electronique-detail\/#breadcrumb","itemListElement":[{"@type":"ListItem","position":1,"name":"Home","item":"https:\/\/fbexpress.com\/fr\/"},{"@type":"ListItem","position":2,"name":"Les Industries","item":"https:\/\/fbexpress.com\/fr\/les-industries\/"},{"@type":"ListItem","position":3,"name":"Commerce \u00e9lectronique et vente au d\u00e9tail"}]},{"@type":"WebSite","@id":"https:\/\/fbexpress.com\/#website","url":"https:\/\/fbexpress.com\/","name":"FB Canada Express","description":"At FB Canada Express, we attribute our success to one guiding principle: laser-focused commitment to excellence in express logistics to, from and within Canada.","publisher":{"@id":"https:\/\/fbexpress.com\/#organization"},"potentialAction":[{"@type":"SearchAction","target":{"@type":"EntryPoint","urlTemplate":"https:\/\/fbexpress.com\/?s={search_term_string}"},"query-input":{"@type":"PropertyValueSpecification","valueRequired":true,"valueName":"search_term_string"}}],"inLanguage":"fr-FR"},{"@type":"Organization","@id":"https:\/\/fbexpress.com\/#organization","name":"FB CANADA Express","url":"https:\/\/fbexpress.com\/","logo":{"@type":"ImageObject","inLanguage":"fr-FR","@id":"https:\/\/fbexpress.com\/#\/schema\/logo\/image\/","url":"https:\/\/fbexpress.com\/wp-content\/uploads\/2022\/04\/white-logo.svg","contentUrl":"https:\/\/fbexpress.com\/wp-content\/uploads\/2022\/04\/white-logo.svg","width":181,"height":41,"caption":"FB CANADA Express"},"image":{"@id":"https:\/\/fbexpress.com\/#\/schema\/logo\/image\/"}}]}},"_links":{"self":[{"href":"https:\/\/fbexpress.com\/fr\/wp-json\/wp\/v2\/pages\/2159","targetHints":{"allow":["GET"]}}],"collection":[{"href":"https:\/\/fbexpress.com\/fr\/wp-json\/wp\/v2\/pages"}],"about":[{"href":"https:\/\/fbexpress.com\/fr\/wp-json\/wp\/v2\/types\/page"}],"author":[{"embeddable":true,"href":"https:\/\/fbexpress.com\/fr\/wp-json\/wp\/v2\/users\/5"}],"replies":[{"embeddable":true,"href":"https:\/\/fbexpress.com\/fr\/wp-json\/wp\/v2\/comments?post=2159"}],"version-history":[{"count":0,"href":"https:\/\/fbexpress.com\/fr\/wp-json\/wp\/v2\/pages\/2159\/revisions"}],"up":[{"embeddable":true,"href":"https:\/\/fbexpress.com\/fr\/wp-json\/wp\/v2\/pages\/2150"}],"wp:attachment":[{"href":"https:\/\/fbexpress.com\/fr\/wp-json\/wp\/v2\/media?parent=2159"}],"curies":[{"name":"wp","href":"https:\/\/api.w.org\/{rel}","templated":true}]}}