{"id":2150,"date":"2022-04-06T19:42:30","date_gmt":"2022-04-06T19:42:30","guid":{"rendered":"https:\/\/fbexpress.com\/industries\/"},"modified":"2022-06-14T23:36:42","modified_gmt":"2022-06-14T23:36:42","slug":"les-industries","status":"publish","type":"page","link":"https:\/\/fbexpress.com\/fr\/les-industries\/","title":{"rendered":"Les Industries"},"content":{"rendered":"\n<div id=\"block_6258448fde454\" class=\"hero-style-3 block\"\n    data-animation=\"fadeIn\">\n    <div class=\"wrapper display-flex flex-column full-height position-relative bg-dark-blue\">\n        <div class=\"container display-flex flex-row justify__space-between full-width\">\n            <div class=\"content\">\n                <h2 data-animation=\"fadeInUp\">Votre secteur d&rsquo;activit\u00e9 est sp\u00e9cifique. Votre strat\u00e9gie devrait l&rsquo;\u00eatre aussi. \r\n\r\n<\/h2>                <p data-animation=\"fadeInUp\">\u00c9laborez une strat\u00e9gie logistique qui vous fait gagner du temps et de l&rsquo;argent et qui r\u00e9pond aux attentes de vos clients. Notre \u00e9quipe conna\u00eet parfaitement l&rsquo;\u00e9volution des d\u00e9fis et des opportunit\u00e9s dans de nombreux secteurs.<\/p>            <\/div>\n        <\/div>\n        <div class=\"absolute-image display-flex justify__end\">\n                        <img decoding=\"async\" src=\"https:\/\/fbexpress.com\/wp-content\/uploads\/2022\/04\/flag-cutout.svg\" alt=\"\"\n                class=\"full-height object-fit__contain\" \/>\n                    <\/div>\n\n    <\/div>\n<\/div>\n\n\n<div style=\"height:50px\" aria-hidden=\"true\" class=\"wp-block-spacer\"><\/div>\n\n\n<div id=\"block_6258bfa2d585f\" class=\"icon-list block\">\n    <div class=\"wrapper display-flex justify__center\">\n        <div class=\"container-small display-flex flex-column full-width\">\n                        <div class=\"card-single full-width flex-row text-left display-flex position-relative justify__space-between\"\n                data-animation=\"fadeInUp\">\n                <div class=\"display-flex flex-row align-center justify__flex-start position-relative\">\n                    <div class=\"image\">\n                        <img decoding=\"async\" src=\"https:\/\/fbexpress.com\/wp-content\/uploads\/2022\/05\/aerospace-icon-red-1.svg\" alt=\"\"\n                            class=\"object-fit__contain full-width full-height\" \/>\n                    <\/div>\n                    <h4 class=\"dark-blue-text hide-on-mobile\">A\u00e9rospatiale<\/h4>\n                                    <\/div>\n\n                <div class=\"content display-flex bg-flex-row md-flex-column align-center justify__space-between\">\n                    <h4 class=\"dark-blue-text hide-on-desktop\">A\u00e9rospatiale<\/h4>\n                                        <p>Notre \u00e9quipe d&rsquo;intervention en temps critique et AOG ne perd pas de temps pour relever les d\u00e9fis de l&rsquo;a\u00e9rospatiale et de l&rsquo;aviation. <\/p>                    <a href=\"https:\/\/fbexpress.com\/fr\/les-industries\/aerospatiale\/\"\n                        class=\"btn btn-primary\">Apprendre encore plus<\/a>                <\/div>\n            <\/div>\n                        <div class=\"card-single full-width flex-row text-left display-flex position-relative justify__space-between\"\n                data-animation=\"fadeInUp\">\n                <div class=\"display-flex flex-row align-center justify__flex-start position-relative\">\n                    <div class=\"image\">\n                        <img decoding=\"async\" src=\"https:\/\/fbexpress.com\/wp-content\/uploads\/2022\/05\/ecommerce-retail-icon-red.svg\" alt=\"\"\n                            class=\"object-fit__contain full-width full-height\" \/>\n                    <\/div>\n                    <h4 class=\"dark-blue-text hide-on-mobile\">Vente au d\u00e9tail et commerce \u00e9lectronique<\/h4>\n                                    <\/div>\n\n                <div class=\"content display-flex bg-flex-row md-flex-column align-center justify__space-between\">\n                    <h4 class=\"dark-blue-text hide-on-desktop\">Vente au d\u00e9tail et commerce \u00e9lectronique<\/h4>\n                                        <p>FB Canada Express poss\u00e8de la technologie et l&rsquo;infrastructure qui donnent aux consolidateurs et aux d\u00e9taillants de commerce \u00e9lectronique l&rsquo;avantage concurrentiel dont ils ont besoin.<\/p>                    <a href=\"https:\/\/fbexpress.com\/fr\/les-industries\/ecommerce-retail\/\"\n                        class=\"btn btn-primary\">Apprendre encore plus<\/a>                <\/div>\n            <\/div>\n                        <div class=\"card-single full-width flex-row text-left display-flex position-relative justify__space-between\"\n                data-animation=\"fadeInUp\">\n                <div class=\"display-flex flex-row align-center justify__flex-start position-relative\">\n                    <div class=\"image\">\n                        <img decoding=\"async\" src=\"https:\/\/fbexpress.com\/wp-content\/uploads\/2022\/05\/life-science-healthcare-icon-red.svg\" alt=\"\"\n                            class=\"object-fit__contain full-width full-height\" \/>\n                    <\/div>\n                    <h4 class=\"dark-blue-text hide-on-mobile\">Sciences de la vie<\/h4>\n                                    <\/div>\n\n                <div class=\"content display-flex bg-flex-row md-flex-column align-center justify__space-between\">\n                    <h4 class=\"dark-blue-text hide-on-desktop\">Sciences de la vie<\/h4>\n                                        <p>Avec plusieurs d\u00e9cennies d&rsquo;exp\u00e9rience, nous r\u00e9pondons aux normes strictes requises pour le stockage, l&rsquo;exp\u00e9dition et la livraison des produits pharmaceutiques et des dispositifs m\u00e9dicaux.<\/p>                    <a href=\"https:\/\/fbexpress.com\/fr\/les-industries\/sciences-de-la-vie\/\"\n                        class=\"btn btn-primary\">Apprendre encore plus<\/a>                <\/div>\n            <\/div>\n                        <div class=\"card-single full-width flex-row text-left display-flex position-relative justify__space-between\"\n                data-animation=\"fadeInUp\">\n                <div class=\"display-flex flex-row align-center justify__flex-start position-relative\">\n                    <div class=\"image\">\n                        <img decoding=\"async\" src=\"https:\/\/fbexpress.com\/wp-content\/uploads\/2022\/05\/technology-icon-red.svg\" alt=\"\"\n                            class=\"object-fit__contain full-width full-height\" \/>\n                    <\/div>\n                    <h4 class=\"dark-blue-text hide-on-mobile\">Technologie<\/h4>\n                                    <\/div>\n\n                <div class=\"content display-flex bg-flex-row md-flex-column align-center justify__space-between\">\n                    <h4 class=\"dark-blue-text hide-on-desktop\">Technologie<\/h4>\n                                        <p>Nous restons inform\u00e9s des besoins logistiques en constante \u00e9volution de l&rsquo;industrie mondiale et canadienne de la haute technologie. <\/p>                    <a href=\"https:\/\/fbexpress.com\/fr\/les-industries\/technologie\/\"\n                        class=\"btn btn-primary\">Apprendre encore plus<\/a>                <\/div>\n            <\/div>\n                    <\/div>\n    <\/div>\n<\/div>\n\n\n<div style=\"height:50px\" aria-hidden=\"true\" class=\"wp-block-spacer\"><\/div>\n\n\n\n<div id=\"block_6258bfcfd5862\"\n    class=\"call-to-action block padding-top-60\">\n    <div class=\"wrapper align-center justify__end\">\n        <div\n            class=\"half-height-background bg-light-blue bottom\">\n        <\/div>\n        <div class=\"box-holder align-flex-end\" data-animation=\"fadeInUp\">\n            <div class=\"container\">\n                <div class=\"box bg-dark-blue white-text\">\n                    <h4>Pr\u00eat \u00e0 envoyer un package de test?<\/h4>                     <div class=\"button-container display-flex\">\n                                                <a class=\"btn btn-white\" href=\"https:\/\/fbexpress.com\/fr\/a-propos-de-nous\/\"\n                            target=\"_self\">\u00e0 propos de nous<\/a>\n                                                <a class=\"btn btn-transparent\" href=\"https:\/\/fbexpress.com\/fr\/nous-contacter\/\"\n                            target=\"_self\">Envoyer un envoi test<\/a>\n                                            <\/div>\n                <\/div>\n            <\/div>\n        <\/div>\n        <div class=\"image-container full-height\" data-animation=\"fadeInUp\">\n                        <img decoding=\"async\" src=\"https:\/\/fbexpress.com\/wp-content\/uploads\/2022\/06\/delivery-man-on-mobile-e1654886386540.png\" alt=\"Delivery Man, Van, Packages\" \/>\n            <img decoding=\"async\" src=\"https:\/\/fbexpress.com\/wp-content\/themes\/mm-fbc\/img\/red-flag.png\"\n                alt=\"red flag\" class=\"flag yes\">\n                    <\/div>\n    <\/div>\n\n<\/div>","protected":false},"excerpt":{"rendered":"","protected":false},"author":5,"featured_media":0,"parent":0,"menu_order":0,"comment_status":"closed","ping_status":"closed","template":"","meta":{"_acf_changed":false,"footnotes":""},"class_list":["post-2150","page","type-page","status-publish","hentry"],"acf":[],"yoast_head":"<!-- This site is optimized with the Yoast SEO plugin v27.4 - https:\/\/yoast.com\/product\/yoast-seo-wordpress\/ -->\n<title>Les Industries | FB Canada Express<\/title>\n<meta name=\"robots\" content=\"index, follow, max-snippet:-1, max-image-preview:large, max-video-preview:-1\" \/>\n<link rel=\"canonical\" href=\"https:\/\/fbexpress.com\/fr\/les-industries\/\" \/>\n<meta property=\"og:locale\" content=\"fr_FR\" \/>\n<meta property=\"og:type\" content=\"article\" \/>\n<meta property=\"og:title\" content=\"Les Industries | FB Canada Express\" \/>\n<meta property=\"og:url\" content=\"https:\/\/fbexpress.com\/fr\/les-industries\/\" \/>\n<meta property=\"og:site_name\" content=\"FB Canada Express\" \/>\n<meta property=\"article:modified_time\" content=\"2022-06-14T23:36:42+00:00\" \/>\n<meta name=\"twitter:card\" content=\"summary_large_image\" \/>\n<script type=\"application\/ld+json\" class=\"yoast-schema-graph\">{\"@context\":\"https:\\\/\\\/schema.org\",\"@graph\":[{\"@type\":\"WebPage\",\"@id\":\"https:\\\/\\\/fbexpress.com\\\/fr\\\/les-industries\\\/\",\"url\":\"https:\\\/\\\/fbexpress.com\\\/fr\\\/les-industries\\\/\",\"name\":\"Les Industries | FB Canada Express\",\"isPartOf\":{\"@id\":\"https:\\\/\\\/fbexpress.com\\\/#website\"},\"datePublished\":\"2022-04-06T19:42:30+00:00\",\"dateModified\":\"2022-06-14T23:36:42+00:00\",\"breadcrumb\":{\"@id\":\"https:\\\/\\\/fbexpress.com\\\/fr\\\/les-industries\\\/#breadcrumb\"},\"inLanguage\":\"fr-FR\",\"potentialAction\":[{\"@type\":\"ReadAction\",\"target\":[\"https:\\\/\\\/fbexpress.com\\\/fr\\\/les-industries\\\/\"]}]},{\"@type\":\"BreadcrumbList\",\"@id\":\"https:\\\/\\\/fbexpress.com\\\/fr\\\/les-industries\\\/#breadcrumb\",\"itemListElement\":[{\"@type\":\"ListItem\",\"position\":1,\"name\":\"Home\",\"item\":\"https:\\\/\\\/fbexpress.com\\\/fr\\\/\"},{\"@type\":\"ListItem\",\"position\":2,\"name\":\"Les Industries\"}]},{\"@type\":\"WebSite\",\"@id\":\"https:\\\/\\\/fbexpress.com\\\/#website\",\"url\":\"https:\\\/\\\/fbexpress.com\\\/\",\"name\":\"FB Canada Express\",\"description\":\"At FB Canada Express, we attribute our success to one guiding principle: laser-focused commitment to excellence in express logistics to, from and within Canada.\",\"publisher\":{\"@id\":\"https:\\\/\\\/fbexpress.com\\\/#organization\"},\"potentialAction\":[{\"@type\":\"SearchAction\",\"target\":{\"@type\":\"EntryPoint\",\"urlTemplate\":\"https:\\\/\\\/fbexpress.com\\\/?s={search_term_string}\"},\"query-input\":{\"@type\":\"PropertyValueSpecification\",\"valueRequired\":true,\"valueName\":\"search_term_string\"}}],\"inLanguage\":\"fr-FR\"},{\"@type\":\"Organization\",\"@id\":\"https:\\\/\\\/fbexpress.com\\\/#organization\",\"name\":\"FB CANADA Express\",\"url\":\"https:\\\/\\\/fbexpress.com\\\/\",\"logo\":{\"@type\":\"ImageObject\",\"inLanguage\":\"fr-FR\",\"@id\":\"https:\\\/\\\/fbexpress.com\\\/#\\\/schema\\\/logo\\\/image\\\/\",\"url\":\"https:\\\/\\\/fbexpress.com\\\/wp-content\\\/uploads\\\/2022\\\/04\\\/white-logo.svg\",\"contentUrl\":\"https:\\\/\\\/fbexpress.com\\\/wp-content\\\/uploads\\\/2022\\\/04\\\/white-logo.svg\",\"width\":181,\"height\":41,\"caption\":\"FB CANADA Express\"},\"image\":{\"@id\":\"https:\\\/\\\/fbexpress.com\\\/#\\\/schema\\\/logo\\\/image\\\/\"}}]}<\/script>\n<!-- \/ Yoast SEO plugin. -->","yoast_head_json":{"title":"Les Industries | FB Canada Express","robots":{"index":"index","follow":"follow","max-snippet":"max-snippet:-1","max-image-preview":"max-image-preview:large","max-video-preview":"max-video-preview:-1"},"canonical":"https:\/\/fbexpress.com\/fr\/les-industries\/","og_locale":"fr_FR","og_type":"article","og_title":"Les Industries | FB Canada Express","og_url":"https:\/\/fbexpress.com\/fr\/les-industries\/","og_site_name":"FB Canada Express","article_modified_time":"2022-06-14T23:36:42+00:00","twitter_card":"summary_large_image","schema":{"@context":"https:\/\/schema.org","@graph":[{"@type":"WebPage","@id":"https:\/\/fbexpress.com\/fr\/les-industries\/","url":"https:\/\/fbexpress.com\/fr\/les-industries\/","name":"Les Industries | FB Canada Express","isPartOf":{"@id":"https:\/\/fbexpress.com\/#website"},"datePublished":"2022-04-06T19:42:30+00:00","dateModified":"2022-06-14T23:36:42+00:00","breadcrumb":{"@id":"https:\/\/fbexpress.com\/fr\/les-industries\/#breadcrumb"},"inLanguage":"fr-FR","potentialAction":[{"@type":"ReadAction","target":["https:\/\/fbexpress.com\/fr\/les-industries\/"]}]},{"@type":"BreadcrumbList","@id":"https:\/\/fbexpress.com\/fr\/les-industries\/#breadcrumb","itemListElement":[{"@type":"ListItem","position":1,"name":"Home","item":"https:\/\/fbexpress.com\/fr\/"},{"@type":"ListItem","position":2,"name":"Les Industries"}]},{"@type":"WebSite","@id":"https:\/\/fbexpress.com\/#website","url":"https:\/\/fbexpress.com\/","name":"FB Canada Express","description":"At FB Canada Express, we attribute our success to one guiding principle: laser-focused commitment to excellence in express logistics to, from and within Canada.","publisher":{"@id":"https:\/\/fbexpress.com\/#organization"},"potentialAction":[{"@type":"SearchAction","target":{"@type":"EntryPoint","urlTemplate":"https:\/\/fbexpress.com\/?s={search_term_string}"},"query-input":{"@type":"PropertyValueSpecification","valueRequired":true,"valueName":"search_term_string"}}],"inLanguage":"fr-FR"},{"@type":"Organization","@id":"https:\/\/fbexpress.com\/#organization","name":"FB CANADA Express","url":"https:\/\/fbexpress.com\/","logo":{"@type":"ImageObject","inLanguage":"fr-FR","@id":"https:\/\/fbexpress.com\/#\/schema\/logo\/image\/","url":"https:\/\/fbexpress.com\/wp-content\/uploads\/2022\/04\/white-logo.svg","contentUrl":"https:\/\/fbexpress.com\/wp-content\/uploads\/2022\/04\/white-logo.svg","width":181,"height":41,"caption":"FB CANADA Express"},"image":{"@id":"https:\/\/fbexpress.com\/#\/schema\/logo\/image\/"}}]}},"_links":{"self":[{"href":"https:\/\/fbexpress.com\/fr\/wp-json\/wp\/v2\/pages\/2150","targetHints":{"allow":["GET"]}}],"collection":[{"href":"https:\/\/fbexpress.com\/fr\/wp-json\/wp\/v2\/pages"}],"about":[{"href":"https:\/\/fbexpress.com\/fr\/wp-json\/wp\/v2\/types\/page"}],"author":[{"embeddable":true,"href":"https:\/\/fbexpress.com\/fr\/wp-json\/wp\/v2\/users\/5"}],"replies":[{"embeddable":true,"href":"https:\/\/fbexpress.com\/fr\/wp-json\/wp\/v2\/comments?post=2150"}],"version-history":[{"count":0,"href":"https:\/\/fbexpress.com\/fr\/wp-json\/wp\/v2\/pages\/2150\/revisions"}],"wp:attachment":[{"href":"https:\/\/fbexpress.com\/fr\/wp-json\/wp\/v2\/media?parent=2150"}],"curies":[{"name":"wp","href":"https:\/\/api.w.org\/{rel}","templated":true}]}}