{"id":2130,"date":"2022-05-03T18:45:06","date_gmt":"2022-05-03T18:45:06","guid":{"rendered":"https:\/\/fbexpress.com\/services\/warehouse-fulfillment\/"},"modified":"2022-06-14T23:36:48","modified_gmt":"2022-06-14T23:36:48","slug":"entreposage-traitement-des-commandes","status":"publish","type":"page","link":"https:\/\/fbexpress.com\/fr\/prestations-de-service\/entreposage-traitement-des-commandes\/","title":{"rendered":"Entreposage et traitement des commandes"},"content":{"rendered":"\n<div id=\"block_625844c2f86e3\"\n    class=\"hero-style-2 call-to-action wide-section narrow block\">\n    <div class=\"wrapper align-center justify__end\">\n        <div class=\"half-height-background bg-white bottom\"\n            data-animation=\"fadeInUp\"><\/div>\n        <div class=\"box-holder align-flex-end\" data-animation=\"fadeInLeft\">\n            <div class=\"container\">\n                <div class=\"box bg-dark-blue\">\n                    <h1>Entreposage et traitement des commandes <\/h1>                                         <p>Traitement direct des commandes des consommateurs. <\/p>                    <div class=\"button-container display-flex\">\n                                            <\/div>\n                <\/div>\n            <\/div>\n        <\/div>\n        <div class=\"image-container full-height\" data-animation=\"fadeInRight\">\n                        <img decoding=\"async\" src=\"https:\/\/fbexpress.com\/wp-content\/uploads\/2022\/06\/WH-Fulfillment-Hero-2.jpg\" alt=\"\" \/>\n            <img decoding=\"async\" src=\"https:\/\/fbexpress.com\/wp-content\/themes\/mm-fbc\/img\/red-flag.png\" alt=\"\"\n                class=\"flag \">\n                    <\/div>\n    <\/div>\n\n<\/div>\n\n\n<div id=\"block_625f4d18e66f2\"\n    class=\"content-columns-with-icons bg-white block\">\n    <div class=\"wrapper wrapper display-flex justify__center\">\n        <div class=\"container-small full-width display-flex justify__center flex-column\" data-animation=\"fadeInUp\">\n                        <div class=\"cards\" data-animation=\"fadeInUp\">\n                <div class=\"center-aligned full-height\">\n                    <div class=\"wrapper full-width display-grid lg-column-4\">\n                                                <div class=\"card-single white-text text-left position-relative justify__space-between\"\n                            data-animation=\"fadeInUp\">\n                            <img decoding=\"async\" src=\"https:\/\/fbexpress.com\/wp-content\/uploads\/2022\/05\/b2b-wholesale-rates-icon-red.svg\" alt=\"\"\n                                class=\"object-fit__contain\" \/>\n                            <h6 class=\"dark-blue-text\">Options de livraison en vrac du dernier kilom\u00e8tre <\/h6>\n                                                        <p>Diversifiez votre strat\u00e9gie du dernier kilom\u00e8tre avec nous comme fournisseur de logistique en vrac. Nous vous offrons, ainsi qu&rsquo;\u00e0 vos clients, des options de livraison souples et rentables avec tous les principaux fournisseurs au Canada : Postes Canada, Purolator, UPS, DHL, FedEx, Intelcom et UniUni.<\/p>                        <\/div>\n                                                <div class=\"card-single white-text text-left position-relative justify__space-between\"\n                            data-animation=\"fadeInUp\">\n                            <img decoding=\"async\" src=\"https:\/\/fbexpress.com\/wp-content\/uploads\/2022\/05\/cost-efficiencies-icon-red.svg\" alt=\"\"\n                                class=\"object-fit__contain\" \/>\n                            <h6 class=\"dark-blue-text\">Suivi des commandes en temps r\u00e9el <\/h6>\n                                                        <p>Ne vous contentez pas des mises \u00e0 jour p\u00e9riodiques que vous donnez \u00e0 vos clients sur l&rsquo;\u00e9tat de leurs commandes. Nous nous int\u00e9grons de mani\u00e8re transparente \u00e0 vos plateformes commerciales pour renvoyer des \u00e9v\u00e9nements de suivi en temps r\u00e9el sur toutes les commandes. <\/p>                        <\/div>\n                                                <div class=\"card-single white-text text-left position-relative justify__space-between\"\n                            data-animation=\"fadeInUp\">\n                            <img decoding=\"async\" src=\"https:\/\/fbexpress.com\/wp-content\/uploads\/2022\/05\/time-critical-icon-red.svg\" alt=\"\"\n                                class=\"object-fit__contain\" \/>\n                            <h6 class=\"dark-blue-text\">Temps de transit rapides <\/h6>\n                                                        <p>Du jour m\u00eame \u00e0 l&rsquo;exp\u00e9dition en deux jours, nos experts optimisent votre combinaison de transporteurs pour maximiser l&rsquo;exp\u00e9rience du client et vos r\u00e9sultats. <\/p>                        <\/div>\n                                                <div class=\"card-single white-text text-left position-relative justify__space-between\"\n                            data-animation=\"fadeInUp\">\n                            <img decoding=\"async\" src=\"https:\/\/fbexpress.com\/wp-content\/uploads\/2022\/05\/culture-icon-red.svg\" alt=\"\"\n                                class=\"object-fit__contain\" \/>\n                            <h6 class=\"dark-blue-text\">Mise en kit et assemblage sans erreur <\/h6>\n                                                        <p>Chaque commande d&rsquo;un client compte. Nos installations \u00e0 la pointe de la technologie ne laissent rien au hasard et offrent des solutions \u00e9volutives pour le pr\u00e9l\u00e8vement, l&#8217;emballage, l&rsquo;\u00e9tiquetage et la livraison finale \u00e0 l&rsquo;abri des erreurs. <\/p>                        <\/div>\n                                            <\/div>\n                <\/div>\n            <\/div>\n        <\/div>\n    <\/div>\n<\/div>\n\n\n<div id=\"block_625f4c7de66e7\"\n    class=\"center-aligned content-with-media block\">\n    <div\n        class=\"container-small default-padding display-flex justify__space-between lg-flex-rowleft\">\n        <div class=\"media height-auto\" data-animation=\"fadeInUp\">\n                        <img decoding=\"async\" src=\"https:\/\/fbexpress.com\/wp-content\/uploads\/2022\/06\/WH-Fulfillment-FB-Experience-2.jpg\" alt=\"\"\n                class=\"full-width full-height object-fit__cover\" \/>\n                    <\/div>\n        <div class=\"content display-flex justify__center flex-column\" data-animation=\"fadeInUp\">\n            <H3>Des installations con\u00e7ues pour am\u00e9liorer l&rsquo;exp\u00e9rience du client<\/H3><p>Une approche centr\u00e9e sur le client pour le ramassage, l&#8217;emballage et l&rsquo;ex\u00e9cution des commandes pour les marques et le commerce \u00e9lectronique. FB Canada sait comment \u00e9laborer des strat\u00e9gies logistiques qui permettent d&rsquo;impressionner \u00e0 tout coup.<\/p>\n<p>Avec la technologie au centre de nos op\u00e9rations d&rsquo;entreposage et d&rsquo;ex\u00e9cution, FB Canada Express offre des options 3PL fiables et flexibles pour l&rsquo;ex\u00e9cution de commandes directes aux consommateurs \u00e0 destination, en provenance et \u00e0 l&rsquo;int\u00e9rieur du Canada.<\/p>\n        <\/div>\n    <\/div>\n<\/div>\n\n\n<div id=\"block_625f4cdbe66e8\"\n    class=\"numbered-info-cards cards-block block\">\n    <div class=\"wrapper wrapper display-flex justify__center\">\n        <div class=\"container-small full-width display-flex justify__center flex-column\">\n                        <div class=\"content display-flex justify__center align-flex-end\" data-animation=\"fadeInUp\">\n                <div class=\"title-description text-center\">\n                    <h3>Nos experts travaillent avec vous pour construire un pour votre marque de commerce \u00e9lectronique.\r\n\r\n<\/h3>                                    <\/div>\n            <\/div>\n                        <div class=\"cards\" data-animation=\"fadeInUp\">\n                <div class=\"center-aligned full-height\">\n                    <div\n                        class=\"wrapper full-width display-flex flex-row justify__space-between align-stretch nowrap full-height slider-on-mobile\">\n                                                <div class=\"card-single bg-dark-blue white-text text-left position-relative\">\n                            <h1><\/h1>\n                                                        <p>Co-d\u00e9velopper et tester les modes op\u00e9ratoires normalis\u00e9s commerciaux et op\u00e9rationnels pour le tri, l&#8217;emballage, l&rsquo;\u00e9tiquetage et le transport des produits. <\/p>                        <\/div>\n                                                <div class=\"card-single bg-dark-blue white-text text-left position-relative\">\n                            <h1><\/h1>\n                                                        <p>Envoyez des stocks en vrac \u00e0 l&rsquo;\u00e9quipe d&rsquo;ex\u00e9cution des commandes dans un ou plusieurs de nos \u00e9tablissements au Canada.  <\/p>                        <\/div>\n                                                <div class=\"card-single bg-dark-blue white-text text-left position-relative\">\n                            <h1><\/h1>\n                                                        <p>Recevez automatiquement les commandes de votre plateforme de commerce \u00e9lectronique (site, Shopify, Amazon, Lightspeed, Squarespace, etc.) et laissez \u00e0 FB Canada Express le soin d&rsquo;ex\u00e9cuter les commandes. <\/p>                        <\/div>\n                                                <div class=\"card-single bg-dark-blue white-text text-left position-relative\">\n                            <h1><\/h1>\n                                                        <p>Coordonner l&rsquo;offre et la demande futures avec votre agent d&rsquo;ex\u00e9cution chez FB Canada Express. <\/p>                        <\/div>\n                                            <\/div>\n                <\/div>\n            <\/div>\n        <\/div>\n    <\/div>\n<\/div>\n\n\n<div id=\"block_625f4d99e66fa\"\n    class=\"call-to-action block no\">\n    <div class=\"wrapper align-center justify__end\">\n        <div\n            class=\"half-height-background bg-light-blue bottom\">\n        <\/div>\n        <div class=\"box-holder align-flex-end\" data-animation=\"fadeInUp\">\n            <div class=\"container\">\n                <div class=\"box bg-dark-blue white-text\">\n                    <h4>D\u00e9ballage qui vous rend viral.\r\nLivrons l&rsquo;inoubliable.\r\n<\/h4>                     <div class=\"button-container display-flex\">\n                                                <a class=\"btn btn-white\" href=\"https:\/\/fbexpress.com\/fr\/nous-contacter\/\"\n                            target=\"_blank\">Parlez \u00e0 un expert  <\/a>\n                                            <\/div>\n                <\/div>\n            <\/div>\n        <\/div>\n        <div class=\"image-container full-height\" data-animation=\"fadeInUp\">\n                        <img decoding=\"async\" src=\"https:\/\/fbexpress.com\/wp-content\/uploads\/2022\/06\/WH-Fulfillment-Contact-2-e1655136519427.jpg\" alt=\"\" \/>\n            <img decoding=\"async\" src=\"https:\/\/fbexpress.com\/wp-content\/themes\/mm-fbc\/img\/red-flag.png\"\n                alt=\"red flag\" class=\"flag no\">\n                    <\/div>\n    <\/div>\n\n<\/div>","protected":false},"excerpt":{"rendered":"","protected":false},"author":5,"featured_media":0,"parent":2055,"menu_order":0,"comment_status":"closed","ping_status":"closed","template":"","meta":{"_acf_changed":false,"footnotes":""},"class_list":["post-2130","page","type-page","status-publish","hentry"],"acf":[],"yoast_head":"<!-- This site is optimized with the Yoast SEO plugin v27.4 - https:\/\/yoast.com\/product\/yoast-seo-wordpress\/ -->\n<title>Entreposage et traitement des commandes | FB Canada Express<\/title>\n<meta name=\"robots\" content=\"index, follow, max-snippet:-1, max-image-preview:large, max-video-preview:-1\" \/>\n<link rel=\"canonical\" href=\"https:\/\/fbexpress.com\/fr\/prestations-de-service\/entreposage-traitement-des-commandes\/\" \/>\n<meta property=\"og:locale\" content=\"fr_FR\" \/>\n<meta property=\"og:type\" content=\"article\" \/>\n<meta property=\"og:title\" content=\"Entreposage et traitement des commandes | FB Canada Express\" \/>\n<meta property=\"og:url\" content=\"https:\/\/fbexpress.com\/fr\/prestations-de-service\/entreposage-traitement-des-commandes\/\" \/>\n<meta property=\"og:site_name\" content=\"FB Canada Express\" \/>\n<meta property=\"article:modified_time\" content=\"2022-06-14T23:36:48+00:00\" \/>\n<meta name=\"twitter:card\" content=\"summary_large_image\" \/>\n<script type=\"application\/ld+json\" class=\"yoast-schema-graph\">{\"@context\":\"https:\\\/\\\/schema.org\",\"@graph\":[{\"@type\":\"WebPage\",\"@id\":\"https:\\\/\\\/fbexpress.com\\\/fr\\\/prestations-de-service\\\/entreposage-traitement-des-commandes\\\/\",\"url\":\"https:\\\/\\\/fbexpress.com\\\/fr\\\/prestations-de-service\\\/entreposage-traitement-des-commandes\\\/\",\"name\":\"Entreposage et traitement des commandes | FB Canada Express\",\"isPartOf\":{\"@id\":\"https:\\\/\\\/fbexpress.com\\\/#website\"},\"datePublished\":\"2022-05-03T18:45:06+00:00\",\"dateModified\":\"2022-06-14T23:36:48+00:00\",\"breadcrumb\":{\"@id\":\"https:\\\/\\\/fbexpress.com\\\/fr\\\/prestations-de-service\\\/entreposage-traitement-des-commandes\\\/#breadcrumb\"},\"inLanguage\":\"fr-FR\",\"potentialAction\":[{\"@type\":\"ReadAction\",\"target\":[\"https:\\\/\\\/fbexpress.com\\\/fr\\\/prestations-de-service\\\/entreposage-traitement-des-commandes\\\/\"]}]},{\"@type\":\"BreadcrumbList\",\"@id\":\"https:\\\/\\\/fbexpress.com\\\/fr\\\/prestations-de-service\\\/entreposage-traitement-des-commandes\\\/#breadcrumb\",\"itemListElement\":[{\"@type\":\"ListItem\",\"position\":1,\"name\":\"Home\",\"item\":\"https:\\\/\\\/fbexpress.com\\\/fr\\\/\"},{\"@type\":\"ListItem\",\"position\":2,\"name\":\"Prestations de Service\",\"item\":\"https:\\\/\\\/fbexpress.com\\\/fr\\\/prestations-de-service\\\/\"},{\"@type\":\"ListItem\",\"position\":3,\"name\":\"Entreposage et traitement des commandes\"}]},{\"@type\":\"WebSite\",\"@id\":\"https:\\\/\\\/fbexpress.com\\\/#website\",\"url\":\"https:\\\/\\\/fbexpress.com\\\/\",\"name\":\"FB Canada Express\",\"description\":\"At FB Canada Express, we attribute our success to one guiding principle: laser-focused commitment to excellence in express logistics to, from and within Canada.\",\"publisher\":{\"@id\":\"https:\\\/\\\/fbexpress.com\\\/#organization\"},\"potentialAction\":[{\"@type\":\"SearchAction\",\"target\":{\"@type\":\"EntryPoint\",\"urlTemplate\":\"https:\\\/\\\/fbexpress.com\\\/?s={search_term_string}\"},\"query-input\":{\"@type\":\"PropertyValueSpecification\",\"valueRequired\":true,\"valueName\":\"search_term_string\"}}],\"inLanguage\":\"fr-FR\"},{\"@type\":\"Organization\",\"@id\":\"https:\\\/\\\/fbexpress.com\\\/#organization\",\"name\":\"FB CANADA Express\",\"url\":\"https:\\\/\\\/fbexpress.com\\\/\",\"logo\":{\"@type\":\"ImageObject\",\"inLanguage\":\"fr-FR\",\"@id\":\"https:\\\/\\\/fbexpress.com\\\/#\\\/schema\\\/logo\\\/image\\\/\",\"url\":\"https:\\\/\\\/fbexpress.com\\\/wp-content\\\/uploads\\\/2022\\\/04\\\/white-logo.svg\",\"contentUrl\":\"https:\\\/\\\/fbexpress.com\\\/wp-content\\\/uploads\\\/2022\\\/04\\\/white-logo.svg\",\"width\":181,\"height\":41,\"caption\":\"FB CANADA Express\"},\"image\":{\"@id\":\"https:\\\/\\\/fbexpress.com\\\/#\\\/schema\\\/logo\\\/image\\\/\"}}]}<\/script>\n<!-- \/ Yoast SEO plugin. -->","yoast_head_json":{"title":"Entreposage et traitement des commandes | FB Canada Express","robots":{"index":"index","follow":"follow","max-snippet":"max-snippet:-1","max-image-preview":"max-image-preview:large","max-video-preview":"max-video-preview:-1"},"canonical":"https:\/\/fbexpress.com\/fr\/prestations-de-service\/entreposage-traitement-des-commandes\/","og_locale":"fr_FR","og_type":"article","og_title":"Entreposage et traitement des commandes | FB Canada Express","og_url":"https:\/\/fbexpress.com\/fr\/prestations-de-service\/entreposage-traitement-des-commandes\/","og_site_name":"FB Canada Express","article_modified_time":"2022-06-14T23:36:48+00:00","twitter_card":"summary_large_image","schema":{"@context":"https:\/\/schema.org","@graph":[{"@type":"WebPage","@id":"https:\/\/fbexpress.com\/fr\/prestations-de-service\/entreposage-traitement-des-commandes\/","url":"https:\/\/fbexpress.com\/fr\/prestations-de-service\/entreposage-traitement-des-commandes\/","name":"Entreposage et traitement des commandes | FB Canada Express","isPartOf":{"@id":"https:\/\/fbexpress.com\/#website"},"datePublished":"2022-05-03T18:45:06+00:00","dateModified":"2022-06-14T23:36:48+00:00","breadcrumb":{"@id":"https:\/\/fbexpress.com\/fr\/prestations-de-service\/entreposage-traitement-des-commandes\/#breadcrumb"},"inLanguage":"fr-FR","potentialAction":[{"@type":"ReadAction","target":["https:\/\/fbexpress.com\/fr\/prestations-de-service\/entreposage-traitement-des-commandes\/"]}]},{"@type":"BreadcrumbList","@id":"https:\/\/fbexpress.com\/fr\/prestations-de-service\/entreposage-traitement-des-commandes\/#breadcrumb","itemListElement":[{"@type":"ListItem","position":1,"name":"Home","item":"https:\/\/fbexpress.com\/fr\/"},{"@type":"ListItem","position":2,"name":"Prestations de Service","item":"https:\/\/fbexpress.com\/fr\/prestations-de-service\/"},{"@type":"ListItem","position":3,"name":"Entreposage et traitement des commandes"}]},{"@type":"WebSite","@id":"https:\/\/fbexpress.com\/#website","url":"https:\/\/fbexpress.com\/","name":"FB Canada Express","description":"At FB Canada Express, we attribute our success to one guiding principle: laser-focused commitment to excellence in express logistics to, from and within Canada.","publisher":{"@id":"https:\/\/fbexpress.com\/#organization"},"potentialAction":[{"@type":"SearchAction","target":{"@type":"EntryPoint","urlTemplate":"https:\/\/fbexpress.com\/?s={search_term_string}"},"query-input":{"@type":"PropertyValueSpecification","valueRequired":true,"valueName":"search_term_string"}}],"inLanguage":"fr-FR"},{"@type":"Organization","@id":"https:\/\/fbexpress.com\/#organization","name":"FB CANADA Express","url":"https:\/\/fbexpress.com\/","logo":{"@type":"ImageObject","inLanguage":"fr-FR","@id":"https:\/\/fbexpress.com\/#\/schema\/logo\/image\/","url":"https:\/\/fbexpress.com\/wp-content\/uploads\/2022\/04\/white-logo.svg","contentUrl":"https:\/\/fbexpress.com\/wp-content\/uploads\/2022\/04\/white-logo.svg","width":181,"height":41,"caption":"FB CANADA Express"},"image":{"@id":"https:\/\/fbexpress.com\/#\/schema\/logo\/image\/"}}]}},"_links":{"self":[{"href":"https:\/\/fbexpress.com\/fr\/wp-json\/wp\/v2\/pages\/2130","targetHints":{"allow":["GET"]}}],"collection":[{"href":"https:\/\/fbexpress.com\/fr\/wp-json\/wp\/v2\/pages"}],"about":[{"href":"https:\/\/fbexpress.com\/fr\/wp-json\/wp\/v2\/types\/page"}],"author":[{"embeddable":true,"href":"https:\/\/fbexpress.com\/fr\/wp-json\/wp\/v2\/users\/5"}],"replies":[{"embeddable":true,"href":"https:\/\/fbexpress.com\/fr\/wp-json\/wp\/v2\/comments?post=2130"}],"version-history":[{"count":0,"href":"https:\/\/fbexpress.com\/fr\/wp-json\/wp\/v2\/pages\/2130\/revisions"}],"up":[{"embeddable":true,"href":"https:\/\/fbexpress.com\/fr\/wp-json\/wp\/v2\/pages\/2055"}],"wp:attachment":[{"href":"https:\/\/fbexpress.com\/fr\/wp-json\/wp\/v2\/media?parent=2130"}],"curies":[{"name":"wp","href":"https:\/\/api.w.org\/{rel}","templated":true}]}}