{"id":2094,"date":"2022-05-03T18:20:15","date_gmt":"2022-05-03T18:20:15","guid":{"rendered":"https:\/\/fbexpress.com\/services\/time-critical\/"},"modified":"2022-06-14T23:36:48","modified_gmt":"2022-06-14T23:36:48","slug":"temps-critique","status":"publish","type":"page","link":"https:\/\/fbexpress.com\/fr\/prestations-de-service\/temps-critique\/","title":{"rendered":"Temps Critique"},"content":{"rendered":"\n<div id=\"block_625844c2f86e3\"\n    class=\"hero-style-2 call-to-action wide-section narrow block\">\n    <div class=\"wrapper align-center justify__end\">\n        <div class=\"half-height-background bg-light-blue bottom\"\n            data-animation=\"fadeInUp\"><\/div>\n        <div class=\"box-holder align-flex-end\" data-animation=\"fadeInLeft\">\n            <div class=\"container\">\n                <div class=\"box bg-dark-blue\">\n                    <h1>Temps Critique<\/h1>                     <h3>Quelle que soit l&rsquo;urgence, o\u00f9 que vous ayez besoin de nous.<\/h3>                    <p>Depuis 1985, FB Canada s&rsquo;est forg\u00e9 une r\u00e9putation de pionnier dans l&rsquo;industrie mondiale du courrier express embarqu\u00e9. Qu&rsquo;il s&rsquo;agisse de la livraison de mat\u00e9riel de manutention de glace s\u00e8che pour l&rsquo;industrie pharmaceutique ou de la r\u00e9ponse rapide de pi\u00e8ces certifi\u00e9es n\u00e9cessaires pour les AOG, notre exp\u00e9rience et notre expertise en mati\u00e8re de d\u00e9lais critiques s&rsquo;\u00e9tendent \u00e0 tous les secteurs. <\/p>                    <div class=\"button-container display-flex\">\n                                            <\/div>\n                <\/div>\n            <\/div>\n        <\/div>\n        <div class=\"image-container full-height\" data-animation=\"fadeInRight\">\n                        <img decoding=\"async\" src=\"https:\/\/fbexpress.com\/wp-content\/uploads\/2022\/06\/Time-Critical-Hero.jpg\" alt=\"\" \/>\n            <img decoding=\"async\" src=\"https:\/\/fbexpress.com\/wp-content\/themes\/mm-fbc\/img\/red-flag.png\" alt=\"\"\n                class=\"flag \">\n                    <\/div>\n    <\/div>\n\n<\/div>\n\n\n<div id=\"block_625f4c7de66e7\"\n    class=\"center-aligned content-with-media block\">\n    <div\n        class=\"container-small default-padding display-flex justify__space-between lg-flex-rowleft\">\n        <div class=\"media height-auto\" data-animation=\"fadeInUp\">\n                        <img decoding=\"async\" src=\"https:\/\/fbexpress.com\/wp-content\/uploads\/2022\/06\/IMG_3383-1-scaled.jpg\" alt=\"\"\n                class=\"full-width full-height object-fit__cover\" \/>\n                    <\/div>\n        <div class=\"content display-flex justify__center flex-column\" data-animation=\"fadeInUp\">\n            <H3>D\u00e9couvrez la mani\u00e8re FB Express<\/H3><p>Nous savons que la marge d&rsquo;erreur est nulle. Notre \u00e9quipe d&rsquo;intervention est form\u00e9e et capable de r\u00e9pondre \u00e0 vos d\u00e9lais impossibles et \u00e0 vos situations complexes \u00e0 tout moment de la journ\u00e9e. Nous fournissons des solutions garanties de bout en bout avec l&rsquo;urgence, la transparence en temps r\u00e9el et le soin requis.<\/p>\n<ul>\n<li>Prochain vol (NFO)<\/li>\n<li>Courrier de bord (OBC)<\/li>\n<li>Affr\u00e8tement a\u00e9rien<\/li>\n<li>Contr\u00f4le de la temp\u00e9rature<\/li>\n<li>Fret a\u00e9rien sp\u00e9cialis\u00e9<\/li>\n<li>Manutention de porte \u00e0 porte<\/li>\n<li>Livraison le jour m\u00eame<\/li>\n<li>Autorisation \u00e0 l&rsquo;arriv\u00e9e<\/li>\n<\/ul>\n        <\/div>\n    <\/div>\n<\/div>\n\n\n<div id=\"block_6271740534e14\"\n    class=\"cards-carousel cards-block block\" data-animation=\"fadeInUp\">\n    <div class=\"wrapper display-flex justify__center\">\n        <div class=\"container-small full-width text-center\">\n                        <div class=\"content display-flex justify__space-between align-flex-end\">\n                <div class=\"title-description text-left\">\n                    <h3>Travaillez avec des agents form\u00e9s et certifi\u00e9s en temps critique <\/h3>                    <p>Industries dans lesquelles nous sommes sp\u00e9cialis\u00e9s.<\/p>                <\/div>\n                            <\/div>\n                        <div class=\"cards\">\n                <div class=\"cards-carousel-swiper position-relative center-aligned full-height\"\n                    data-animation=\"fadeInUp\">\n                    <div\n                        class=\"wrapper position-relative full-width display-flex justify__space-between align-center display-flex\">\n                                                <div class=\"card-single text-left position-relative justify__space-between\">\n                            <div class=\"image-holder\">\n                                <img decoding=\"async\" src=\"https:\/\/fbexpress.com\/wp-content\/uploads\/2022\/06\/Life-Sci-Tech-1.jpg\" alt=\"\"\n                                    class=\"object-fit__contain\" \/>\n                            <\/div>\n                            <div class=\"text-holder bg-red\">\n                                <h4>Pharmaceutique <\/h4>                                <p>Manipulation des \u00e9chantillons de recherche dans la glace s\u00e8che\r\nAdministration de m\u00e9dicaments \u00e0 temp\u00e9rature contr\u00f4l\u00e9e \r\nRapports et documents sur les essais cliniques \r\nMat\u00e9riel m\u00e9dical et de recherche \r\n\u00c9chantillons et pr\u00e9l\u00e8vements (sang, peau, urine, plaquettes)<\/p>                                                            <\/div>\n                        <\/div>\n                                                <div class=\"card-single text-left position-relative justify__space-between\">\n                            <div class=\"image-holder\">\n                                <img decoding=\"async\" src=\"https:\/\/fbexpress.com\/wp-content\/uploads\/2022\/06\/Home-Aerospace-Card.jpg\" alt=\"\"\n                                    class=\"object-fit__contain\" \/>\n                            <\/div>\n                            <div class=\"text-holder bg-red\">\n                                <h4>A\u00e9rospatiale et AOG<\/h4>                                <p>Pi\u00e8ces de rechange et mat\u00e9riel certifi\u00e9s\r\nMoteur et composants pour diverses plateformes\r\n\u00c9quipements d&rsquo;atterrissage \r\n\u00c9quipements structurels et de s\u00e9curit\u00e9 <\/p>                                                            <\/div>\n                        <\/div>\n                                                <div class=\"card-single text-left position-relative justify__space-between\">\n                            <div class=\"image-holder\">\n                                <img decoding=\"async\" src=\"https:\/\/fbexpress.com\/wp-content\/uploads\/2022\/06\/Time-Critical-Entertainment-Card.jpg\" alt=\"\"\n                                    class=\"object-fit__contain\" \/>\n                            <\/div>\n                            <div class=\"text-holder bg-red\">\n                                <h4>Divertissement <\/h4>                                <p>Films et disques durs port\u00e9s \u00e0 la main.  \r\nMat\u00e9riel de tournage\r\n\u00c9quipement et v\u00eatements de voyage (armoires de haut niveau)\r\n<\/p>                                                            <\/div>\n                        <\/div>\n                                                <div class=\"card-single text-left position-relative justify__space-between\">\n                            <div class=\"image-holder\">\n                                <img decoding=\"async\" src=\"https:\/\/fbexpress.com\/wp-content\/uploads\/2022\/06\/Time-Critical-Healthcare.jpg\" alt=\"\"\n                                    class=\"object-fit__contain\" \/>\n                            <\/div>\n                            <div class=\"text-holder bg-red\">\n                                <h4>Soins de sant\u00e9  <\/h4>                                <p>Transport de tissus\/organes \r\nDossiers m\u00e9dicaux et radiographies\r\nFournitures pour soins de sant\u00e9 \u00e0 domicile\r\nMat\u00e9riel m\u00e9dical \r\n\u00c9chantillons et pr\u00e9l\u00e8vements (sang, peau, urine, plaquettes)\r\n<\/p>                                                            <\/div>\n                        <\/div>\n                                                <div class=\"card-single text-left position-relative justify__space-between\">\n                            <div class=\"image-holder\">\n                                <img decoding=\"async\" src=\"https:\/\/fbexpress.com\/wp-content\/uploads\/2022\/06\/Time-Critical-Retail-Ecomm-Card.jpg\" alt=\"\"\n                                    class=\"object-fit__contain\" \/>\n                            <\/div>\n                            <div class=\"text-holder bg-red\">\n                                <h4>Commerce de d\u00e9tail et mode<\/h4>                                <p>Cargaison en vrac\r\nMode haut de gamme\r\n\u00c9chantillons de collecte \r\nColorants et secrets commerciaux prot\u00e9g\u00e9s \r\n<\/p>                                                            <\/div>\n                        <\/div>\n                                                <div class=\"card-single text-left position-relative justify__space-between\">\n                            <div class=\"image-holder\">\n                                <img decoding=\"async\" src=\"https:\/\/fbexpress.com\/wp-content\/uploads\/2022\/06\/Time-Critical-Arts-Heritage-Card.jpg\" alt=\"\"\n                                    class=\"object-fit__contain\" \/>\n                            <\/div>\n                            <div class=\"text-holder bg-red\">\n                                <h4>Arts et patrimoine<\/h4>                                <p>Collections priv\u00e9es de grande valeur \r\nInstallations d&rsquo;expositions et de galeries \r\nArtefacts \u00e0 temp\u00e9rature contr\u00f4l\u00e9e <\/p>                                                            <\/div>\n                        <\/div>\n                                            <\/div>\n                    <div class=\"swiper-button-prev swiper-button display-flex justify__center\"><img decoding=\"async\"\n                            src=\"https:\/\/fbexpress.com\/wp-content\/uploads\/2022\/04\/thick-white-arrow.svg\"\n                            alt=\"previous arrow\" class=\"rotate-left\"><\/div>\n                    <div class=\"swiper-button-next swiper-button display-flex justify__center\"><img decoding=\"async\"\n                            src=\"https:\/\/fbexpress.com\/wp-content\/uploads\/2022\/04\/thick-white-arrow.svg\"\n                            alt=\"next arrow\"><\/div>\n                    <div class=\"swiper-scrollbar\"><\/div>\n                <\/div>\n            <\/div>\n        <\/div>\n    <\/div>\n<\/div>\n\n\n<div id=\"block_625f4cdbe66e8\"\n    class=\"numbered-info-cards cards-block block\">\n    <div class=\"wrapper wrapper display-flex justify__center\">\n        <div class=\"container-small full-width display-flex justify__center flex-column\">\n                        <div class=\"content display-flex justify__center align-flex-end\" data-animation=\"fadeInUp\">\n                <div class=\"title-description text-center\">\n                    <h3>Nous r\u00e9pondons, \u00e0 chaque fois.<\/h3>                    <p>Un agent sp\u00e9cialis\u00e9 vous est attribu\u00e9 d\u00e8s votre premier appel t\u00e9l\u00e9phonique et jusqu&rsquo;\u00e0 la remise finale de l&rsquo;envoi. Il surveille et d\u00e9panne l&rsquo;envoi de mani\u00e8re proactive.<\/p>                <\/div>\n            <\/div>\n                        <div class=\"cards\" data-animation=\"fadeInUp\">\n                <div class=\"center-aligned full-height\">\n                    <div\n                        class=\"wrapper full-width display-flex flex-row justify__space-between align-stretch nowrap full-height slider-on-mobile\">\n                                                <div class=\"card-single bg-dark-blue white-text text-left position-relative\">\n                            <h1><\/h1>\n                                                        <p>R\u00e9ponse imm\u00e9diate \u00e0 toutes les pr\u00e9-alertes critiques.<\/p>                        <\/div>\n                                                <div class=\"card-single bg-dark-blue white-text text-left position-relative\">\n                            <h1><\/h1>\n                                                        <p>Une attention rapide en mati\u00e8re de d\u00e9douanement a \u00e9t\u00e9 n\u00e9cessaire en raison de la nature critique de la parcelle. <\/p>                        <\/div>\n                                                <div class=\"card-single bg-dark-blue white-text text-left position-relative\">\n                            <h1><\/h1>\n                                                        <p>Entra\u00eenement direct ou appel d&rsquo;offres de la compagnie a\u00e9rienne selon les besoins.<\/p>                        <\/div>\n                                                <div class=\"card-single bg-dark-blue white-text text-left position-relative\">\n                            <h1><\/h1>\n                                                        <p>Suivi constant en cours de route et communication \u00e0 l&rsquo;origine de l&rsquo;\u00e9tat du colis jusqu&rsquo;\u00e0 la livraison et la signature au point final.<\/p>                        <\/div>\n                                            <\/div>\n                <\/div>\n            <\/div>\n        <\/div>\n    <\/div>\n<\/div>\n\n\n<div id=\"block_625f4d99e66fa\"\n    class=\"call-to-action block no\">\n    <div class=\"wrapper align-center justify__end\">\n        <div\n            class=\"half-height-background bg-light-blue bottom\">\n        <\/div>\n        <div class=\"box-holder align-flex-end\" data-animation=\"fadeInUp\">\n            <div class=\"container\">\n                <div class=\"box bg-dark-blue white-text\">\n                    <h4>Nous apportons l&rsquo;urgence, la rapidit\u00e9 et l&rsquo;attention \u00e0 chaque d\u00e9tail.\r\nTravaillez avec les pionniers du temps critique.\r\n\r\n<\/h4>                     <div class=\"button-container display-flex\">\n                                                <a class=\"btn btn-white\" href=\"tel:+19056120029\"\n                            target=\"_blank\">Appelez-nous maintenant <\/a>\n                                            <\/div>\n                <\/div>\n            <\/div>\n        <\/div>\n        <div class=\"image-container full-height\" data-animation=\"fadeInUp\">\n                        <img decoding=\"async\" src=\"https:\/\/fbexpress.com\/wp-content\/uploads\/2022\/06\/Time-Critical-Contact.jpg\" alt=\"\" \/>\n            <img decoding=\"async\" src=\"https:\/\/fbexpress.com\/wp-content\/themes\/mm-fbc\/img\/red-flag.png\"\n                alt=\"red flag\" class=\"flag no\">\n                    <\/div>\n    <\/div>\n\n<\/div>","protected":false},"excerpt":{"rendered":"","protected":false},"author":5,"featured_media":0,"parent":2055,"menu_order":0,"comment_status":"closed","ping_status":"closed","template":"","meta":{"_acf_changed":false,"footnotes":""},"class_list":["post-2094","page","type-page","status-publish","hentry"],"acf":[],"yoast_head":"<!-- This site is optimized with the Yoast SEO plugin v27.4 - https:\/\/yoast.com\/product\/yoast-seo-wordpress\/ -->\n<title>Temps Critique | FB Canada Express<\/title>\n<meta name=\"robots\" content=\"index, follow, max-snippet:-1, max-image-preview:large, max-video-preview:-1\" \/>\n<link rel=\"canonical\" href=\"https:\/\/fbexpress.com\/fr\/prestations-de-service\/temps-critique\/\" \/>\n<meta property=\"og:locale\" content=\"fr_FR\" \/>\n<meta property=\"og:type\" content=\"article\" \/>\n<meta property=\"og:title\" content=\"Temps Critique | FB Canada Express\" \/>\n<meta property=\"og:url\" content=\"https:\/\/fbexpress.com\/fr\/prestations-de-service\/temps-critique\/\" \/>\n<meta property=\"og:site_name\" content=\"FB Canada Express\" \/>\n<meta property=\"article:modified_time\" content=\"2022-06-14T23:36:48+00:00\" \/>\n<meta name=\"twitter:card\" content=\"summary_large_image\" \/>\n<script type=\"application\/ld+json\" class=\"yoast-schema-graph\">{\"@context\":\"https:\\\/\\\/schema.org\",\"@graph\":[{\"@type\":\"WebPage\",\"@id\":\"https:\\\/\\\/fbexpress.com\\\/fr\\\/prestations-de-service\\\/temps-critique\\\/\",\"url\":\"https:\\\/\\\/fbexpress.com\\\/fr\\\/prestations-de-service\\\/temps-critique\\\/\",\"name\":\"Temps Critique | FB Canada Express\",\"isPartOf\":{\"@id\":\"https:\\\/\\\/fbexpress.com\\\/#website\"},\"datePublished\":\"2022-05-03T18:20:15+00:00\",\"dateModified\":\"2022-06-14T23:36:48+00:00\",\"breadcrumb\":{\"@id\":\"https:\\\/\\\/fbexpress.com\\\/fr\\\/prestations-de-service\\\/temps-critique\\\/#breadcrumb\"},\"inLanguage\":\"fr-FR\",\"potentialAction\":[{\"@type\":\"ReadAction\",\"target\":[\"https:\\\/\\\/fbexpress.com\\\/fr\\\/prestations-de-service\\\/temps-critique\\\/\"]}]},{\"@type\":\"BreadcrumbList\",\"@id\":\"https:\\\/\\\/fbexpress.com\\\/fr\\\/prestations-de-service\\\/temps-critique\\\/#breadcrumb\",\"itemListElement\":[{\"@type\":\"ListItem\",\"position\":1,\"name\":\"Home\",\"item\":\"https:\\\/\\\/fbexpress.com\\\/fr\\\/\"},{\"@type\":\"ListItem\",\"position\":2,\"name\":\"Prestations de Service\",\"item\":\"https:\\\/\\\/fbexpress.com\\\/fr\\\/prestations-de-service\\\/\"},{\"@type\":\"ListItem\",\"position\":3,\"name\":\"Temps Critique\"}]},{\"@type\":\"WebSite\",\"@id\":\"https:\\\/\\\/fbexpress.com\\\/#website\",\"url\":\"https:\\\/\\\/fbexpress.com\\\/\",\"name\":\"FB Canada Express\",\"description\":\"At FB Canada Express, we attribute our success to one guiding principle: laser-focused commitment to excellence in express logistics to, from and within Canada.\",\"publisher\":{\"@id\":\"https:\\\/\\\/fbexpress.com\\\/#organization\"},\"potentialAction\":[{\"@type\":\"SearchAction\",\"target\":{\"@type\":\"EntryPoint\",\"urlTemplate\":\"https:\\\/\\\/fbexpress.com\\\/?s={search_term_string}\"},\"query-input\":{\"@type\":\"PropertyValueSpecification\",\"valueRequired\":true,\"valueName\":\"search_term_string\"}}],\"inLanguage\":\"fr-FR\"},{\"@type\":\"Organization\",\"@id\":\"https:\\\/\\\/fbexpress.com\\\/#organization\",\"name\":\"FB CANADA Express\",\"url\":\"https:\\\/\\\/fbexpress.com\\\/\",\"logo\":{\"@type\":\"ImageObject\",\"inLanguage\":\"fr-FR\",\"@id\":\"https:\\\/\\\/fbexpress.com\\\/#\\\/schema\\\/logo\\\/image\\\/\",\"url\":\"https:\\\/\\\/fbexpress.com\\\/wp-content\\\/uploads\\\/2022\\\/04\\\/white-logo.svg\",\"contentUrl\":\"https:\\\/\\\/fbexpress.com\\\/wp-content\\\/uploads\\\/2022\\\/04\\\/white-logo.svg\",\"width\":181,\"height\":41,\"caption\":\"FB CANADA Express\"},\"image\":{\"@id\":\"https:\\\/\\\/fbexpress.com\\\/#\\\/schema\\\/logo\\\/image\\\/\"}}]}<\/script>\n<!-- \/ Yoast SEO plugin. -->","yoast_head_json":{"title":"Temps Critique | FB Canada Express","robots":{"index":"index","follow":"follow","max-snippet":"max-snippet:-1","max-image-preview":"max-image-preview:large","max-video-preview":"max-video-preview:-1"},"canonical":"https:\/\/fbexpress.com\/fr\/prestations-de-service\/temps-critique\/","og_locale":"fr_FR","og_type":"article","og_title":"Temps Critique | FB Canada Express","og_url":"https:\/\/fbexpress.com\/fr\/prestations-de-service\/temps-critique\/","og_site_name":"FB Canada Express","article_modified_time":"2022-06-14T23:36:48+00:00","twitter_card":"summary_large_image","schema":{"@context":"https:\/\/schema.org","@graph":[{"@type":"WebPage","@id":"https:\/\/fbexpress.com\/fr\/prestations-de-service\/temps-critique\/","url":"https:\/\/fbexpress.com\/fr\/prestations-de-service\/temps-critique\/","name":"Temps Critique | FB Canada Express","isPartOf":{"@id":"https:\/\/fbexpress.com\/#website"},"datePublished":"2022-05-03T18:20:15+00:00","dateModified":"2022-06-14T23:36:48+00:00","breadcrumb":{"@id":"https:\/\/fbexpress.com\/fr\/prestations-de-service\/temps-critique\/#breadcrumb"},"inLanguage":"fr-FR","potentialAction":[{"@type":"ReadAction","target":["https:\/\/fbexpress.com\/fr\/prestations-de-service\/temps-critique\/"]}]},{"@type":"BreadcrumbList","@id":"https:\/\/fbexpress.com\/fr\/prestations-de-service\/temps-critique\/#breadcrumb","itemListElement":[{"@type":"ListItem","position":1,"name":"Home","item":"https:\/\/fbexpress.com\/fr\/"},{"@type":"ListItem","position":2,"name":"Prestations de Service","item":"https:\/\/fbexpress.com\/fr\/prestations-de-service\/"},{"@type":"ListItem","position":3,"name":"Temps Critique"}]},{"@type":"WebSite","@id":"https:\/\/fbexpress.com\/#website","url":"https:\/\/fbexpress.com\/","name":"FB Canada Express","description":"At FB Canada Express, we attribute our success to one guiding principle: laser-focused commitment to excellence in express logistics to, from and within Canada.","publisher":{"@id":"https:\/\/fbexpress.com\/#organization"},"potentialAction":[{"@type":"SearchAction","target":{"@type":"EntryPoint","urlTemplate":"https:\/\/fbexpress.com\/?s={search_term_string}"},"query-input":{"@type":"PropertyValueSpecification","valueRequired":true,"valueName":"search_term_string"}}],"inLanguage":"fr-FR"},{"@type":"Organization","@id":"https:\/\/fbexpress.com\/#organization","name":"FB CANADA Express","url":"https:\/\/fbexpress.com\/","logo":{"@type":"ImageObject","inLanguage":"fr-FR","@id":"https:\/\/fbexpress.com\/#\/schema\/logo\/image\/","url":"https:\/\/fbexpress.com\/wp-content\/uploads\/2022\/04\/white-logo.svg","contentUrl":"https:\/\/fbexpress.com\/wp-content\/uploads\/2022\/04\/white-logo.svg","width":181,"height":41,"caption":"FB CANADA Express"},"image":{"@id":"https:\/\/fbexpress.com\/#\/schema\/logo\/image\/"}}]}},"_links":{"self":[{"href":"https:\/\/fbexpress.com\/fr\/wp-json\/wp\/v2\/pages\/2094","targetHints":{"allow":["GET"]}}],"collection":[{"href":"https:\/\/fbexpress.com\/fr\/wp-json\/wp\/v2\/pages"}],"about":[{"href":"https:\/\/fbexpress.com\/fr\/wp-json\/wp\/v2\/types\/page"}],"author":[{"embeddable":true,"href":"https:\/\/fbexpress.com\/fr\/wp-json\/wp\/v2\/users\/5"}],"replies":[{"embeddable":true,"href":"https:\/\/fbexpress.com\/fr\/wp-json\/wp\/v2\/comments?post=2094"}],"version-history":[{"count":0,"href":"https:\/\/fbexpress.com\/fr\/wp-json\/wp\/v2\/pages\/2094\/revisions"}],"up":[{"embeddable":true,"href":"https:\/\/fbexpress.com\/fr\/wp-json\/wp\/v2\/pages\/2055"}],"wp:attachment":[{"href":"https:\/\/fbexpress.com\/fr\/wp-json\/wp\/v2\/media?parent=2094"}],"curies":[{"name":"wp","href":"https:\/\/api.w.org\/{rel}","templated":true}]}}