{"id":2069,"date":"2022-05-03T16:53:56","date_gmt":"2022-05-03T16:53:56","guid":{"rendered":"https:\/\/fbexpress.com\/services\/ecommerce\/"},"modified":"2022-06-14T23:36:47","modified_gmt":"2022-06-14T23:36:47","slug":"commerce-electronique-transfrontalier","status":"publish","type":"page","link":"https:\/\/fbexpress.com\/fr\/prestations-de-service\/commerce-electronique-transfrontalier\/","title":{"rendered":"Commerce \u00e9lectronique transfrontalier"},"content":{"rendered":"\n<div id=\"block_625844c2f86e3\"\n    class=\"hero-style-2 call-to-action wide-section narrow block\">\n    <div class=\"wrapper align-center justify__end\">\n        <div class=\"half-height-background bg-white bottom\"\n            data-animation=\"fadeInUp\"><\/div>\n        <div class=\"box-holder align-flex-end\" data-animation=\"fadeInLeft\">\n            <div class=\"container\">\n                <div class=\"box bg-dark-blue\">\n                    <h1>Commerce \u00e9lectronique transfrontalier<\/h1>                     <h3>Par voie a\u00e9rienne ou terrestre, nous livrons le commerce \u00e9lectronique au Canada.<\/h3>                    <p>FB Canada Express s&rsquo;appuie sur des d\u00e9cennies d&rsquo;exp\u00e9rience en tant que fournisseur \u00e9tabli de services de d\u00e9douanement et de livraison pour le commerce \u00e9lectronique transfrontalier au Canada.<\/p>                    <div class=\"button-container display-flex\">\n                                            <\/div>\n                <\/div>\n            <\/div>\n        <\/div>\n        <div class=\"image-container full-height\" data-animation=\"fadeInRight\">\n                        <img decoding=\"async\" src=\"https:\/\/fbexpress.com\/wp-content\/uploads\/2022\/06\/Cross-Border-Ecomm-Hero-3.jpg\" alt=\"\" \/>\n            <img decoding=\"async\" src=\"https:\/\/fbexpress.com\/wp-content\/themes\/mm-fbc\/img\/red-flag.png\" alt=\"\"\n                class=\"flag \">\n                    <\/div>\n    <\/div>\n\n<\/div>\n\n\n<div id=\"block_6271b009aafae\"\n    class=\"text-call-to-action cards-block block\" data-animation=\"fadeInUp\">\n    <div class=\"wrapper display-flex justify__center\">\n        <div class=\"container-small full-width text-center\">\n                        <div class=\"content display-flex justify__center align-center flex-column\">\n                <div class=\"title-description text-center\">\n                    <h3>Nous allons plus loin. <\/h3>\n                    <p>Avec le commerce \u00e9lectronique \u00e0 son apog\u00e9e, les entreprises disposant de cha\u00eenes d&rsquo;approvisionnement efficaces et fiables sont en mesure d&rsquo;augmenter leurs revenus et de d\u00e9passer les autres. Nous investissons dans notre personnel, notre technologie et notre r\u00e9seau pour vous fournir l&rsquo;avantage concurrentiel dont vous avez besoin.<\/p>                <\/div>\n                            <\/div>\n                    <\/div>\n    <\/div>\n<\/div>\n\n\n<div id=\"block_6271aeeeaafaa\"\n    class=\"center-aligned content-with-media block\">\n    <div\n        class=\"container-small default-padding display-flex justify__space-between lg-flex-row-reverse\">\n        <div class=\"media height-auto\" data-animation=\"fadeInUp\">\n                        <img decoding=\"async\" src=\"https:\/\/fbexpress.com\/wp-content\/uploads\/2022\/06\/Cross-Border-Ecomm-By-Air-2.jpg\" alt=\"\"\n                class=\"full-width full-height object-fit__cover\" \/>\n                    <\/div>\n        <div class=\"content display-flex justify__center flex-column\" data-animation=\"fadeInUp\">\n            <H3>ECOMMERCE par voie a\u00e9rienne<\/H3><p><strong>\u00c9largissez votre champ d&rsquo;action. Du jour au lendemain et \u00e0 l&rsquo;\u00e9tranger.<\/strong><\/p>\n<ul>\n<li>Taux de fret a\u00e9rien en vrac<\/li>\n<li>Un d\u00e9douanement rapide <\/li>\n<li>Des temps de transit sup\u00e9rieurs<\/li>\n<li>Options DDP \/ DDU<\/li>\n<li>Options de livraison au dernier kilom\u00e8tre<\/li>\n<li>Solutions affr\u00e9t\u00e9es vers YYZ, YVR, YUL<\/li>\n<\/ul>\n            <a class=\"btn btn-primary white-text\" href=\"tel:+19056120029\"\n                target=\"_blank\">Appelez notre \u00e9quipe Air<\/a>\n                    <\/div>\n    <\/div>\n<\/div>\n\n\n<div id=\"block_6271af47aafac\"\n    class=\"center-aligned content-with-media block\">\n    <div\n        class=\"container-small default-padding display-flex justify__space-between lg-flex-rowleft\">\n        <div class=\"media height-auto\" data-animation=\"fadeInUp\">\n                        <img decoding=\"async\" src=\"https:\/\/fbexpress.com\/wp-content\/uploads\/2022\/06\/Cross-Border-Ecomm-By-Ground-2.jpg\" alt=\"\"\n                class=\"full-width full-height object-fit__cover\" \/>\n                    <\/div>\n        <div class=\"content display-flex justify__center flex-column\" data-animation=\"fadeInUp\">\n            <H3>ECOMMERCE PAR VOIE TERRESTRE<\/H3><p><strong>R\u00e9duire les retenues transfrontali\u00e8res. Des \u00c9tats-Unis au Canada en toute simplicit\u00e9.<\/strong><\/p>\n<ul>\n<li>D\u00e9lai r\u00e9duit dans le passage transfrontalier <\/li>\n<li>FTL \/ LTL camionnage sous douane transport de ligne<\/li>\n<li>D\u00e9douanement dans tout port canadien<\/li>\n<li>Visibilit\u00e9 en temps r\u00e9el de bout en bout<\/li>\n<li>Options flexibles d&rsquo;injection du dernier kilom\u00e8tre  <\/li>\n<li>\u00c9quipe d\u00e9di\u00e9e 24\/7<\/li>\n<\/ul>\n            <a class=\"btn btn-primary white-text\" href=\"tel:+19056120029\"\n                target=\"_blank\">Appelez notre \u00e9quipe au sol<\/a>\n                    <\/div>\n    <\/div>\n<\/div>\n\n\n<div id=\"block_625f4cdbe66e8\"\n    class=\"numbered-info-cards cards-block block\">\n    <div class=\"wrapper wrapper display-flex justify__center\">\n        <div class=\"container-small full-width display-flex justify__center flex-column\">\n                        <div class=\"content display-flex justify__center align-flex-end\" data-animation=\"fadeInUp\">\n                <div class=\"title-description text-center\">\n                    <h3>Pourquoi choisir FB Canada Express? \r\n<\/h3>                    <p>Un seul processus simplifi\u00e9 pour votre commerce \u00e9lectronique transfrontalier. Nous nous consacrons \u00e0 l&rsquo;\u00e9laboration de strat\u00e9gies qui r\u00e9duisent vos co\u00fbts et vos soucis.\r\n<\/p>                <\/div>\n            <\/div>\n                        <div class=\"cards\" data-animation=\"fadeInUp\">\n                <div class=\"center-aligned full-height\">\n                    <div\n                        class=\"wrapper full-width display-flex flex-row justify__space-between align-stretch nowrap full-height slider-on-mobile\">\n                                                <div class=\"card-single bg-dark-blue white-text text-left position-relative\">\n                            <h1><\/h1>\n                                                        <p>T\u00e9l\u00e9chargez votre\/vos manifeste(s) dans notre syst\u00e8me propri\u00e9taire. <\/p>                        <\/div>\n                                                <div class=\"card-single bg-dark-blue white-text text-left position-relative\">\n                            <h1><\/h1>\n                                                        <p>Consolider \u00e0 la compagnie a\u00e9rienne \u00e0 destination de YYZ, YVR ou YUL. <\/p>                        <\/div>\n                                                <div class=\"card-single bg-dark-blue white-text text-left position-relative\">\n                            <h1><\/h1>\n                                                        <p>Fournissez \u00e0 vos clients des \u00e9v\u00e9nements de suivi des douanes et des livraisons gr\u00e2ce \u00e0 notre syst\u00e8me.<\/p>                        <\/div>\n                                                <div class=\"card-single bg-dark-blue white-text text-left position-relative\">\n                            <h1><\/h1>\n                                                        <p>Laissez \u00e0 notre \u00e9quipe le soin de surveiller vos envois jusqu&rsquo;au point de livraison final.<\/p>                        <\/div>\n                                            <\/div>\n                <\/div>\n            <\/div>\n        <\/div>\n    <\/div>\n<\/div>\n\n\n<div id=\"block_625f4d99e66fa\"\n    class=\"call-to-action block no\">\n    <div class=\"wrapper align-center justify__end\">\n        <div\n            class=\"half-height-background bg-light-blue bottom\">\n        <\/div>\n        <div class=\"box-holder align-flex-end\" data-animation=\"fadeInUp\">\n            <div class=\"container\">\n                <div class=\"box bg-dark-blue white-text\">\n                    <h4>Votre promesse de livraison rapide est importante pour nous. \r\nTraversez les fronti\u00e8res avec FB Canada Express.<\/h4>                     <div class=\"button-container display-flex\">\n                                                <a class=\"btn btn-white\" href=\"https:\/\/fbexpress.com\/fr\/nous-contacter\/\"\n                            target=\"_self\">Obtenez une consultation gratuite <\/a>\n                                            <\/div>\n                <\/div>\n            <\/div>\n        <\/div>\n        <div class=\"image-container full-height\" data-animation=\"fadeInUp\">\n                        <img decoding=\"async\" src=\"https:\/\/fbexpress.com\/wp-content\/uploads\/2022\/06\/Cross-Border-Ecomm-Contact-2.jpg\" alt=\"\" \/>\n            <img decoding=\"async\" src=\"https:\/\/fbexpress.com\/wp-content\/themes\/mm-fbc\/img\/red-flag.png\"\n                alt=\"red flag\" class=\"flag no\">\n                    <\/div>\n    <\/div>\n\n<\/div>\n\n\n<div id=\"block_625f4dcbe6702\"\n    class=\"faq-cta accordion-block cards-block block display-flex justify__center bg-light-blue\">\n    <div class=\"container-small wrapper full-width\" data-animation=\"fadeInUp\">\n        <div class=\"wrapper display-flex justify__center sm-flex-column\">\n            <div>\n                                <div class=\"content display-flex justify__center align-baseline flex-column\">\n                    <div class=\"title-description full-width text-left\">\n                        <h3>Questions fr\u00e9quemment pos\u00e9es<\/h3>                                            <\/div>\n                    <a href=\"https:\/\/fbexpress.com\/fr\/foire-aux-questions\/\"\n                        class=\"btn btn-primary\">Explorer plus de questions<\/a>                <\/div>\n                            <\/div>\n            <div class=\"questions full-width\">\n                                                <div class=\"question open\" data-animation=\"fadeInUp\">\n                    <div class=\"accordion-header display-flex justify__space-between align-center\">\n                        <h6 class=\"dark-blue-text\">Qu&rsquo;est-ce qu&rsquo;un envoi de messageries d&rsquo;exp\u00e9ditions de faible valeur (EFV)?<\/h6>\n                    <\/div>\n                    <div class=\"accordion-content\">\n                        \n<p>Le programme des messageries d&rsquo;exp\u00e9ditions de faible valeur (EFV) permet aux messagers d&rsquo;effectuer le d\u00e9douanement acc\u00e9l\u00e9r\u00e9 des envois occasionnels &#8211; des marchandises import\u00e9es pour usage personnel et non destin\u00e9es \u00e0 la revente ou \u00e0 un usage commercial au Canada &#8211; dont la valeur est inf\u00e9rieure \u00e0 3 300 $CAN. Ce programme de d\u00e9douanement fonctionne bien pour les importations de commerce \u00e9lectronique occasionnel \u00e0 grand volume et garantit une mainlev\u00e9e acc\u00e9l\u00e9r\u00e9e \u00e0 la fronti\u00e8re avec l&rsquo;Agence des services frontaliers du Canada (ASFC).<\/p>\n\n\n\n<p>Avez-vous du mat\u00e9riel de messagerie et d&rsquo;express d&rsquo;une valeur inf\u00e9rieure \u00e0 3 300 $CAN?<\/p>\n\n\n\n<p>Communiquez avec FB Canada Express pour obtenir de plus amples renseignements sur ce type de programme.<\/p>\n                    <\/div>\n                <\/div>\n                                <div class=\"question open\" data-animation=\"fadeInUp\">\n                    <div class=\"accordion-header display-flex justify__space-between align-center\">\n                        <h6 class=\"dark-blue-text\">Qu&rsquo;est-ce qu&rsquo;une autorisation d&rsquo;autres minist\u00e9res et organismes gouvernementaux?<\/h6>\n                    <\/div>\n                    <div class=\"accordion-content\">\n                        \n<p>L&rsquo;ASFC exige le d\u00e9douanement sp\u00e9cifique pour les marchandises contr\u00f4l\u00e9es et r\u00e9glement\u00e9es. Conform\u00e9ment aux r\u00e8glements, les marchandises contr\u00f4l\u00e9es et r\u00e9glement\u00e9es doivent \u00eatre d\u00e9douan\u00e9es en tant qu&rsquo;entr\u00e9es officielles et achemin\u00e9es directement aux minist\u00e8re ou a l\u2019organisme responsable. Les marchandises contr\u00f4l\u00e9es et r\u00e9glement\u00e9es comprennent, entre autres, les produits animaux, les cosm\u00e9tiques, les diamants, les explosifs, les produits alimentaires, les appareils auditifs, les suppl\u00e9ments nutritionnels, les produits pharmaceutiques et les mati\u00e8res radioactives.<\/p>\n\n\n\n<p>Selon les exigences sp\u00e9cifiques de l&rsquo;agence gouvernementale et les proc\u00e9dures de d\u00e9douanement associ\u00e9es, certains envois peuvent \u00eatre soumis \u00e0 des frais et peuvent \u00e9galement n\u00e9cessiter un d\u00e9lai de d\u00e9douanement suppl\u00e9mentaire. Une description pr\u00e9cise sur la lettre de transport a\u00e9rien, la facture commerciale et les autres documents d&rsquo;exp\u00e9dition peut contribuer \u00e0 r\u00e9duire les d\u00e9lais de d\u00e9douanement.<\/p>\n\n\n\n<p>Si vous souhaitez obtenir des informations suppl\u00e9mentaires sur la mani\u00e8re de d\u00e9douaner les marchandises contr\u00f4l\u00e9es et r\u00e9glement\u00e9es, contactez-nous.<\/p>\n                    <\/div>\n                <\/div>\n                            <\/div>\n        <\/div>\n    <\/div>\n<\/div>","protected":false},"excerpt":{"rendered":"","protected":false},"author":5,"featured_media":0,"parent":2055,"menu_order":0,"comment_status":"closed","ping_status":"closed","template":"","meta":{"_acf_changed":false,"footnotes":""},"class_list":["post-2069","page","type-page","status-publish","hentry"],"acf":[],"yoast_head":"<!-- This site is optimized with the Yoast SEO plugin v27.4 - https:\/\/yoast.com\/product\/yoast-seo-wordpress\/ -->\n<title>Commerce \u00e9lectronique transfrontalier | FB Canada Express<\/title>\n<meta name=\"robots\" content=\"index, follow, max-snippet:-1, max-image-preview:large, max-video-preview:-1\" \/>\n<link rel=\"canonical\" href=\"https:\/\/fbexpress.com\/fr\/prestations-de-service\/commerce-electronique-transfrontalier\/\" \/>\n<meta property=\"og:locale\" content=\"fr_FR\" \/>\n<meta property=\"og:type\" content=\"article\" \/>\n<meta property=\"og:title\" content=\"Commerce \u00e9lectronique transfrontalier | FB Canada Express\" \/>\n<meta property=\"og:url\" content=\"https:\/\/fbexpress.com\/fr\/prestations-de-service\/commerce-electronique-transfrontalier\/\" \/>\n<meta property=\"og:site_name\" content=\"FB Canada Express\" \/>\n<meta property=\"article:modified_time\" content=\"2022-06-14T23:36:47+00:00\" \/>\n<meta name=\"twitter:card\" content=\"summary_large_image\" \/>\n<script type=\"application\/ld+json\" class=\"yoast-schema-graph\">{\"@context\":\"https:\\\/\\\/schema.org\",\"@graph\":[{\"@type\":\"WebPage\",\"@id\":\"https:\\\/\\\/fbexpress.com\\\/fr\\\/prestations-de-service\\\/commerce-electronique-transfrontalier\\\/\",\"url\":\"https:\\\/\\\/fbexpress.com\\\/fr\\\/prestations-de-service\\\/commerce-electronique-transfrontalier\\\/\",\"name\":\"Commerce \u00e9lectronique transfrontalier | FB Canada Express\",\"isPartOf\":{\"@id\":\"https:\\\/\\\/fbexpress.com\\\/#website\"},\"datePublished\":\"2022-05-03T16:53:56+00:00\",\"dateModified\":\"2022-06-14T23:36:47+00:00\",\"breadcrumb\":{\"@id\":\"https:\\\/\\\/fbexpress.com\\\/fr\\\/prestations-de-service\\\/commerce-electronique-transfrontalier\\\/#breadcrumb\"},\"inLanguage\":\"fr-FR\",\"potentialAction\":[{\"@type\":\"ReadAction\",\"target\":[\"https:\\\/\\\/fbexpress.com\\\/fr\\\/prestations-de-service\\\/commerce-electronique-transfrontalier\\\/\"]}]},{\"@type\":\"BreadcrumbList\",\"@id\":\"https:\\\/\\\/fbexpress.com\\\/fr\\\/prestations-de-service\\\/commerce-electronique-transfrontalier\\\/#breadcrumb\",\"itemListElement\":[{\"@type\":\"ListItem\",\"position\":1,\"name\":\"Home\",\"item\":\"https:\\\/\\\/fbexpress.com\\\/fr\\\/\"},{\"@type\":\"ListItem\",\"position\":2,\"name\":\"Prestations de Service\",\"item\":\"https:\\\/\\\/fbexpress.com\\\/fr\\\/prestations-de-service\\\/\"},{\"@type\":\"ListItem\",\"position\":3,\"name\":\"Commerce \u00e9lectronique transfrontalier\"}]},{\"@type\":\"WebSite\",\"@id\":\"https:\\\/\\\/fbexpress.com\\\/#website\",\"url\":\"https:\\\/\\\/fbexpress.com\\\/\",\"name\":\"FB Canada Express\",\"description\":\"At FB Canada Express, we attribute our success to one guiding principle: laser-focused commitment to excellence in express logistics to, from and within Canada.\",\"publisher\":{\"@id\":\"https:\\\/\\\/fbexpress.com\\\/#organization\"},\"potentialAction\":[{\"@type\":\"SearchAction\",\"target\":{\"@type\":\"EntryPoint\",\"urlTemplate\":\"https:\\\/\\\/fbexpress.com\\\/?s={search_term_string}\"},\"query-input\":{\"@type\":\"PropertyValueSpecification\",\"valueRequired\":true,\"valueName\":\"search_term_string\"}}],\"inLanguage\":\"fr-FR\"},{\"@type\":\"Organization\",\"@id\":\"https:\\\/\\\/fbexpress.com\\\/#organization\",\"name\":\"FB CANADA Express\",\"url\":\"https:\\\/\\\/fbexpress.com\\\/\",\"logo\":{\"@type\":\"ImageObject\",\"inLanguage\":\"fr-FR\",\"@id\":\"https:\\\/\\\/fbexpress.com\\\/#\\\/schema\\\/logo\\\/image\\\/\",\"url\":\"https:\\\/\\\/fbexpress.com\\\/wp-content\\\/uploads\\\/2022\\\/04\\\/white-logo.svg\",\"contentUrl\":\"https:\\\/\\\/fbexpress.com\\\/wp-content\\\/uploads\\\/2022\\\/04\\\/white-logo.svg\",\"width\":181,\"height\":41,\"caption\":\"FB CANADA Express\"},\"image\":{\"@id\":\"https:\\\/\\\/fbexpress.com\\\/#\\\/schema\\\/logo\\\/image\\\/\"}}]}<\/script>\n<!-- \/ Yoast SEO plugin. -->","yoast_head_json":{"title":"Commerce \u00e9lectronique transfrontalier | FB Canada Express","robots":{"index":"index","follow":"follow","max-snippet":"max-snippet:-1","max-image-preview":"max-image-preview:large","max-video-preview":"max-video-preview:-1"},"canonical":"https:\/\/fbexpress.com\/fr\/prestations-de-service\/commerce-electronique-transfrontalier\/","og_locale":"fr_FR","og_type":"article","og_title":"Commerce \u00e9lectronique transfrontalier | FB Canada Express","og_url":"https:\/\/fbexpress.com\/fr\/prestations-de-service\/commerce-electronique-transfrontalier\/","og_site_name":"FB Canada Express","article_modified_time":"2022-06-14T23:36:47+00:00","twitter_card":"summary_large_image","schema":{"@context":"https:\/\/schema.org","@graph":[{"@type":"WebPage","@id":"https:\/\/fbexpress.com\/fr\/prestations-de-service\/commerce-electronique-transfrontalier\/","url":"https:\/\/fbexpress.com\/fr\/prestations-de-service\/commerce-electronique-transfrontalier\/","name":"Commerce \u00e9lectronique transfrontalier | FB Canada Express","isPartOf":{"@id":"https:\/\/fbexpress.com\/#website"},"datePublished":"2022-05-03T16:53:56+00:00","dateModified":"2022-06-14T23:36:47+00:00","breadcrumb":{"@id":"https:\/\/fbexpress.com\/fr\/prestations-de-service\/commerce-electronique-transfrontalier\/#breadcrumb"},"inLanguage":"fr-FR","potentialAction":[{"@type":"ReadAction","target":["https:\/\/fbexpress.com\/fr\/prestations-de-service\/commerce-electronique-transfrontalier\/"]}]},{"@type":"BreadcrumbList","@id":"https:\/\/fbexpress.com\/fr\/prestations-de-service\/commerce-electronique-transfrontalier\/#breadcrumb","itemListElement":[{"@type":"ListItem","position":1,"name":"Home","item":"https:\/\/fbexpress.com\/fr\/"},{"@type":"ListItem","position":2,"name":"Prestations de Service","item":"https:\/\/fbexpress.com\/fr\/prestations-de-service\/"},{"@type":"ListItem","position":3,"name":"Commerce \u00e9lectronique transfrontalier"}]},{"@type":"WebSite","@id":"https:\/\/fbexpress.com\/#website","url":"https:\/\/fbexpress.com\/","name":"FB Canada Express","description":"At FB Canada Express, we attribute our success to one guiding principle: laser-focused commitment to excellence in express logistics to, from and within Canada.","publisher":{"@id":"https:\/\/fbexpress.com\/#organization"},"potentialAction":[{"@type":"SearchAction","target":{"@type":"EntryPoint","urlTemplate":"https:\/\/fbexpress.com\/?s={search_term_string}"},"query-input":{"@type":"PropertyValueSpecification","valueRequired":true,"valueName":"search_term_string"}}],"inLanguage":"fr-FR"},{"@type":"Organization","@id":"https:\/\/fbexpress.com\/#organization","name":"FB CANADA Express","url":"https:\/\/fbexpress.com\/","logo":{"@type":"ImageObject","inLanguage":"fr-FR","@id":"https:\/\/fbexpress.com\/#\/schema\/logo\/image\/","url":"https:\/\/fbexpress.com\/wp-content\/uploads\/2022\/04\/white-logo.svg","contentUrl":"https:\/\/fbexpress.com\/wp-content\/uploads\/2022\/04\/white-logo.svg","width":181,"height":41,"caption":"FB CANADA Express"},"image":{"@id":"https:\/\/fbexpress.com\/#\/schema\/logo\/image\/"}}]}},"_links":{"self":[{"href":"https:\/\/fbexpress.com\/fr\/wp-json\/wp\/v2\/pages\/2069","targetHints":{"allow":["GET"]}}],"collection":[{"href":"https:\/\/fbexpress.com\/fr\/wp-json\/wp\/v2\/pages"}],"about":[{"href":"https:\/\/fbexpress.com\/fr\/wp-json\/wp\/v2\/types\/page"}],"author":[{"embeddable":true,"href":"https:\/\/fbexpress.com\/fr\/wp-json\/wp\/v2\/users\/5"}],"replies":[{"embeddable":true,"href":"https:\/\/fbexpress.com\/fr\/wp-json\/wp\/v2\/comments?post=2069"}],"version-history":[{"count":0,"href":"https:\/\/fbexpress.com\/fr\/wp-json\/wp\/v2\/pages\/2069\/revisions"}],"up":[{"embeddable":true,"href":"https:\/\/fbexpress.com\/fr\/wp-json\/wp\/v2\/pages\/2055"}],"wp:attachment":[{"href":"https:\/\/fbexpress.com\/fr\/wp-json\/wp\/v2\/media?parent=2069"}],"curies":[{"name":"wp","href":"https:\/\/api.w.org\/{rel}","templated":true}]}}