{"id":2061,"date":"2022-04-06T19:40:08","date_gmt":"2022-04-06T19:40:08","guid":{"rendered":"https:\/\/fbexpress.com\/services\/air-freight-shipping\/"},"modified":"2022-06-14T23:36:48","modified_gmt":"2022-06-14T23:36:48","slug":"fret-aerien-express","status":"publish","type":"page","link":"https:\/\/fbexpress.com\/fr\/prestations-de-service\/fret-aerien-express\/","title":{"rendered":"Fret a\u00e9rien express"},"content":{"rendered":"\n<div id=\"block_625844c2f86e3\"\n    class=\"hero-style-2 call-to-action wide-section narrow block\">\n    <div class=\"wrapper align-center justify__end\">\n        <div class=\"half-height-background bg-white bottom\"\n            data-animation=\"fadeInUp\"><\/div>\n        <div class=\"box-holder align-flex-end\" data-animation=\"fadeInLeft\">\n            <div class=\"container\">\n                <div class=\"box bg-dark-blue\">\n                    <h1>Fret a\u00e9rien express<\/h1>                     <h3>Acc\u00e9dez au Canada avec une vitesse in\u00e9gal\u00e9e + des \u00e9conomies.<\/h3>                    <p>Le fret a\u00e9rien est une solution rapide et fiable pour les marchandises sensibles au facteur temps. Nous n&rsquo;avons qu&rsquo;un seul objectif lorsqu&rsquo;il s&rsquo;agit de fret a\u00e9rien : assurer des temps de transit plus courts pour vos envois \u00e0 destination, en provenance et \u00e0 travers le Canada.<\/p>                    <div class=\"button-container display-flex\">\n                                            <\/div>\n                <\/div>\n            <\/div>\n        <\/div>\n        <div class=\"image-container full-height\" data-animation=\"fadeInRight\">\n                        <img decoding=\"async\" src=\"https:\/\/fbexpress.com\/wp-content\/uploads\/2022\/04\/plane-wing.png\" alt=\"\" \/>\n            <img decoding=\"async\" src=\"https:\/\/fbexpress.com\/wp-content\/themes\/mm-fbc\/img\/red-flag.png\" alt=\"\"\n                class=\"flag \">\n                    <\/div>\n    <\/div>\n\n<\/div>\n\n\n<div id=\"block_625f4c7de66e7\"\n    class=\"center-aligned content-with-media block\">\n    <div\n        class=\"container-small default-padding display-flex justify__space-between lg-flex-rowleft\">\n        <div class=\"media height-auto\" data-animation=\"fadeInUp\">\n                        <img decoding=\"async\" src=\"https:\/\/fbexpress.com\/wp-content\/uploads\/2022\/06\/Airfreight-FBC-Way.jpg\" alt=\"\"\n                class=\"full-width full-height object-fit__cover\" \/>\n                    <\/div>\n        <div class=\"content display-flex justify__center flex-column\" data-animation=\"fadeInUp\">\n            <H3>D\u00e9couvrez la m\u00e9thode FB Express<\/H3><p>Notre \u00e9quipe compte 37 ans d&rsquo;expertise et de succ\u00e8s dans le domaine du transport rapide. En choisissant nos services de fret a\u00e9rien express, vous b\u00e9n\u00e9ficiez de:<\/p>\n<ol>\n<li>R\u00e9cup\u00e9ration prioritaire du fret dans les principaux a\u00e9roports canadiens.<\/li>\n<li>Injection air-sol rationalis\u00e9e pour la livraison \u00e0 destination et en provenance de toutes les provinces et de tous les territoires du Canada.<\/li>\n<li>Transit vers nos entrep\u00f4ts sous douane personnalis\u00e9s pour \u00e9viter les frais de stockage dans les terminaux d&rsquo;a\u00e9roport.<\/li>\n<li>Rapports et soutien d\u00e9di\u00e9s de notre \u00e9quipe, 7 jours sur 7, 365 jours par an.<\/li>\n<\/ol>\n        <\/div>\n    <\/div>\n<\/div>\n\n\n<div id=\"block_625f4cdbe66e8\"\n    class=\"numbered-info-cards cards-block block\">\n    <div class=\"wrapper wrapper display-flex justify__center\">\n        <div class=\"container-small full-width display-flex justify__center flex-column\">\n                        <div class=\"content display-flex justify__center align-flex-end\" data-animation=\"fadeInUp\">\n                <div class=\"title-description text-center\">\n                    <h3>Livrer pour vos clients en utilisant notre processus acc\u00e9l\u00e9r\u00e9<\/h3>                                    <\/div>\n            <\/div>\n                        <div class=\"cards\" data-animation=\"fadeInUp\">\n                <div class=\"center-aligned full-height\">\n                    <div\n                        class=\"wrapper full-width display-flex flex-row justify__space-between align-stretch nowrap full-height slider-on-mobile\">\n                                                <div class=\"card-single bg-dark-blue white-text text-left position-relative\">\n                            <h1><\/h1>\n                                                        <p>\u00c9laborez un plan avec notre \u00e9quipe sp\u00e9cialis\u00e9e en fonction de vos besoins en mati\u00e8re de transport. <\/p>                        <\/div>\n                                                <div class=\"card-single bg-dark-blue white-text text-left position-relative\">\n                            <h1><\/h1>\n                                                        <p>Envoyez un envoi en fonction de votre profil de consolidation.<\/p>                        <\/div>\n                                                <div class=\"card-single bg-dark-blue white-text text-left position-relative\">\n                            <h1><\/h1>\n                                                        <p>Pr\u00e9-Alerte par courriel avec les d\u00e9tails de l&rsquo;envoi. <\/p>                        <\/div>\n                                                <div class=\"card-single bg-dark-blue white-text text-left position-relative\">\n                            <h1><\/h1>\n                                                        <p>Effectuez un suivi pendant que nous acc\u00e9l\u00e9rons le processus de d\u00e9douanement et de transit pour vous.<\/p>                        <\/div>\n                                            <\/div>\n                <\/div>\n            <\/div>\n        <\/div>\n    <\/div>\n<\/div>\n\n\n<div id=\"block_625f4d18e66f2\"\n    class=\"content-columns-with-icons bg-white block\">\n    <div class=\"wrapper wrapper display-flex justify__center\">\n        <div class=\"container-small full-width display-flex justify__center flex-column\" data-animation=\"fadeInUp\">\n                        <div class=\"content display-flex align-left full-width flex-column\">\n                <div class=\"title-description display-flex flex-column align-left\">\n                    <h3 class=\"dark-blue-text\">Quels que soient vos besoins en mati\u00e8re de fret a\u00e9rien, qu&rsquo;il s&rsquo;agisse d&rsquo;une solution personnalis\u00e9e ou affr\u00e9t\u00e9e pour le Canada, notre \u00e9quipe d&rsquo;experts est l\u00e0 pour r\u00e9pondre \u00e0 vos besoins.                    <\/h3>\n                                    <\/div>\n            <\/div>\n                        <div class=\"cards\" data-animation=\"fadeInUp\">\n                <div class=\"center-aligned full-height\">\n                    <div class=\"wrapper full-width display-grid lg-column-4\">\n                                                <div class=\"card-single white-text text-left position-relative justify__space-between\"\n                            data-animation=\"fadeInUp\">\n                            <img decoding=\"async\" src=\"https:\/\/fbexpress.com\/wp-content\/uploads\/2022\/05\/b2b-wholesale-rates-icon-red.svg\" alt=\"\"\n                                class=\"object-fit__contain\" \/>\n                            <h6 class=\"red-text\">Nous sommes des B2B. Nous livrons au prix du vrac<\/h6>\n                                                        <p>Nous le savons &#8211; le prix est important. Avec FB Canada Express, les consolidateurs \u00e0 faible volume ont toujours acc\u00e8s aux tarifs de vrac partout au Canada. <\/p>                        <\/div>\n                                                <div class=\"card-single white-text text-left position-relative justify__space-between\"\n                            data-animation=\"fadeInUp\">\n                            <img decoding=\"async\" src=\"https:\/\/fbexpress.com\/wp-content\/uploads\/2022\/05\/cutting-edge-technology-icon-red.svg\" alt=\"\"\n                                class=\"object-fit__contain\" \/>\n                            <h6 class=\"red-text\">L&rsquo;avanc\u00e9e technologique <\/h6>\n                                                        <p>Simplifiez vos \u00e9changes. R\u00e9servez, g\u00e9rez et suivez les exp\u00e9ditions, acc\u00e9dez \u00e0 l&rsquo;assistance et t\u00e9l\u00e9chargez les donn\u00e9es et la documentation depuis notre portail \u00e9lectronique. <\/p>                        <\/div>\n                                                <div class=\"card-single white-text text-left position-relative justify__space-between\"\n                            data-animation=\"fadeInUp\">\n                            <img decoding=\"async\" src=\"https:\/\/fbexpress.com\/wp-content\/uploads\/2022\/05\/cost-efficiencies-icon-red.svg\" alt=\"\"\n                                class=\"object-fit__contain\" \/>\n                            <h6 class=\"red-text\">Des gains drastiques en termes de co\u00fbts<\/h6>\n                                                        <p>\u00c9vitez les frais inutiles de stockage \u00e0 l&rsquo;a\u00e9roport en transitant par nos entrep\u00f4ts sous douane.<\/p>                        <\/div>\n                                                <div class=\"card-single white-text text-left position-relative justify__space-between\"\n                            data-animation=\"fadeInUp\">\n                            <img decoding=\"async\" src=\"https:\/\/fbexpress.com\/wp-content\/uploads\/2022\/05\/industry-expertise-icon-red.svg\" alt=\"\"\n                                class=\"object-fit__contain\" \/>\n                            <h6 class=\"red-text\">Les experts de tout ce qui concerne le \u00ab\u00a0Canada\u00a0\u00bb<\/h6>\n                                                        <p>Nous disposons de plus de 37 ans d&rsquo;expertise sur notre banc. En tant que membre de l&rsquo;IATA, nos experts en fret a\u00e9rien vous garantissent des solutions rapides et fiables.<\/p>                        <\/div>\n                                            <\/div>\n                <\/div>\n            <\/div>\n        <\/div>\n    <\/div>\n<\/div>\n\n\n<div id=\"block_625f4d99e66fa\"\n    class=\"call-to-action block no\">\n    <div class=\"wrapper align-center justify__end\">\n        <div\n            class=\"half-height-background bg-light-blue bottom\">\n        <\/div>\n        <div class=\"box-holder align-flex-end\" data-animation=\"fadeInUp\">\n            <div class=\"container\">\n                <div class=\"box bg-dark-blue white-text\">\n                    <h4>Notre \u00e9quipe sera pr\u00e9sente \u00e0 chaque d\u00e9collage. D\u00e9couvrez la diff\u00e9rence d&rsquo;Express Wholesale.<\/h4>                     <div class=\"button-container display-flex\">\n                                                <a class=\"btn btn-white\" href=\"tel:+19056120029\"\n                            target=\"_blank\">Appelez-nous<\/a>\n                                                <a class=\"btn btn-transparent\" href=\"https:\/\/fbexpress.com\/fr\/nous-contacter\/\"\n                            target=\"_self\">Exp\u00e9dier Maintenant<\/a>\n                                            <\/div>\n                <\/div>\n            <\/div>\n        <\/div>\n        <div class=\"image-container full-height\" data-animation=\"fadeInUp\">\n                        <img decoding=\"async\" src=\"https:\/\/fbexpress.com\/wp-content\/uploads\/2022\/06\/Airfreight-Call-Us.jpg\" alt=\"\" \/>\n            <img decoding=\"async\" src=\"https:\/\/fbexpress.com\/wp-content\/themes\/mm-fbc\/img\/red-flag.png\"\n                alt=\"red flag\" class=\"flag no\">\n                    <\/div>\n    <\/div>\n\n<\/div>\n\n\n<div id=\"block_625f4dcbe6702\"\n    class=\"faq-cta accordion-block cards-block block display-flex justify__center bg-light-blue\">\n    <div class=\"container-small wrapper full-width\" data-animation=\"fadeInUp\">\n        <div class=\"wrapper display-flex justify__center sm-flex-column\">\n            <div>\n                                <div class=\"content display-flex justify__center align-baseline flex-column\">\n                    <div class=\"title-description full-width text-left\">\n                        <h3>Questions fr\u00e9quemment pos\u00e9es<\/h3>                                            <\/div>\n                    <a href=\"https:\/\/fbexpress.com\/fr\/foire-aux-questions\/\"\n                        class=\"btn btn-primary\"> Explorer plus de questions<\/a>                <\/div>\n                            <\/div>\n            <div class=\"questions full-width\">\n                                                <div class=\"question open\" data-animation=\"fadeInUp\">\n                    <div class=\"accordion-header display-flex justify__space-between align-center\">\n                        <h6 class=\"dark-blue-text\">Qu&rsquo;est-ce qu&rsquo;un envoi de messageries d&rsquo;exp\u00e9ditions de faible valeur (EFV)?<\/h6>\n                    <\/div>\n                    <div class=\"accordion-content\">\n                        \n<p>Le programme des messageries d&rsquo;exp\u00e9ditions de faible valeur (EFV) permet aux messagers d&rsquo;effectuer le d\u00e9douanement acc\u00e9l\u00e9r\u00e9 des envois occasionnels &#8211; des marchandises import\u00e9es pour usage personnel et non destin\u00e9es \u00e0 la revente ou \u00e0 un usage commercial au Canada &#8211; dont la valeur est inf\u00e9rieure \u00e0 3 300 $CAN. Ce programme de d\u00e9douanement fonctionne bien pour les importations de commerce \u00e9lectronique occasionnel \u00e0 grand volume et garantit une mainlev\u00e9e acc\u00e9l\u00e9r\u00e9e \u00e0 la fronti\u00e8re avec l&rsquo;Agence des services frontaliers du Canada (ASFC).<\/p>\n\n\n\n<p>Avez-vous du mat\u00e9riel de messagerie et d&rsquo;express d&rsquo;une valeur inf\u00e9rieure \u00e0 3 300 $CAN?<\/p>\n\n\n\n<p>Communiquez avec FB Canada Express pour obtenir de plus amples renseignements sur ce type de programme.<\/p>\n                    <\/div>\n                <\/div>\n                                <div class=\"question open\" data-animation=\"fadeInUp\">\n                    <div class=\"accordion-header display-flex justify__space-between align-center\">\n                        <h6 class=\"dark-blue-text\">Qu&rsquo;est-ce qu&rsquo;une autorisation d&rsquo;autres minist\u00e9res et organismes gouvernementaux?<\/h6>\n                    <\/div>\n                    <div class=\"accordion-content\">\n                        \n<p>L&rsquo;ASFC exige le d\u00e9douanement sp\u00e9cifique pour les marchandises contr\u00f4l\u00e9es et r\u00e9glement\u00e9es. Conform\u00e9ment aux r\u00e8glements, les marchandises contr\u00f4l\u00e9es et r\u00e9glement\u00e9es doivent \u00eatre d\u00e9douan\u00e9es en tant qu&rsquo;entr\u00e9es officielles et achemin\u00e9es directement aux minist\u00e8re ou a l\u2019organisme responsable. Les marchandises contr\u00f4l\u00e9es et r\u00e9glement\u00e9es comprennent, entre autres, les produits animaux, les cosm\u00e9tiques, les diamants, les explosifs, les produits alimentaires, les appareils auditifs, les suppl\u00e9ments nutritionnels, les produits pharmaceutiques et les mati\u00e8res radioactives.<\/p>\n\n\n\n<p>Selon les exigences sp\u00e9cifiques de l&rsquo;agence gouvernementale et les proc\u00e9dures de d\u00e9douanement associ\u00e9es, certains envois peuvent \u00eatre soumis \u00e0 des frais et peuvent \u00e9galement n\u00e9cessiter un d\u00e9lai de d\u00e9douanement suppl\u00e9mentaire. Une description pr\u00e9cise sur la lettre de transport a\u00e9rien, la facture commerciale et les autres documents d&rsquo;exp\u00e9dition peut contribuer \u00e0 r\u00e9duire les d\u00e9lais de d\u00e9douanement.<\/p>\n\n\n\n<p>Si vous souhaitez obtenir des informations suppl\u00e9mentaires sur la mani\u00e8re de d\u00e9douaner les marchandises contr\u00f4l\u00e9es et r\u00e9glement\u00e9es, contactez-nous.<\/p>\n                    <\/div>\n                <\/div>\n                            <\/div>\n        <\/div>\n    <\/div>\n<\/div>","protected":false},"excerpt":{"rendered":"","protected":false},"author":5,"featured_media":0,"parent":2055,"menu_order":0,"comment_status":"closed","ping_status":"closed","template":"","meta":{"_acf_changed":false,"footnotes":""},"class_list":["post-2061","page","type-page","status-publish","hentry"],"acf":[],"yoast_head":"<!-- This site is optimized with the Yoast SEO plugin v27.4 - https:\/\/yoast.com\/product\/yoast-seo-wordpress\/ -->\n<title>Fret a\u00e9rien express | FB Canada Express<\/title>\n<meta name=\"robots\" content=\"index, follow, max-snippet:-1, max-image-preview:large, max-video-preview:-1\" \/>\n<link rel=\"canonical\" href=\"https:\/\/fbexpress.com\/fr\/prestations-de-service\/fret-aerien-express\/\" \/>\n<meta property=\"og:locale\" content=\"fr_FR\" \/>\n<meta property=\"og:type\" content=\"article\" \/>\n<meta property=\"og:title\" content=\"Fret a\u00e9rien express | FB Canada Express\" \/>\n<meta property=\"og:url\" content=\"https:\/\/fbexpress.com\/fr\/prestations-de-service\/fret-aerien-express\/\" \/>\n<meta property=\"og:site_name\" content=\"FB Canada Express\" \/>\n<meta property=\"article:modified_time\" content=\"2022-06-14T23:36:48+00:00\" \/>\n<meta name=\"twitter:card\" content=\"summary_large_image\" \/>\n<script type=\"application\/ld+json\" class=\"yoast-schema-graph\">{\"@context\":\"https:\\\/\\\/schema.org\",\"@graph\":[{\"@type\":\"WebPage\",\"@id\":\"https:\\\/\\\/fbexpress.com\\\/fr\\\/prestations-de-service\\\/fret-aerien-express\\\/\",\"url\":\"https:\\\/\\\/fbexpress.com\\\/fr\\\/prestations-de-service\\\/fret-aerien-express\\\/\",\"name\":\"Fret a\u00e9rien express | FB Canada Express\",\"isPartOf\":{\"@id\":\"https:\\\/\\\/fbexpress.com\\\/#website\"},\"datePublished\":\"2022-04-06T19:40:08+00:00\",\"dateModified\":\"2022-06-14T23:36:48+00:00\",\"breadcrumb\":{\"@id\":\"https:\\\/\\\/fbexpress.com\\\/fr\\\/prestations-de-service\\\/fret-aerien-express\\\/#breadcrumb\"},\"inLanguage\":\"fr-FR\",\"potentialAction\":[{\"@type\":\"ReadAction\",\"target\":[\"https:\\\/\\\/fbexpress.com\\\/fr\\\/prestations-de-service\\\/fret-aerien-express\\\/\"]}]},{\"@type\":\"BreadcrumbList\",\"@id\":\"https:\\\/\\\/fbexpress.com\\\/fr\\\/prestations-de-service\\\/fret-aerien-express\\\/#breadcrumb\",\"itemListElement\":[{\"@type\":\"ListItem\",\"position\":1,\"name\":\"Home\",\"item\":\"https:\\\/\\\/fbexpress.com\\\/fr\\\/\"},{\"@type\":\"ListItem\",\"position\":2,\"name\":\"Prestations de Service\",\"item\":\"https:\\\/\\\/fbexpress.com\\\/fr\\\/prestations-de-service\\\/\"},{\"@type\":\"ListItem\",\"position\":3,\"name\":\"Fret a\u00e9rien express\"}]},{\"@type\":\"WebSite\",\"@id\":\"https:\\\/\\\/fbexpress.com\\\/#website\",\"url\":\"https:\\\/\\\/fbexpress.com\\\/\",\"name\":\"FB Canada Express\",\"description\":\"At FB Canada Express, we attribute our success to one guiding principle: laser-focused commitment to excellence in express logistics to, from and within Canada.\",\"publisher\":{\"@id\":\"https:\\\/\\\/fbexpress.com\\\/#organization\"},\"potentialAction\":[{\"@type\":\"SearchAction\",\"target\":{\"@type\":\"EntryPoint\",\"urlTemplate\":\"https:\\\/\\\/fbexpress.com\\\/?s={search_term_string}\"},\"query-input\":{\"@type\":\"PropertyValueSpecification\",\"valueRequired\":true,\"valueName\":\"search_term_string\"}}],\"inLanguage\":\"fr-FR\"},{\"@type\":\"Organization\",\"@id\":\"https:\\\/\\\/fbexpress.com\\\/#organization\",\"name\":\"FB CANADA Express\",\"url\":\"https:\\\/\\\/fbexpress.com\\\/\",\"logo\":{\"@type\":\"ImageObject\",\"inLanguage\":\"fr-FR\",\"@id\":\"https:\\\/\\\/fbexpress.com\\\/#\\\/schema\\\/logo\\\/image\\\/\",\"url\":\"https:\\\/\\\/fbexpress.com\\\/wp-content\\\/uploads\\\/2022\\\/04\\\/white-logo.svg\",\"contentUrl\":\"https:\\\/\\\/fbexpress.com\\\/wp-content\\\/uploads\\\/2022\\\/04\\\/white-logo.svg\",\"width\":181,\"height\":41,\"caption\":\"FB CANADA Express\"},\"image\":{\"@id\":\"https:\\\/\\\/fbexpress.com\\\/#\\\/schema\\\/logo\\\/image\\\/\"}}]}<\/script>\n<!-- \/ Yoast SEO plugin. -->","yoast_head_json":{"title":"Fret a\u00e9rien express | FB Canada Express","robots":{"index":"index","follow":"follow","max-snippet":"max-snippet:-1","max-image-preview":"max-image-preview:large","max-video-preview":"max-video-preview:-1"},"canonical":"https:\/\/fbexpress.com\/fr\/prestations-de-service\/fret-aerien-express\/","og_locale":"fr_FR","og_type":"article","og_title":"Fret a\u00e9rien express | FB Canada Express","og_url":"https:\/\/fbexpress.com\/fr\/prestations-de-service\/fret-aerien-express\/","og_site_name":"FB Canada Express","article_modified_time":"2022-06-14T23:36:48+00:00","twitter_card":"summary_large_image","schema":{"@context":"https:\/\/schema.org","@graph":[{"@type":"WebPage","@id":"https:\/\/fbexpress.com\/fr\/prestations-de-service\/fret-aerien-express\/","url":"https:\/\/fbexpress.com\/fr\/prestations-de-service\/fret-aerien-express\/","name":"Fret a\u00e9rien express | FB Canada Express","isPartOf":{"@id":"https:\/\/fbexpress.com\/#website"},"datePublished":"2022-04-06T19:40:08+00:00","dateModified":"2022-06-14T23:36:48+00:00","breadcrumb":{"@id":"https:\/\/fbexpress.com\/fr\/prestations-de-service\/fret-aerien-express\/#breadcrumb"},"inLanguage":"fr-FR","potentialAction":[{"@type":"ReadAction","target":["https:\/\/fbexpress.com\/fr\/prestations-de-service\/fret-aerien-express\/"]}]},{"@type":"BreadcrumbList","@id":"https:\/\/fbexpress.com\/fr\/prestations-de-service\/fret-aerien-express\/#breadcrumb","itemListElement":[{"@type":"ListItem","position":1,"name":"Home","item":"https:\/\/fbexpress.com\/fr\/"},{"@type":"ListItem","position":2,"name":"Prestations de Service","item":"https:\/\/fbexpress.com\/fr\/prestations-de-service\/"},{"@type":"ListItem","position":3,"name":"Fret a\u00e9rien express"}]},{"@type":"WebSite","@id":"https:\/\/fbexpress.com\/#website","url":"https:\/\/fbexpress.com\/","name":"FB Canada Express","description":"At FB Canada Express, we attribute our success to one guiding principle: laser-focused commitment to excellence in express logistics to, from and within Canada.","publisher":{"@id":"https:\/\/fbexpress.com\/#organization"},"potentialAction":[{"@type":"SearchAction","target":{"@type":"EntryPoint","urlTemplate":"https:\/\/fbexpress.com\/?s={search_term_string}"},"query-input":{"@type":"PropertyValueSpecification","valueRequired":true,"valueName":"search_term_string"}}],"inLanguage":"fr-FR"},{"@type":"Organization","@id":"https:\/\/fbexpress.com\/#organization","name":"FB CANADA Express","url":"https:\/\/fbexpress.com\/","logo":{"@type":"ImageObject","inLanguage":"fr-FR","@id":"https:\/\/fbexpress.com\/#\/schema\/logo\/image\/","url":"https:\/\/fbexpress.com\/wp-content\/uploads\/2022\/04\/white-logo.svg","contentUrl":"https:\/\/fbexpress.com\/wp-content\/uploads\/2022\/04\/white-logo.svg","width":181,"height":41,"caption":"FB CANADA Express"},"image":{"@id":"https:\/\/fbexpress.com\/#\/schema\/logo\/image\/"}}]}},"_links":{"self":[{"href":"https:\/\/fbexpress.com\/fr\/wp-json\/wp\/v2\/pages\/2061","targetHints":{"allow":["GET"]}}],"collection":[{"href":"https:\/\/fbexpress.com\/fr\/wp-json\/wp\/v2\/pages"}],"about":[{"href":"https:\/\/fbexpress.com\/fr\/wp-json\/wp\/v2\/types\/page"}],"author":[{"embeddable":true,"href":"https:\/\/fbexpress.com\/fr\/wp-json\/wp\/v2\/users\/5"}],"replies":[{"embeddable":true,"href":"https:\/\/fbexpress.com\/fr\/wp-json\/wp\/v2\/comments?post=2061"}],"version-history":[{"count":0,"href":"https:\/\/fbexpress.com\/fr\/wp-json\/wp\/v2\/pages\/2061\/revisions"}],"up":[{"embeddable":true,"href":"https:\/\/fbexpress.com\/fr\/wp-json\/wp\/v2\/pages\/2055"}],"wp:attachment":[{"href":"https:\/\/fbexpress.com\/fr\/wp-json\/wp\/v2\/media?parent=2061"}],"curies":[{"name":"wp","href":"https:\/\/api.w.org\/{rel}","templated":true}]}}