{"id":2055,"date":"2022-04-06T19:39:41","date_gmt":"2022-04-06T19:39:41","guid":{"rendered":"https:\/\/fbexpress.com\/services\/"},"modified":"2022-06-14T23:36:45","modified_gmt":"2022-06-14T23:36:45","slug":"prestations-de-service","status":"publish","type":"page","link":"https:\/\/fbexpress.com\/fr\/prestations-de-service\/","title":{"rendered":"Prestations de Service"},"content":{"rendered":"\n<div id=\"block_62584446f08e5\" class=\"hero-style-3 block\"\n    data-animation=\"fadeIn\">\n    <div class=\"wrapper display-flex flex-column full-height position-relative bg-dark-blue\">\n        <div class=\"container display-flex flex-row justify__space-between full-width\">\n            <div class=\"content\">\n                <h2 data-animation=\"fadeInUp\">Nos services et solutions. \r\nPour r\u00e9pondre \u00e0 tous vos besoins sp\u00e9cifiques au Canada.\r\n<\/h2>                <p data-animation=\"fadeInUp\">FB Canada Express est un leader avec des d\u00e9cennies d&rsquo;exp\u00e9rience et de confiance dans l&rsquo;industrie mondiale de la logistique express et transfrontali\u00e8re. Nous sommes fi\u00e8rement canadiens, ind\u00e9pendants et neutres. D\u00e9veloppez votre entreprise et votre port\u00e9e au Canada avec FB Canada Express. \r\n<\/p>            <\/div>\n        <\/div>\n        <div class=\"absolute-image display-flex justify__end\">\n                        <img decoding=\"async\" src=\"https:\/\/fbexpress.com\/wp-content\/uploads\/2022\/04\/flag-cutout.svg\" alt=\"\"\n                class=\"full-height object-fit__contain\" \/>\n                    <\/div>\n\n    <\/div>\n<\/div>\n\n\n<div style=\"height:100px\" aria-hidden=\"true\" class=\"wp-block-spacer\"><\/div>\n\n\n\n<div id=\"block_625f56c22835c\"\n    class=\"tabs accordion-block cards-block block display-flex justify__center\"\n    data-animation=\"fadeInUp\">\n    <div class=\"container-small wrapper border-box full-width\">\n        <div class=\"wrapper display-flex justify__center flex-column\">\n            <div>\n                            <\/div>\n            <div>\n                <div class=\"tabs all-tabs display-flex justify__space-between full-width\">\n                    \n                    <div class=\"tab-header display-flex justify__space-between align-center\"\n                        data-id=\"0\">\n                        <h6 class=\"dark-blue-text\">Fret a\u00e9rien<\/h6>\n                    <\/div>\n                    \n                    <div class=\"tab-header display-flex justify__space-between align-center\"\n                        data-id=\"1\">\n                        <h6 class=\"dark-blue-text\">Commerce \u00e9lectronique transfrontalier<\/h6>\n                    <\/div>\n                    \n                    <div class=\"tab-header display-flex justify__space-between align-center\"\n                        data-id=\"2\">\n                        <h6 class=\"dark-blue-text\">D\u00e9douanement canadien<\/h6>\n                    <\/div>\n                    \n                    <div class=\"tab-header display-flex justify__space-between align-center\"\n                        data-id=\"3\">\n                        <h6 class=\"dark-blue-text\">Time Critical<\/h6>\n                    <\/div>\n                    \n                    <div class=\"tab-header display-flex justify__space-between align-center\"\n                        data-id=\"4\">\n                        <h6 class=\"dark-blue-text\">Entreposage et gestion des commandes<\/h6>\n                    <\/div>\n                                    <\/div>\n                \n                <div class=\"tab full-width\">\n                    <div class=\"tab-content display-flex justify__space-between left\"\n                        data-id=\"0\">\n                                                <div class=\"image-holder display-flex align-center width-50\">\n                            <img decoding=\"async\" src=\"https:\/\/fbexpress.com\/wp-content\/uploads\/2022\/06\/History-Slider-3.jpg\" alt=\"\"\n                                class=\"object-fit__contain\" \/>\n                        <\/div>\n                                                <div class=\"content width-50\">\n                            <h4>Fret a\u00e9rien<\/h4>\n<p>&nbsp;<\/p>\n<p>Des options de fret a\u00e9rien fiables et rentables pour les entreprises et les exp\u00e9ditions de toutes tailles. Envoyez et recevez du fret a\u00e9rien \u00e0 destination, en provenance et \u00e0 l&rsquo;int\u00e9rieur du Canada en toute simplicit\u00e9.<\/p>\n                            <a href=\"https:\/\/fbexpress.com\/fr\/prestations-de-service\/fret-aerien-express\/\"\n                                class=\"btn btn-primary\">Apprendre encore plus<\/a>                        <\/div>\n                        \n                    <\/div>\n                <\/div>\n                \n                <div class=\"tab full-width\">\n                    <div class=\"tab-content display-flex justify__space-between left\"\n                        data-id=\"1\">\n                                                <div class=\"image-holder display-flex align-center width-50\">\n                            <img decoding=\"async\" src=\"https:\/\/fbexpress.com\/wp-content\/uploads\/2022\/06\/Cross-Border-Ecomm-Hero-3.jpg\" alt=\"\"\n                                class=\"object-fit__contain\" \/>\n                        <\/div>\n                                                <div class=\"content width-50\">\n                            <h4>Commerce \u00e9lectronique transfrontalier<\/h4>\n<p>&nbsp;<\/p>\n<p>D\u00e9douanement rapide et options de livraison du dernier kilom\u00e8tre pour acheminer vos envois de faible valeur \u00e0 grande vitesse. Diversifiez votre strat\u00e9gie de logistique transfrontali\u00e8re avec FB Canada Express.<\/p>\n                            <a href=\"https:\/\/fbexpress.com\/fr\/prestations-de-service\/commerce-electronique-transfrontalier\/\"\n                                class=\"btn btn-primary\">Apprendre encore plus<\/a>                        <\/div>\n                        \n                    <\/div>\n                <\/div>\n                \n                <div class=\"tab full-width\">\n                    <div class=\"tab-content display-flex justify__space-between left\"\n                        data-id=\"2\">\n                                                <div class=\"image-holder display-flex align-center width-50\">\n                            <img decoding=\"async\" src=\"https:\/\/fbexpress.com\/wp-content\/uploads\/2022\/06\/CDN-Customs-Flags-3.jpg\" alt=\"\"\n                                class=\"object-fit__contain\" \/>\n                        <\/div>\n                                                <div class=\"content width-50\">\n                            <h4>D\u00e9douanement canadien<\/h4>\n<p>&nbsp;<\/p>\n<p>D\u00e9douanement rapide et paiement des droits et taxes. Profitez des solutions de vrac et d&rsquo;express de FB Canada Express. D\u00e9chargez par voie a\u00e9rienne ou terrestre sans stress.<\/p>\n                            <a href=\"https:\/\/fbexpress.com\/fr\/prestations-de-service\/canadian-customs-clearance\/\"\n                                class=\"btn btn-primary\">Apprendre encore plus<\/a>                        <\/div>\n                        \n                    <\/div>\n                <\/div>\n                \n                <div class=\"tab full-width\">\n                    <div class=\"tab-content display-flex justify__space-between left\"\n                        data-id=\"3\">\n                                                <div class=\"image-holder display-flex align-center width-50\">\n                            <img decoding=\"async\" src=\"https:\/\/fbexpress.com\/wp-content\/uploads\/2022\/06\/Time-Critical-Hero.jpg\" alt=\"\"\n                                class=\"object-fit__contain\" \/>\n                        <\/div>\n                                                <div class=\"content width-50\">\n                            <h4>Time Critical<\/h4>\n<p>&nbsp;<\/p>\n<p>Un soutien 24 heures sur 24 et un transport efficace pour les demandes urgentes. FB Canada Express dispose de l&rsquo;\u00e9quipe d&rsquo;intervention form\u00e9e et de l&rsquo;\u00e9quipement n\u00e9cessaire pour traiter les cargaisons sp\u00e9cifiques \u00e0 l&rsquo;industrie et sensibles au facteur temps.<\/p>\n                            <a href=\"https:\/\/fbexpress.com\/fr\/prestations-de-service\/temps-critique\/\"\n                                class=\"btn btn-primary\">Apprendre encore plus<\/a>                        <\/div>\n                        \n                    <\/div>\n                <\/div>\n                \n                <div class=\"tab full-width\">\n                    <div class=\"tab-content display-flex justify__space-between left\"\n                        data-id=\"4\">\n                                                <div class=\"image-holder display-flex align-center width-50\">\n                            <img decoding=\"async\" src=\"https:\/\/fbexpress.com\/wp-content\/uploads\/2022\/06\/WH-Fulfillment-Hero-2.jpg\" alt=\"\"\n                                class=\"object-fit__contain\" \/>\n                        <\/div>\n                                                <div class=\"content width-50\">\n                            <h4>Entreposage et gestion des commandes<\/h4>\n<p>&nbsp;<\/p>\n<p>Une infrastructure et une technologie \u00e9volutives pour accro\u00eetre les capacit\u00e9s des entreprises en mati\u00e8re de pr\u00e9l\u00e8vement, d&#8217;emballage et de traitement des commandes. R\u00e9alisez votre plan de croissance avec FB Canada Express comme partenaire.<\/p>\n                            <a href=\"https:\/\/fbexpress.com\/fr\/prestations-de-service\/entreposage-traitement-des-commandes\/\"\n                                class=\"btn btn-primary\">Apprendre encore plus<\/a>                        <\/div>\n                        \n                    <\/div>\n                <\/div>\n                            <\/div>\n        <\/div>\n    <\/div>\n<\/div>\n\n\n<div id=\"block_625f4274e9e7b\"\n    class=\"call-to-action block padding-top-60\">\n    <div class=\"wrapper align-center justify__end\">\n        <div\n            class=\"half-height-background bg-light-blue bottom\">\n        <\/div>\n        <div class=\"box-holder align-flex-end\" data-animation=\"fadeInUp\">\n            <div class=\"container\">\n                <div class=\"box bg-dark-blue white-text\">\n                    <h4>Pr\u00eat \u00e0 envoyer un package de test?<\/h4>                     <div class=\"button-container display-flex\">\n                                                <a class=\"btn btn-white\" href=\"https:\/\/fbexpress.com\/fr\/nous-contacter\/\"\n                            target=\"_self\">Entrer en contact<\/a>\n                                            <\/div>\n                <\/div>\n            <\/div>\n        <\/div>\n        <div class=\"image-container full-height\" data-animation=\"fadeInUp\">\n                        <img decoding=\"async\" src=\"https:\/\/fbexpress.com\/wp-content\/uploads\/2022\/06\/Vehicle-Vehicle-lettering-on-a-minivan-2021-RAM-Promaster-City-Passenger-for-the-wholesale-transporation-provider-FB-Canada-Express-4-1-scaled.jpeg\" alt=\"\" \/>\n            <img decoding=\"async\" src=\"https:\/\/fbexpress.com\/wp-content\/themes\/mm-fbc\/img\/red-flag.png\"\n                alt=\"red flag\" class=\"flag yes\">\n                    <\/div>\n    <\/div>\n\n<\/div>","protected":false},"excerpt":{"rendered":"","protected":false},"author":5,"featured_media":0,"parent":0,"menu_order":0,"comment_status":"closed","ping_status":"closed","template":"","meta":{"_acf_changed":false,"footnotes":""},"class_list":["post-2055","page","type-page","status-publish","hentry"],"acf":[],"yoast_head":"<!-- This site is optimized with the Yoast SEO plugin v27.4 - https:\/\/yoast.com\/product\/yoast-seo-wordpress\/ -->\n<title>Prestations de Service | FB Canada Express<\/title>\n<meta name=\"robots\" content=\"index, follow, max-snippet:-1, max-image-preview:large, max-video-preview:-1\" \/>\n<link rel=\"canonical\" href=\"https:\/\/fbexpress.com\/fr\/prestations-de-service\/\" \/>\n<meta property=\"og:locale\" content=\"fr_FR\" \/>\n<meta property=\"og:type\" content=\"article\" \/>\n<meta property=\"og:title\" content=\"Prestations de Service | FB Canada Express\" \/>\n<meta property=\"og:url\" content=\"https:\/\/fbexpress.com\/fr\/prestations-de-service\/\" \/>\n<meta property=\"og:site_name\" content=\"FB Canada Express\" \/>\n<meta property=\"article:modified_time\" content=\"2022-06-14T23:36:45+00:00\" \/>\n<meta name=\"twitter:card\" content=\"summary_large_image\" \/>\n<script type=\"application\/ld+json\" class=\"yoast-schema-graph\">{\"@context\":\"https:\\\/\\\/schema.org\",\"@graph\":[{\"@type\":\"WebPage\",\"@id\":\"https:\\\/\\\/fbexpress.com\\\/fr\\\/prestations-de-service\\\/\",\"url\":\"https:\\\/\\\/fbexpress.com\\\/fr\\\/prestations-de-service\\\/\",\"name\":\"Prestations de Service | FB Canada Express\",\"isPartOf\":{\"@id\":\"https:\\\/\\\/fbexpress.com\\\/#website\"},\"datePublished\":\"2022-04-06T19:39:41+00:00\",\"dateModified\":\"2022-06-14T23:36:45+00:00\",\"breadcrumb\":{\"@id\":\"https:\\\/\\\/fbexpress.com\\\/fr\\\/prestations-de-service\\\/#breadcrumb\"},\"inLanguage\":\"fr-FR\",\"potentialAction\":[{\"@type\":\"ReadAction\",\"target\":[\"https:\\\/\\\/fbexpress.com\\\/fr\\\/prestations-de-service\\\/\"]}]},{\"@type\":\"BreadcrumbList\",\"@id\":\"https:\\\/\\\/fbexpress.com\\\/fr\\\/prestations-de-service\\\/#breadcrumb\",\"itemListElement\":[{\"@type\":\"ListItem\",\"position\":1,\"name\":\"Home\",\"item\":\"https:\\\/\\\/fbexpress.com\\\/fr\\\/\"},{\"@type\":\"ListItem\",\"position\":2,\"name\":\"Prestations de Service\"}]},{\"@type\":\"WebSite\",\"@id\":\"https:\\\/\\\/fbexpress.com\\\/#website\",\"url\":\"https:\\\/\\\/fbexpress.com\\\/\",\"name\":\"FB Canada Express\",\"description\":\"At FB Canada Express, we attribute our success to one guiding principle: laser-focused commitment to excellence in express logistics to, from and within Canada.\",\"publisher\":{\"@id\":\"https:\\\/\\\/fbexpress.com\\\/#organization\"},\"potentialAction\":[{\"@type\":\"SearchAction\",\"target\":{\"@type\":\"EntryPoint\",\"urlTemplate\":\"https:\\\/\\\/fbexpress.com\\\/?s={search_term_string}\"},\"query-input\":{\"@type\":\"PropertyValueSpecification\",\"valueRequired\":true,\"valueName\":\"search_term_string\"}}],\"inLanguage\":\"fr-FR\"},{\"@type\":\"Organization\",\"@id\":\"https:\\\/\\\/fbexpress.com\\\/#organization\",\"name\":\"FB CANADA Express\",\"url\":\"https:\\\/\\\/fbexpress.com\\\/\",\"logo\":{\"@type\":\"ImageObject\",\"inLanguage\":\"fr-FR\",\"@id\":\"https:\\\/\\\/fbexpress.com\\\/#\\\/schema\\\/logo\\\/image\\\/\",\"url\":\"https:\\\/\\\/fbexpress.com\\\/wp-content\\\/uploads\\\/2022\\\/04\\\/white-logo.svg\",\"contentUrl\":\"https:\\\/\\\/fbexpress.com\\\/wp-content\\\/uploads\\\/2022\\\/04\\\/white-logo.svg\",\"width\":181,\"height\":41,\"caption\":\"FB CANADA Express\"},\"image\":{\"@id\":\"https:\\\/\\\/fbexpress.com\\\/#\\\/schema\\\/logo\\\/image\\\/\"}}]}<\/script>\n<!-- \/ Yoast SEO plugin. -->","yoast_head_json":{"title":"Prestations de Service | FB Canada Express","robots":{"index":"index","follow":"follow","max-snippet":"max-snippet:-1","max-image-preview":"max-image-preview:large","max-video-preview":"max-video-preview:-1"},"canonical":"https:\/\/fbexpress.com\/fr\/prestations-de-service\/","og_locale":"fr_FR","og_type":"article","og_title":"Prestations de Service | FB Canada Express","og_url":"https:\/\/fbexpress.com\/fr\/prestations-de-service\/","og_site_name":"FB Canada Express","article_modified_time":"2022-06-14T23:36:45+00:00","twitter_card":"summary_large_image","schema":{"@context":"https:\/\/schema.org","@graph":[{"@type":"WebPage","@id":"https:\/\/fbexpress.com\/fr\/prestations-de-service\/","url":"https:\/\/fbexpress.com\/fr\/prestations-de-service\/","name":"Prestations de Service | FB Canada Express","isPartOf":{"@id":"https:\/\/fbexpress.com\/#website"},"datePublished":"2022-04-06T19:39:41+00:00","dateModified":"2022-06-14T23:36:45+00:00","breadcrumb":{"@id":"https:\/\/fbexpress.com\/fr\/prestations-de-service\/#breadcrumb"},"inLanguage":"fr-FR","potentialAction":[{"@type":"ReadAction","target":["https:\/\/fbexpress.com\/fr\/prestations-de-service\/"]}]},{"@type":"BreadcrumbList","@id":"https:\/\/fbexpress.com\/fr\/prestations-de-service\/#breadcrumb","itemListElement":[{"@type":"ListItem","position":1,"name":"Home","item":"https:\/\/fbexpress.com\/fr\/"},{"@type":"ListItem","position":2,"name":"Prestations de Service"}]},{"@type":"WebSite","@id":"https:\/\/fbexpress.com\/#website","url":"https:\/\/fbexpress.com\/","name":"FB Canada Express","description":"At FB Canada Express, we attribute our success to one guiding principle: laser-focused commitment to excellence in express logistics to, from and within Canada.","publisher":{"@id":"https:\/\/fbexpress.com\/#organization"},"potentialAction":[{"@type":"SearchAction","target":{"@type":"EntryPoint","urlTemplate":"https:\/\/fbexpress.com\/?s={search_term_string}"},"query-input":{"@type":"PropertyValueSpecification","valueRequired":true,"valueName":"search_term_string"}}],"inLanguage":"fr-FR"},{"@type":"Organization","@id":"https:\/\/fbexpress.com\/#organization","name":"FB CANADA Express","url":"https:\/\/fbexpress.com\/","logo":{"@type":"ImageObject","inLanguage":"fr-FR","@id":"https:\/\/fbexpress.com\/#\/schema\/logo\/image\/","url":"https:\/\/fbexpress.com\/wp-content\/uploads\/2022\/04\/white-logo.svg","contentUrl":"https:\/\/fbexpress.com\/wp-content\/uploads\/2022\/04\/white-logo.svg","width":181,"height":41,"caption":"FB CANADA Express"},"image":{"@id":"https:\/\/fbexpress.com\/#\/schema\/logo\/image\/"}}]}},"_links":{"self":[{"href":"https:\/\/fbexpress.com\/fr\/wp-json\/wp\/v2\/pages\/2055","targetHints":{"allow":["GET"]}}],"collection":[{"href":"https:\/\/fbexpress.com\/fr\/wp-json\/wp\/v2\/pages"}],"about":[{"href":"https:\/\/fbexpress.com\/fr\/wp-json\/wp\/v2\/types\/page"}],"author":[{"embeddable":true,"href":"https:\/\/fbexpress.com\/fr\/wp-json\/wp\/v2\/users\/5"}],"replies":[{"embeddable":true,"href":"https:\/\/fbexpress.com\/fr\/wp-json\/wp\/v2\/comments?post=2055"}],"version-history":[{"count":0,"href":"https:\/\/fbexpress.com\/fr\/wp-json\/wp\/v2\/pages\/2055\/revisions"}],"wp:attachment":[{"href":"https:\/\/fbexpress.com\/fr\/wp-json\/wp\/v2\/media?parent=2055"}],"curies":[{"name":"wp","href":"https:\/\/api.w.org\/{rel}","templated":true}]}}